{"id":1525,"date":"2021-10-18T05:42:07","date_gmt":"2021-10-18T05:42:07","guid":{"rendered":"https:\/\/eyrsecurity.com\/?post_type=product&#038;p=1525"},"modified":"2021-10-24T06:44:55","modified_gmt":"2021-10-24T06:44:55","slug":"bota-nitro-metatarsal-segusa","status":"publish","type":"product","link":"https:\/\/eyrsecurity.com\/?product=bota-nitro-metatarsal-segusa","title":{"rendered":"BOTA NITRO METATARSAL SEGUSA"},"content":{"rendered":"<h4>Caracter\u00edsticas<\/h4>\n<ul>\n<li>Altura:39cm<\/li>\n<li>Color:negro<\/li>\n<li>Forro:dral\u00f3n t\u00e9rmico azul.<\/li>\n<li>Incorporado:protecci\u00f3n metatarsal, incorporado composite, incorporado impermeable<\/li>\n<li>Opcionales: antiperforaci\u00f3n<\/li>\n<\/ul>\n","protected":false},"excerpt":{"rendered":"<p>Bota de goma vulcanizado por compresi\u00f3n. Refuerzos progresivos en punta, tal\u00f3n y tobillos. Para trabajos con exposici\u00f3n al riesgo mec\u00e1nico que pueda originar accidente por ca\u00edda de objetos sobre metatarso.<\/p>\n<p>Opcional: plantilla resistente a la penetraci\u00f3n 1100 newtons<\/p>\n","protected":false},"featured_media":2225,"comment_status":"open","ping_status":"closed","template":"","meta":{"site-sidebar-layout":"default","site-content-layout":"default","ast-main-header-display":"","ast-hfb-above-header-display":"","ast-hfb-below-header-display":"","ast-hfb-mobile-header-display":"","site-post-title":"","ast-breadcrumbs-content":"","ast-featured-img":"","footer-sml-layout":"","theme-transparent-header-meta":"default","adv-header-id-meta":"","stick-header-meta":"","header-above-stick-meta":"","header-main-stick-meta":"","header-below-stick-meta":""},"product_brand":[],"product_cat":[27],"product_tag":[],"class_list":{"0":"post-1525","1":"product","2":"type-product","3":"status-publish","4":"has-post-thumbnail","6":"product_cat-proteccion-a-los-pies","8":"first","9":"instock","10":"shipping-taxable","11":"product-type-simple"},"_links":{"self":[{"href":"https:\/\/eyrsecurity.com\/index.php?rest_route=\/wp\/v2\/product\/1525","targetHints":{"allow":["GET"]}}],"collection":[{"href":"https:\/\/eyrsecurity.com\/index.php?rest_route=\/wp\/v2\/product"}],"about":[{"href":"https:\/\/eyrsecurity.com\/index.php?rest_route=\/wp\/v2\/types\/product"}],"replies":[{"embeddable":true,"href":"https:\/\/eyrsecurity.com\/index.php?rest_route=%2Fwp%2Fv2%2Fcomments&post=1525"}],"wp:featuredmedia":[{"embeddable":true,"href":"https:\/\/eyrsecurity.com\/index.php?rest_route=\/wp\/v2\/media\/2225"}],"wp:attachment":[{"href":"https:\/\/eyrsecurity.com\/index.php?rest_route=%2Fwp%2Fv2%2Fmedia&parent=1525"}],"wp:term":[{"taxonomy":"product_brand","embeddable":true,"href":"https:\/\/eyrsecurity.com\/index.php?rest_route=%2Fwp%2Fv2%2Fproduct_brand&post=1525"},{"taxonomy":"product_cat","embeddable":true,"href":"https:\/\/eyrsecurity.com\/index.php?rest_route=%2Fwp%2Fv2%2Fproduct_cat&post=1525"},{"taxonomy":"product_tag","embeddable":true,"href":"https:\/\/eyrsecurity.com\/index.php?rest_route=%2Fwp%2Fv2%2Fproduct_tag&post=1525"}],"curies":[{"name":"wp","href":"https:\/\/api.w.org\/{rel}","templated":true}]}}