{"id":1524,"date":"2021-10-18T05:42:07","date_gmt":"2021-10-18T05:42:07","guid":{"rendered":"https:\/\/eyrsecurity.com\/?post_type=product&#038;p=1524"},"modified":"2021-10-24T06:53:29","modified_gmt":"2021-10-24T06:53:29","slug":"bota-punta-de-acero-industrial-segusa","status":"publish","type":"product","link":"https:\/\/eyrsecurity.com\/?product=bota-punta-de-acero-industrial-segusa","title":{"rendered":"BOTA PUNTA DE ACERO INDUSTRIAL SEGUSA"},"content":{"rendered":"<h4>Caracter\u00edsticas<\/h4>\n<ul>\n<li>Altura:35 cm.<\/li>\n<li>Color:negro &#8211; amarillo \/ negro &#8211; negro<\/li>\n<li>Forro:poli\u00e9ster<\/li>\n<li>Incorporado:impermeable, antideslizante. \u00cdntegramente reforzada, resistente a \u00e1cidos<\/li>\n<li>Proceso:inyecci\u00f3n de pvc.<\/li>\n<li>Talla:36 a 45<\/li>\n<li>Material:pvc<\/li>\n<li>Uso:en \u00e1reas de trabajo h\u00famedas, construcci\u00f3n, jardiner\u00eda y lavaderos.<\/li>\n<\/ul>\n","protected":false},"excerpt":{"rendered":"<p>Caracter\u00edsticas Altura:35 cm. Color:negro &#8211; amarillo \/ negro &#8211; negro Forro:poli\u00e9ster Incorporado:impermeable, antideslizante. \u00cdntegramente reforzada, resistente a \u00e1cidos Proceso:inyecci\u00f3n de pvc. Talla:36 a 45 Material:pvc Uso:en \u00e1reas de trabajo h\u00famedas, construcci\u00f3n, jardiner\u00eda y lavaderos.<\/p>\n","protected":false},"featured_media":2208,"comment_status":"open","ping_status":"closed","template":"","meta":{"site-sidebar-layout":"default","site-content-layout":"default","ast-main-header-display":"","ast-hfb-above-header-display":"","ast-hfb-below-header-display":"","ast-hfb-mobile-header-display":"","site-post-title":"","ast-breadcrumbs-content":"","ast-featured-img":"","footer-sml-layout":"","theme-transparent-header-meta":"default","adv-header-id-meta":"","stick-header-meta":"","header-above-stick-meta":"","header-main-stick-meta":"","header-below-stick-meta":""},"product_brand":[],"product_cat":[27],"product_tag":[],"class_list":{"0":"post-1524","1":"product","2":"type-product","3":"status-publish","4":"has-post-thumbnail","6":"product_cat-proteccion-a-los-pies","8":"first","9":"instock","10":"shipping-taxable","11":"product-type-simple"},"_links":{"self":[{"href":"https:\/\/eyrsecurity.com\/index.php?rest_route=\/wp\/v2\/product\/1524","targetHints":{"allow":["GET"]}}],"collection":[{"href":"https:\/\/eyrsecurity.com\/index.php?rest_route=\/wp\/v2\/product"}],"about":[{"href":"https:\/\/eyrsecurity.com\/index.php?rest_route=\/wp\/v2\/types\/product"}],"replies":[{"embeddable":true,"href":"https:\/\/eyrsecurity.com\/index.php?rest_route=%2Fwp%2Fv2%2Fcomments&post=1524"}],"wp:featuredmedia":[{"embeddable":true,"href":"https:\/\/eyrsecurity.com\/index.php?rest_route=\/wp\/v2\/media\/2208"}],"wp:attachment":[{"href":"https:\/\/eyrsecurity.com\/index.php?rest_route=%2Fwp%2Fv2%2Fmedia&parent=1524"}],"wp:term":[{"taxonomy":"product_brand","embeddable":true,"href":"https:\/\/eyrsecurity.com\/index.php?rest_route=%2Fwp%2Fv2%2Fproduct_brand&post=1524"},{"taxonomy":"product_cat","embeddable":true,"href":"https:\/\/eyrsecurity.com\/index.php?rest_route=%2Fwp%2Fv2%2Fproduct_cat&post=1524"},{"taxonomy":"product_tag","embeddable":true,"href":"https:\/\/eyrsecurity.com\/index.php?rest_route=%2Fwp%2Fv2%2Fproduct_tag&post=1524"}],"curies":[{"name":"wp","href":"https:\/\/api.w.org\/{rel}","templated":true}]}}