{"id":1523,"date":"2021-10-18T05:42:07","date_gmt":"2021-10-18T05:42:07","guid":{"rendered":"https:\/\/eyrsecurity.com\/?post_type=product&#038;p=1523"},"modified":"2021-10-24T06:51:14","modified_gmt":"2021-10-24T06:51:14","slug":"bota-selva-blanca","status":"publish","type":"product","link":"https:\/\/eyrsecurity.com\/?product=bota-selva-blanca","title":{"rendered":"BOTA SELVA BLANCA"},"content":{"rendered":"<h4>Caracter\u00edsticas<\/h4>\n<ul>\n<li>Altura: 35 cm.<\/li>\n<li>Color:\u00a0Blanca<\/li>\n<li>Forro:\u00a0Poli\u00e9ster<\/li>\n<li>Incorporado:\u00a0Impermeable, peso ligero, planta antideslizante.<\/li>\n<li>Proceso:\u00a0Inyecci\u00f3n de pvc<\/li>\n<li>Tallas: 38 a 44<\/li>\n<li>Uso:\u00a0En \u00e1reas de trabajo h\u00famedas, construcci\u00f3n, jardiner\u00eda y lavaderos.<\/li>\n<\/ul>\n","protected":false},"excerpt":{"rendered":"<p>Caracter\u00edsticas Altura: 35 cm. Color:\u00a0Blanca Forro:\u00a0Poli\u00e9ster Incorporado:\u00a0Impermeable, peso ligero, planta antideslizante. Proceso:\u00a0Inyecci\u00f3n de pvc Tallas: 38 a 44 Uso:\u00a0En \u00e1reas de trabajo h\u00famedas, construcci\u00f3n, jardiner\u00eda y lavaderos.<\/p>\n","protected":false},"featured_media":2226,"comment_status":"open","ping_status":"closed","template":"","meta":{"site-sidebar-layout":"default","site-content-layout":"default","ast-main-header-display":"","ast-hfb-above-header-display":"","ast-hfb-below-header-display":"","ast-hfb-mobile-header-display":"","site-post-title":"","ast-breadcrumbs-content":"","ast-featured-img":"","footer-sml-layout":"","theme-transparent-header-meta":"default","adv-header-id-meta":"","stick-header-meta":"","header-above-stick-meta":"","header-main-stick-meta":"","header-below-stick-meta":""},"product_brand":[],"product_cat":[27],"product_tag":[],"class_list":{"0":"post-1523","1":"product","2":"type-product","3":"status-publish","4":"has-post-thumbnail","6":"product_cat-proteccion-a-los-pies","8":"first","9":"instock","10":"shipping-taxable","11":"product-type-simple"},"_links":{"self":[{"href":"https:\/\/eyrsecurity.com\/index.php?rest_route=\/wp\/v2\/product\/1523","targetHints":{"allow":["GET"]}}],"collection":[{"href":"https:\/\/eyrsecurity.com\/index.php?rest_route=\/wp\/v2\/product"}],"about":[{"href":"https:\/\/eyrsecurity.com\/index.php?rest_route=\/wp\/v2\/types\/product"}],"replies":[{"embeddable":true,"href":"https:\/\/eyrsecurity.com\/index.php?rest_route=%2Fwp%2Fv2%2Fcomments&post=1523"}],"wp:featuredmedia":[{"embeddable":true,"href":"https:\/\/eyrsecurity.com\/index.php?rest_route=\/wp\/v2\/media\/2226"}],"wp:attachment":[{"href":"https:\/\/eyrsecurity.com\/index.php?rest_route=%2Fwp%2Fv2%2Fmedia&parent=1523"}],"wp:term":[{"taxonomy":"product_brand","embeddable":true,"href":"https:\/\/eyrsecurity.com\/index.php?rest_route=%2Fwp%2Fv2%2Fproduct_brand&post=1523"},{"taxonomy":"product_cat","embeddable":true,"href":"https:\/\/eyrsecurity.com\/index.php?rest_route=%2Fwp%2Fv2%2Fproduct_cat&post=1523"},{"taxonomy":"product_tag","embeddable":true,"href":"https:\/\/eyrsecurity.com\/index.php?rest_route=%2Fwp%2Fv2%2Fproduct_tag&post=1523"}],"curies":[{"name":"wp","href":"https:\/\/api.w.org\/{rel}","templated":true}]}}