{"id":1522,"date":"2021-10-18T05:42:07","date_gmt":"2021-10-18T05:42:07","guid":{"rendered":"https:\/\/eyrsecurity.com\/?post_type=product&#038;p=1522"},"modified":"2021-10-24T06:54:40","modified_gmt":"2021-10-24T06:54:40","slug":"zapato-dielectrico-nacional","status":"publish","type":"product","link":"https:\/\/eyrsecurity.com\/?product=zapato-dielectrico-nacional","title":{"rendered":"ZAPATO DIEL\u00c9CTRICO NACIONAL"},"content":{"rendered":"<h4>Caracter\u00edsticas<\/h4>\n<ul>\n<li>Altura:15 cm.<\/li>\n<li>Color:negro<\/li>\n<li>Forro:cambrelle, badana<\/li>\n<li>Talla:38 a 48<\/li>\n<li>Material:cuero vacuno hidrofugado.<\/li>\n<li>Planta:diel\u00e9ctrica crep\u00e9<\/li>\n<\/ul>\n","protected":false},"excerpt":{"rendered":"<p>Planta antideslizante y puntera composite. caracter\u00edsticas: planta antideslizante y puntera composite. uso: destinado para \u00e1reas de riesgo de contactoel\u00e9ctrico, con resistencia superior a 14 kv.<\/p>\n","protected":false},"featured_media":2207,"comment_status":"open","ping_status":"closed","template":"","meta":{"site-sidebar-layout":"default","site-content-layout":"default","ast-main-header-display":"","ast-hfb-above-header-display":"","ast-hfb-below-header-display":"","ast-hfb-mobile-header-display":"","site-post-title":"","ast-breadcrumbs-content":"","ast-featured-img":"","footer-sml-layout":"","theme-transparent-header-meta":"default","adv-header-id-meta":"","stick-header-meta":"","header-above-stick-meta":"","header-main-stick-meta":"","header-below-stick-meta":""},"product_brand":[],"product_cat":[27],"product_tag":[],"class_list":{"0":"post-1522","1":"product","2":"type-product","3":"status-publish","4":"has-post-thumbnail","6":"product_cat-proteccion-a-los-pies","8":"first","9":"instock","10":"shipping-taxable","11":"product-type-simple"},"_links":{"self":[{"href":"https:\/\/eyrsecurity.com\/index.php?rest_route=\/wp\/v2\/product\/1522","targetHints":{"allow":["GET"]}}],"collection":[{"href":"https:\/\/eyrsecurity.com\/index.php?rest_route=\/wp\/v2\/product"}],"about":[{"href":"https:\/\/eyrsecurity.com\/index.php?rest_route=\/wp\/v2\/types\/product"}],"replies":[{"embeddable":true,"href":"https:\/\/eyrsecurity.com\/index.php?rest_route=%2Fwp%2Fv2%2Fcomments&post=1522"}],"wp:featuredmedia":[{"embeddable":true,"href":"https:\/\/eyrsecurity.com\/index.php?rest_route=\/wp\/v2\/media\/2207"}],"wp:attachment":[{"href":"https:\/\/eyrsecurity.com\/index.php?rest_route=%2Fwp%2Fv2%2Fmedia&parent=1522"}],"wp:term":[{"taxonomy":"product_brand","embeddable":true,"href":"https:\/\/eyrsecurity.com\/index.php?rest_route=%2Fwp%2Fv2%2Fproduct_brand&post=1522"},{"taxonomy":"product_cat","embeddable":true,"href":"https:\/\/eyrsecurity.com\/index.php?rest_route=%2Fwp%2Fv2%2Fproduct_cat&post=1522"},{"taxonomy":"product_tag","embeddable":true,"href":"https:\/\/eyrsecurity.com\/index.php?rest_route=%2Fwp%2Fv2%2Fproduct_tag&post=1522"}],"curies":[{"name":"wp","href":"https:\/\/api.w.org\/{rel}","templated":true}]}}