{"id":1521,"date":"2021-10-18T05:42:07","date_gmt":"2021-10-18T05:42:07","guid":{"rendered":"https:\/\/eyrsecurity.com\/?post_type=product&#038;p=1521"},"modified":"2021-10-24T06:49:02","modified_gmt":"2021-10-24T06:49:02","slug":"botin-bata-trust-fg","status":"publish","type":"product","link":"https:\/\/eyrsecurity.com\/?product=botin-bata-trust-fg","title":{"rendered":"BOTIN BATA TRUST FG"},"content":{"rendered":"<ul>\n<li>Color: Caf\u00e9 Moro<\/li>\n<li>Construcci\u00f3n: D.I.P. (Direct Inject Process).<\/li>\n<li>Capellada: Cuero Floater, espesor 1,8 mm. a 2 m.m.<\/li>\n<li>Forro Punta: Descarne de cuero, curtido al cromo, espesor 1,3 rmm<\/li>\n<li>Forro tal\u00f3n: Descarne de cuero, curtido al cromo, espesor 1,3 mm<\/li>\n<li>Cuello: Cuero pigskin flor.<\/li>\n<li>Aislante T\u00e9rmico: Aislante t\u00e9rmico Thinsulate MR que permite mantener la temperatura ideal del pie en bajas temperaturas (-20\u00b0)<\/li>\n<li>Plantilla de Armar: Non Woven resinado de alta flexibilidad.<\/li>\n<li>Plantilla Interior: Technical insole, plantilla de PU con arco de soporte y silicon pad.<\/li>\n<li>Contrafuerte: Termopl\u00e1stico de 1,5 mm de espesor.<\/li>\n<li>Cambrill\u00f3n: 1,2 mm. de espesor, 2 nervios, dureza 34 Rockwell C<\/li>\n<li>Hilo: Nylon de alta resistencia de 3 cabos<\/li>\n<li>Pasacordones: Nylon de alta resistencia.<\/li>\n<li>Cordones: Nylon o Poli\u00e9ster, redondo con alma de Poli\u00e9ster.<\/li>\n<li>Puntera de Seguridad: Composite, modelo redondo resistente al impacto de 200 Joule. Cumple con norma ISO EN 20345<\/li>\n<li>Plantilla de Seguridad:\u00a0 Textil tipo aramida de alta flexibilidad. Resistencia a la perforaci\u00f3n de 1.100 N. Cumple con norma EN ISO 20345-11<\/li>\n<li>Entresuela: Poliuretano de baja densidad (0,45 cm3), de alta resistencia y armortiguaci\u00f3n, buen aislamiento t\u00e9rmico.<\/li>\n<li>Planta: Caucho, de alta resistencia a los hidrocarburos y sus derivados, \u00e1cidos \u00e1lcalis y agentes qu\u00edmicos. Bajo indice de desgaste. Excelente flexibilidad. Dise\u00f1o de planta ANTI SLIP SOLE con grabados profundos para un mayor agarre en terrenos disparejos y sistema TUNEL SYSTEM para una mayor absorci\u00f3n de impacto Aislante el\u00e9ctrico, curmple requisitos de norma ASTM 2413-11 (Testeado seg\u00fan ASTM 2412-11 18.000 V. durante 60 segundos corriente de fuga 1,0 mA.)<\/li>\n<li>Calce: Tipo EEE+, altura de ernpeine extra.<\/li>\n<li>Tallas: 36-47.<\/li>\n<\/ul>\n","protected":false},"excerpt":{"rendered":"<p>Calzado de seguridad fabricado en cuero de elevadas propiedades f\u00edsicas (Tracci\u00f3n-Desgarro), entresuela de PU de baja densidad y alta resistencia, ultra liviano. Planta de caucho resistente a hidrocarburos y sus derivados, inyectado directo. Aislante el\u00e9ctrico seg\u00fan norma ASTM 2413-11<\/p>\n","protected":false},"featured_media":2223,"comment_status":"open","ping_status":"closed","template":"","meta":{"site-sidebar-layout":"default","site-content-layout":"default","ast-main-header-display":"","ast-hfb-above-header-display":"","ast-hfb-below-header-display":"","ast-hfb-mobile-header-display":"","site-post-title":"","ast-breadcrumbs-content":"","ast-featured-img":"","footer-sml-layout":"","theme-transparent-header-meta":"default","adv-header-id-meta":"","stick-header-meta":"","header-above-stick-meta":"","header-main-stick-meta":"","header-below-stick-meta":""},"product_brand":[],"product_cat":[27],"product_tag":[],"class_list":{"0":"post-1521","1":"product","2":"type-product","3":"status-publish","4":"has-post-thumbnail","6":"product_cat-proteccion-a-los-pies","8":"first","9":"instock","10":"shipping-taxable","11":"product-type-simple"},"_links":{"self":[{"href":"https:\/\/eyrsecurity.com\/index.php?rest_route=\/wp\/v2\/product\/1521","targetHints":{"allow":["GET"]}}],"collection":[{"href":"https:\/\/eyrsecurity.com\/index.php?rest_route=\/wp\/v2\/product"}],"about":[{"href":"https:\/\/eyrsecurity.com\/index.php?rest_route=\/wp\/v2\/types\/product"}],"replies":[{"embeddable":true,"href":"https:\/\/eyrsecurity.com\/index.php?rest_route=%2Fwp%2Fv2%2Fcomments&post=1521"}],"wp:featuredmedia":[{"embeddable":true,"href":"https:\/\/eyrsecurity.com\/index.php?rest_route=\/wp\/v2\/media\/2223"}],"wp:attachment":[{"href":"https:\/\/eyrsecurity.com\/index.php?rest_route=%2Fwp%2Fv2%2Fmedia&parent=1521"}],"wp:term":[{"taxonomy":"product_brand","embeddable":true,"href":"https:\/\/eyrsecurity.com\/index.php?rest_route=%2Fwp%2Fv2%2Fproduct_brand&post=1521"},{"taxonomy":"product_cat","embeddable":true,"href":"https:\/\/eyrsecurity.com\/index.php?rest_route=%2Fwp%2Fv2%2Fproduct_cat&post=1521"},{"taxonomy":"product_tag","embeddable":true,"href":"https:\/\/eyrsecurity.com\/index.php?rest_route=%2Fwp%2Fv2%2Fproduct_tag&post=1521"}],"curies":[{"name":"wp","href":"https:\/\/api.w.org\/{rel}","templated":true}]}}