{"id":1515,"date":"2021-10-18T05:42:07","date_gmt":"2021-10-18T05:42:07","guid":{"rendered":"https:\/\/eyrsecurity.com\/?post_type=product&#038;p=1515"},"modified":"2021-10-24T07:04:04","modified_gmt":"2021-10-24T07:04:04","slug":"calzado-rimini-delta-plus","status":"publish","type":"product","link":"https:\/\/eyrsecurity.com\/?product=calzado-rimini-delta-plus","title":{"rendered":"CALZADO RIMINI DELTA PLUS"},"content":{"rendered":"<p>Calzado bajo tipo tenis S1P, serie Light Walkers.<br \/>\nCa\u00f1a : Piel serraje afelpado y n\u00edlon estilo mesh (malla calada)<br \/>\nPlantilla interior Fija: poliamida sobre EVA<br \/>\nSuela : Poliamida.<br \/>\nSuela exterior : inyectada, poliuretano doble densidad.<br \/>\nSuela resistente a la perforaci\u00f3n y puntera de protecci\u00f3n : Acero inoxidable.<\/p>\n<p>Tallas:<br \/>\n36 \u2013 45<br \/>\n<a href=\"https:\/\/www.youtube.com\/watch?v=UdPP7vS1R-4\">https:\/\/www.youtube.com\/watch?v=UdPP7vS1R-4<\/a><\/p>\n<p>&nbsp;<\/p>\n","protected":false},"excerpt":{"rendered":"<p>Gran flexibilidad: suela PU bi-densidad inyectada. Puntera resistente a los golpes y aplastamiento (200 J). Tal\u00f3n con absorci\u00f3n de energ\u00eda. Suela resistente a la perforaci\u00f3n. Suela con tacos.<\/p>\n<p>Zapatos de seguridad para uso general, para utilizaci\u00f3n en suelos del tipo industrial lisos y grasos, para usos en interior o en exterior, para riesgos intermedios presentando una suela resistente a la perforaci\u00f3n y un puntera de protecci\u00f3n contra los golpes equivalentes a 200 Julios y contra un aplastamiento bajo una carga m\u00e1xima de 15 kN. (S1P*: zapatos de seguridad con parte trasera cerrada, antiest\u00e1ticos, tal\u00f3n con absorci\u00f3n de energ\u00eda, suela resistente a la perforaci\u00f3n).<\/p>\n","protected":false},"featured_media":2247,"comment_status":"open","ping_status":"closed","template":"","meta":{"site-sidebar-layout":"default","site-content-layout":"default","ast-main-header-display":"","ast-hfb-above-header-display":"","ast-hfb-below-header-display":"","ast-hfb-mobile-header-display":"","site-post-title":"","ast-breadcrumbs-content":"","ast-featured-img":"","footer-sml-layout":"","theme-transparent-header-meta":"default","adv-header-id-meta":"","stick-header-meta":"","header-above-stick-meta":"","header-main-stick-meta":"","header-below-stick-meta":""},"product_brand":[],"product_cat":[27],"product_tag":[],"class_list":{"0":"post-1515","1":"product","2":"type-product","3":"status-publish","4":"has-post-thumbnail","6":"product_cat-proteccion-a-los-pies","8":"first","9":"instock","10":"shipping-taxable","11":"product-type-simple"},"_links":{"self":[{"href":"https:\/\/eyrsecurity.com\/index.php?rest_route=\/wp\/v2\/product\/1515","targetHints":{"allow":["GET"]}}],"collection":[{"href":"https:\/\/eyrsecurity.com\/index.php?rest_route=\/wp\/v2\/product"}],"about":[{"href":"https:\/\/eyrsecurity.com\/index.php?rest_route=\/wp\/v2\/types\/product"}],"replies":[{"embeddable":true,"href":"https:\/\/eyrsecurity.com\/index.php?rest_route=%2Fwp%2Fv2%2Fcomments&post=1515"}],"wp:featuredmedia":[{"embeddable":true,"href":"https:\/\/eyrsecurity.com\/index.php?rest_route=\/wp\/v2\/media\/2247"}],"wp:attachment":[{"href":"https:\/\/eyrsecurity.com\/index.php?rest_route=%2Fwp%2Fv2%2Fmedia&parent=1515"}],"wp:term":[{"taxonomy":"product_brand","embeddable":true,"href":"https:\/\/eyrsecurity.com\/index.php?rest_route=%2Fwp%2Fv2%2Fproduct_brand&post=1515"},{"taxonomy":"product_cat","embeddable":true,"href":"https:\/\/eyrsecurity.com\/index.php?rest_route=%2Fwp%2Fv2%2Fproduct_cat&post=1515"},{"taxonomy":"product_tag","embeddable":true,"href":"https:\/\/eyrsecurity.com\/index.php?rest_route=%2Fwp%2Fv2%2Fproduct_tag&post=1515"}],"curies":[{"name":"wp","href":"https:\/\/api.w.org\/{rel}","templated":true}]}}