{"id":1514,"date":"2021-10-18T05:42:07","date_gmt":"2021-10-18T05:42:07","guid":{"rendered":"https:\/\/eyrsecurity.com\/?post_type=product&#038;p=1514"},"modified":"2021-10-24T07:03:04","modified_gmt":"2021-10-24T07:03:04","slug":"botin-best-boy-safety-jogger","status":"publish","type":"product","link":"https:\/\/eyrsecurity.com\/?product=botin-best-boy-safety-jogger","title":{"rendered":"BOTIN BEST BOY SAFETY JOGGER"},"content":{"rendered":"<p>Bot\u00edn elaborado en cuero crup\u00f3n (b\u00fafalo).<br \/>\nConstrucci\u00f3n inyecci\u00f3n directa de poliuretano.<br \/>\nCategor\u00eda S3.<br \/>\nPuntera de acero.<br \/>\nPlantilla de acero.<br \/>\nImpacto en la punta 200 joules.<br \/>\nImpacto de anti-perforaci\u00f3n 1100N.<br \/>\nPlanta inyectada PU Bi-densidad.<br \/>\nForro Cambrella.<br \/>\nUsado en todo tipo de industria ya sea interior o<br \/>\nexterior.<br \/>\nAntiest\u00e1tico.<br \/>\nAntideslizante.<br \/>\nRepelente al agua.<br \/>\nDisponible en tallas: 36-45<\/p>\n","protected":false},"excerpt":{"rendered":"<p>Calzado de uso profesional, que ha sido creado como una eficaz herramienta para proteger, de forma adecuada al trabajador de riesgos que efectuan las extremidades inferiores y en particular los pies.<\/p>\n","protected":false},"featured_media":2230,"comment_status":"open","ping_status":"closed","template":"","meta":{"site-sidebar-layout":"default","site-content-layout":"default","ast-main-header-display":"","ast-hfb-above-header-display":"","ast-hfb-below-header-display":"","ast-hfb-mobile-header-display":"","site-post-title":"","ast-breadcrumbs-content":"","ast-featured-img":"","footer-sml-layout":"","theme-transparent-header-meta":"default","adv-header-id-meta":"","stick-header-meta":"","header-above-stick-meta":"","header-main-stick-meta":"","header-below-stick-meta":""},"product_brand":[],"product_cat":[27],"product_tag":[],"class_list":{"0":"post-1514","1":"product","2":"type-product","3":"status-publish","4":"has-post-thumbnail","6":"product_cat-proteccion-a-los-pies","8":"first","9":"instock","10":"shipping-taxable","11":"product-type-simple"},"_links":{"self":[{"href":"https:\/\/eyrsecurity.com\/index.php?rest_route=\/wp\/v2\/product\/1514","targetHints":{"allow":["GET"]}}],"collection":[{"href":"https:\/\/eyrsecurity.com\/index.php?rest_route=\/wp\/v2\/product"}],"about":[{"href":"https:\/\/eyrsecurity.com\/index.php?rest_route=\/wp\/v2\/types\/product"}],"replies":[{"embeddable":true,"href":"https:\/\/eyrsecurity.com\/index.php?rest_route=%2Fwp%2Fv2%2Fcomments&post=1514"}],"wp:featuredmedia":[{"embeddable":true,"href":"https:\/\/eyrsecurity.com\/index.php?rest_route=\/wp\/v2\/media\/2230"}],"wp:attachment":[{"href":"https:\/\/eyrsecurity.com\/index.php?rest_route=%2Fwp%2Fv2%2Fmedia&parent=1514"}],"wp:term":[{"taxonomy":"product_brand","embeddable":true,"href":"https:\/\/eyrsecurity.com\/index.php?rest_route=%2Fwp%2Fv2%2Fproduct_brand&post=1514"},{"taxonomy":"product_cat","embeddable":true,"href":"https:\/\/eyrsecurity.com\/index.php?rest_route=%2Fwp%2Fv2%2Fproduct_cat&post=1514"},{"taxonomy":"product_tag","embeddable":true,"href":"https:\/\/eyrsecurity.com\/index.php?rest_route=%2Fwp%2Fv2%2Fproduct_tag&post=1514"}],"curies":[{"name":"wp","href":"https:\/\/api.w.org\/{rel}","templated":true}]}}