{"id":1513,"date":"2021-10-18T05:42:07","date_gmt":"2021-10-18T05:42:07","guid":{"rendered":"https:\/\/eyrsecurity.com\/?post_type=product&#038;p=1513"},"modified":"2021-10-24T06:45:43","modified_gmt":"2021-10-24T06:45:43","slug":"botin-titan-st-clute","status":"publish","type":"product","link":"https:\/\/eyrsecurity.com\/?product=botin-titan-st-clute","title":{"rendered":"BOTIN TITAN ST CLUTE"},"content":{"rendered":"<p>Suela de caucho resitente a los aceites, por el dise\u00f1o de la huella proporciona mayor tracci\u00f3n, durabilidad ante el desgaste.<br \/>\nEspuma de EVA de alta densidad; Brinda un soporte suave, absorbe el stress y la tensi\u00f3n.<br \/>\nRevestimiento textil absorbe la transpiraci\u00f3n del pie combatiendo el mal olor del pie y moho.<br \/>\nForro material cambrella acolchado para proteger contra rozaduras.<br \/>\nPuntera de acero resistente a la corrosi\u00f3n, recubierta de una puntera termost\u00e1tica que brinda protecci\u00f3n al pie sin peso alguno. Soporta 200 Joules de fuerza sobre la puntera.<br \/>\nPresenta una barra de acero en el tal\u00f3n para trabajos pesados a nivel industrial.<br \/>\nCalzado diel\u00e9ctrico soporta hasta 14 Kv.<\/p>\n<h4>Caracter\u00edsticas<\/h4>\n<p>Material: Cuero Nubuck color mostaza.<br \/>\nSuela: Caucho.<br \/>\nForro: Cambrella.<br \/>\nPuntera: Acero y recubierta de una puntera termopl\u00e1stica.<br \/>\nRevestimiento textil: Anti transpiraci\u00f3n.<br \/>\nEspuma: EVA<br \/>\nOjalillo: Antioxidantes, con ganchos para un arastre de lazado.<br \/>\nCategor\u00eda: ST<br \/>\nTallas disponibles:\u00a0 36 al45<br \/>\nColores disponible: Mostaza y marr\u00f3n<\/p>\n","protected":false},"excerpt":{"rendered":"<p>Calzado de uso profesional, que ha sido creado como una eficaz herramienta para proteger, de forma adecuada al trabajador de riesgos que efectuan las extremidades inferiores y en particular los pies.<br \/>\nEl calzado de seguridad marca CLUTE, modelo Tit\u00e1n es fabricado a partir de cuero Nubuck de la m\u00e1s alta calidad, resistente al desgaste.<br \/>\nSistema de construcci\u00f3n Good Year Welt, es el tipo de construcci\u00f3n m\u00e1s fuerte que existe con verdadero hilo de algod\u00f3n tratado.<\/p>\n","protected":false},"featured_media":2240,"comment_status":"open","ping_status":"closed","template":"","meta":{"site-sidebar-layout":"default","site-content-layout":"default","ast-main-header-display":"","ast-hfb-above-header-display":"","ast-hfb-below-header-display":"","ast-hfb-mobile-header-display":"","site-post-title":"","ast-breadcrumbs-content":"","ast-featured-img":"","footer-sml-layout":"","theme-transparent-header-meta":"default","adv-header-id-meta":"","stick-header-meta":"","header-above-stick-meta":"","header-main-stick-meta":"","header-below-stick-meta":""},"product_brand":[],"product_cat":[27],"product_tag":[],"class_list":{"0":"post-1513","1":"product","2":"type-product","3":"status-publish","4":"has-post-thumbnail","6":"product_cat-proteccion-a-los-pies","8":"first","9":"instock","10":"shipping-taxable","11":"product-type-simple"},"_links":{"self":[{"href":"https:\/\/eyrsecurity.com\/index.php?rest_route=\/wp\/v2\/product\/1513","targetHints":{"allow":["GET"]}}],"collection":[{"href":"https:\/\/eyrsecurity.com\/index.php?rest_route=\/wp\/v2\/product"}],"about":[{"href":"https:\/\/eyrsecurity.com\/index.php?rest_route=\/wp\/v2\/types\/product"}],"replies":[{"embeddable":true,"href":"https:\/\/eyrsecurity.com\/index.php?rest_route=%2Fwp%2Fv2%2Fcomments&post=1513"}],"wp:featuredmedia":[{"embeddable":true,"href":"https:\/\/eyrsecurity.com\/index.php?rest_route=\/wp\/v2\/media\/2240"}],"wp:attachment":[{"href":"https:\/\/eyrsecurity.com\/index.php?rest_route=%2Fwp%2Fv2%2Fmedia&parent=1513"}],"wp:term":[{"taxonomy":"product_brand","embeddable":true,"href":"https:\/\/eyrsecurity.com\/index.php?rest_route=%2Fwp%2Fv2%2Fproduct_brand&post=1513"},{"taxonomy":"product_cat","embeddable":true,"href":"https:\/\/eyrsecurity.com\/index.php?rest_route=%2Fwp%2Fv2%2Fproduct_cat&post=1513"},{"taxonomy":"product_tag","embeddable":true,"href":"https:\/\/eyrsecurity.com\/index.php?rest_route=%2Fwp%2Fv2%2Fproduct_tag&post=1513"}],"curies":[{"name":"wp","href":"https:\/\/api.w.org\/{rel}","templated":true}]}}