{"id":1512,"date":"2021-10-18T05:42:07","date_gmt":"2021-10-18T05:42:07","guid":{"rendered":"https:\/\/eyrsecurity.com\/?post_type=product&#038;p=1512"},"modified":"2021-10-24T06:26:52","modified_gmt":"2021-10-24T06:26:52","slug":"botin-delta-plus-gargas-iso-18-kv","status":"publish","type":"product","link":"https:\/\/eyrsecurity.com\/?product=botin-delta-plus-gargas-iso-18-kv","title":{"rendered":"BOTIN DELTA PLUS GARGAS ISO 18 KV"},"content":{"rendered":"<p>Ca\u00f1a : Piel crup\u00f3n grabada.<br \/>\nForro : Poliamida absorbente.<br \/>\nPlantilla interior : Amovible &#8211; Poliamida sobre EVA.<br \/>\nSuela : Inyectada &#8211; PU bi-densidad.<br \/>\nCOLOR<br \/>\nNegro<br \/>\nTALLA<br \/>\n35, 36, 37, 38, 39, 40, 41, 42, 43, 44, 45, 46, 47, 48<\/p>\n","protected":false},"excerpt":{"rendered":"<p>Los botines dielectricos GARGAS II ISO 18 KV, son de categor\u00eda CLASSIC+ los cuales son aptos para trabajos donde impliquen riesgos contra los pies como aplastamiento por objetos, resbalones, perforaci\u00f3n o pinchazo por objetos punzocortantes.<\/p>\n<p>As\u00ed tambi\u00e9n brinda una alta protecci\u00f3n contra riesgos el\u00e9ctricos de hasta 18 kV, lo que hace de este un bot\u00edn diel\u00e9ctrico o anti-conductivo.<\/p>\n<p>Es un bot\u00edn de altas prestaciones, para la industria, construcci\u00f3n, almacenes entre otros rubros.<\/p>\n","protected":false},"featured_media":2241,"comment_status":"open","ping_status":"closed","template":"","meta":{"site-sidebar-layout":"default","site-content-layout":"default","ast-main-header-display":"","ast-hfb-above-header-display":"","ast-hfb-below-header-display":"","ast-hfb-mobile-header-display":"","site-post-title":"","ast-breadcrumbs-content":"","ast-featured-img":"","footer-sml-layout":"","theme-transparent-header-meta":"default","adv-header-id-meta":"","stick-header-meta":"","header-above-stick-meta":"","header-main-stick-meta":"","header-below-stick-meta":""},"product_brand":[],"product_cat":[27],"product_tag":[],"class_list":{"0":"post-1512","1":"product","2":"type-product","3":"status-publish","4":"has-post-thumbnail","6":"product_cat-proteccion-a-los-pies","8":"first","9":"instock","10":"shipping-taxable","11":"product-type-simple"},"_links":{"self":[{"href":"https:\/\/eyrsecurity.com\/index.php?rest_route=\/wp\/v2\/product\/1512","targetHints":{"allow":["GET"]}}],"collection":[{"href":"https:\/\/eyrsecurity.com\/index.php?rest_route=\/wp\/v2\/product"}],"about":[{"href":"https:\/\/eyrsecurity.com\/index.php?rest_route=\/wp\/v2\/types\/product"}],"replies":[{"embeddable":true,"href":"https:\/\/eyrsecurity.com\/index.php?rest_route=%2Fwp%2Fv2%2Fcomments&post=1512"}],"wp:featuredmedia":[{"embeddable":true,"href":"https:\/\/eyrsecurity.com\/index.php?rest_route=\/wp\/v2\/media\/2241"}],"wp:attachment":[{"href":"https:\/\/eyrsecurity.com\/index.php?rest_route=%2Fwp%2Fv2%2Fmedia&parent=1512"}],"wp:term":[{"taxonomy":"product_brand","embeddable":true,"href":"https:\/\/eyrsecurity.com\/index.php?rest_route=%2Fwp%2Fv2%2Fproduct_brand&post=1512"},{"taxonomy":"product_cat","embeddable":true,"href":"https:\/\/eyrsecurity.com\/index.php?rest_route=%2Fwp%2Fv2%2Fproduct_cat&post=1512"},{"taxonomy":"product_tag","embeddable":true,"href":"https:\/\/eyrsecurity.com\/index.php?rest_route=%2Fwp%2Fv2%2Fproduct_tag&post=1512"}],"curies":[{"name":"wp","href":"https:\/\/api.w.org\/{rel}","templated":true}]}}