{"id":1509,"date":"2021-10-18T05:42:07","date_gmt":"2021-10-18T05:42:07","guid":{"rendered":"https:\/\/eyrsecurity.com\/?post_type=product&#038;p=1509"},"modified":"2021-10-24T19:51:14","modified_gmt":"2021-10-24T19:51:14","slug":"guante-de-nitrilo-n-flex-13-segpro","status":"publish","type":"product","link":"https:\/\/eyrsecurity.com\/?product=guante-de-nitrilo-n-flex-13-segpro","title":{"rendered":"GUANTE DE NITRILO N-FLEX 13&#8243; SEGPRO"},"content":{"rendered":"<h2 class=\"title-tab\">Descripci\u00f3n<\/h2>\n<ul>\n<li>Protecci\u00f3n: Contra Sustancias qu\u00edmicas.<\/li>\n<li>Comodidad: Dise\u00f1o Ergon\u00f3mico asegura una mayor comodidad y reduce la fatiga en la mano.<\/li>\n<li>Acabado: Aspero (Antideslizante en palma y dedos).<\/li>\n<li>Espesor: 15 mm.<\/li>\n<li>Material: Nitrilo con Flocado interno.<\/li>\n<li>Tallas: 8=M \/ 9=L \/10=XL.<\/li>\n<li>Certificaciones y Cumplimiento de normas:<\/li>\n<\/ul>\n<p>EN 388 Nivel de Protecci\u00f3n para Riesgos M\u00e9canicos.<br \/>\nEN 37-2 Resistencia a la penetraci\u00f3n y ausencia de agujeros<br \/>\nEN 37-3 Resistencia a la permeaci\u00f3n.<br \/>\nEN 420: 2003 + A1: 2009: Requisitos Grles. para Guantes y m\u00e9todos de ensayo.<br \/>\n3: Resistencia a la abrasi\u00f3n (de 0 a 4)<br \/>\n1: Resistencia al corte (de 0 a 5)<br \/>\n0: Resistencia al desgarro (de 0 a 4)<br \/>\n1: Resistencia a la perforaci\u00f3n (de 0 a 4)<\/p>\n","protected":false},"excerpt":{"rendered":"<p>Guante de Nitrilo con flocado interno, linea\u00a0<strong>N-FLEX<\/strong>\u00a0ofrece mayor agarre, destreza y comodidad, dise\u00f1ado para satisfacer las necesidades de protecci\u00f3n donde se empleen sustancias qu\u00edmicas.<\/p>\n","protected":false},"featured_media":2390,"comment_status":"open","ping_status":"closed","template":"","meta":{"site-sidebar-layout":"default","site-content-layout":"default","ast-main-header-display":"","ast-hfb-above-header-display":"","ast-hfb-below-header-display":"","ast-hfb-mobile-header-display":"","site-post-title":"","ast-breadcrumbs-content":"","ast-featured-img":"","footer-sml-layout":"","theme-transparent-header-meta":"default","adv-header-id-meta":"","stick-header-meta":"","header-above-stick-meta":"","header-main-stick-meta":"","header-below-stick-meta":""},"product_brand":[],"product_cat":[26],"product_tag":[],"class_list":{"0":"post-1509","1":"product","2":"type-product","3":"status-publish","4":"has-post-thumbnail","6":"product_cat-proteccion-a-las-manos","8":"first","9":"instock","10":"shipping-taxable","11":"product-type-simple"},"_links":{"self":[{"href":"https:\/\/eyrsecurity.com\/index.php?rest_route=\/wp\/v2\/product\/1509","targetHints":{"allow":["GET"]}}],"collection":[{"href":"https:\/\/eyrsecurity.com\/index.php?rest_route=\/wp\/v2\/product"}],"about":[{"href":"https:\/\/eyrsecurity.com\/index.php?rest_route=\/wp\/v2\/types\/product"}],"replies":[{"embeddable":true,"href":"https:\/\/eyrsecurity.com\/index.php?rest_route=%2Fwp%2Fv2%2Fcomments&post=1509"}],"wp:featuredmedia":[{"embeddable":true,"href":"https:\/\/eyrsecurity.com\/index.php?rest_route=\/wp\/v2\/media\/2390"}],"wp:attachment":[{"href":"https:\/\/eyrsecurity.com\/index.php?rest_route=%2Fwp%2Fv2%2Fmedia&parent=1509"}],"wp:term":[{"taxonomy":"product_brand","embeddable":true,"href":"https:\/\/eyrsecurity.com\/index.php?rest_route=%2Fwp%2Fv2%2Fproduct_brand&post=1509"},{"taxonomy":"product_cat","embeddable":true,"href":"https:\/\/eyrsecurity.com\/index.php?rest_route=%2Fwp%2Fv2%2Fproduct_cat&post=1509"},{"taxonomy":"product_tag","embeddable":true,"href":"https:\/\/eyrsecurity.com\/index.php?rest_route=%2Fwp%2Fv2%2Fproduct_tag&post=1509"}],"curies":[{"name":"wp","href":"https:\/\/api.w.org\/{rel}","templated":true}]}}