{"id":1508,"date":"2021-10-18T05:42:07","date_gmt":"2021-10-18T05:42:07","guid":{"rendered":"https:\/\/eyrsecurity.com\/?post_type=product&#038;p=1508"},"modified":"2021-10-24T18:41:35","modified_gmt":"2021-10-24T18:41:35","slug":"guante-showa-nsk26-10-nitrilo-azul-26","status":"publish","type":"product","link":"https:\/\/eyrsecurity.com\/?product=guante-showa-nsk26-10-nitrilo-azul-26","title":{"rendered":"GUANTE SHOWA NSK26-10 NITRILO AZUL 26&#8243;"},"content":{"rendered":"<div class=\"product-heading active\">\n<h4>Beneficios<\/h4>\n<\/div>\n<div class=\"body-copy-sm\">\n<div class=\"key-body\">\n<ul class=\"items\">\n<li>Resistente a los \u00e1cidos<\/li>\n<li>Resistente al aceite<\/li>\n<li>Protecci\u00f3n completa del brazo<\/li>\n<li>Agarre firme<\/li>\n<li>Resistente a la abrasi\u00f3n<\/li>\n<li>Resistente al agua<\/li>\n<\/ul>\n<div class=\"product-heading active\">\n<h4>Caracter\u00edsticas<\/h4>\n<\/div>\n<div class=\"body-copy-sm\">\n<div class=\"key-body\">\n<ul class=\"items\">\n<li>100% nitrilo<\/li>\n<li>Forro de algod\u00f3n<\/li>\n<li>Agarre rugoso<\/li>\n<\/ul>\n<\/div>\n<\/div>\n<\/div>\n<\/div>\n","protected":false},"excerpt":{"rendered":"<p>Este guante de protecci\u00f3n contra productos qu\u00edmicos proporciona una excelente protecci\u00f3n frente a una amplia gama de disolventes, aceites y \u00e1cidos y es flexible e impermeable.<\/p>\n<p>El acabado rugoso de la superficie garantiza un excelente agarre y el forro de algod\u00f3n absorbe el sudor para proporcionar una gran comodidad al usuario.<\/p>\n<p>Su ojal y su pu\u00f1o el\u00e1stico mantienen el guante en su lugar para garantizar una protecci\u00f3n completa y constante contra una gran variedad de peligros.<\/p>\n","protected":false},"featured_media":2300,"comment_status":"open","ping_status":"closed","template":"","meta":{"site-sidebar-layout":"default","site-content-layout":"default","ast-main-header-display":"","ast-hfb-above-header-display":"","ast-hfb-below-header-display":"","ast-hfb-mobile-header-display":"","site-post-title":"","ast-breadcrumbs-content":"","ast-featured-img":"","footer-sml-layout":"","theme-transparent-header-meta":"default","adv-header-id-meta":"","stick-header-meta":"","header-above-stick-meta":"","header-main-stick-meta":"","header-below-stick-meta":""},"product_brand":[],"product_cat":[26],"product_tag":[],"class_list":{"0":"post-1508","1":"product","2":"type-product","3":"status-publish","4":"has-post-thumbnail","6":"product_cat-proteccion-a-las-manos","8":"first","9":"instock","10":"shipping-taxable","11":"product-type-simple"},"_links":{"self":[{"href":"https:\/\/eyrsecurity.com\/index.php?rest_route=\/wp\/v2\/product\/1508","targetHints":{"allow":["GET"]}}],"collection":[{"href":"https:\/\/eyrsecurity.com\/index.php?rest_route=\/wp\/v2\/product"}],"about":[{"href":"https:\/\/eyrsecurity.com\/index.php?rest_route=\/wp\/v2\/types\/product"}],"replies":[{"embeddable":true,"href":"https:\/\/eyrsecurity.com\/index.php?rest_route=%2Fwp%2Fv2%2Fcomments&post=1508"}],"wp:featuredmedia":[{"embeddable":true,"href":"https:\/\/eyrsecurity.com\/index.php?rest_route=\/wp\/v2\/media\/2300"}],"wp:attachment":[{"href":"https:\/\/eyrsecurity.com\/index.php?rest_route=%2Fwp%2Fv2%2Fmedia&parent=1508"}],"wp:term":[{"taxonomy":"product_brand","embeddable":true,"href":"https:\/\/eyrsecurity.com\/index.php?rest_route=%2Fwp%2Fv2%2Fproduct_brand&post=1508"},{"taxonomy":"product_cat","embeddable":true,"href":"https:\/\/eyrsecurity.com\/index.php?rest_route=%2Fwp%2Fv2%2Fproduct_cat&post=1508"},{"taxonomy":"product_tag","embeddable":true,"href":"https:\/\/eyrsecurity.com\/index.php?rest_route=%2Fwp%2Fv2%2Fproduct_tag&post=1508"}],"curies":[{"name":"wp","href":"https:\/\/api.w.org\/{rel}","templated":true}]}}