{"id":1507,"date":"2021-10-18T05:42:06","date_gmt":"2021-10-18T05:42:06","guid":{"rendered":"https:\/\/eyrsecurity.com\/?post_type=product&#038;p=1507"},"modified":"2021-10-24T18:55:21","modified_gmt":"2021-10-24T18:55:21","slug":"guante-proteccion-quimica-showa-nsk24","status":"publish","type":"product","link":"https:\/\/eyrsecurity.com\/?product=guante-proteccion-quimica-showa-nsk24","title":{"rendered":"GUANTE PROTECCI\u00d3N QU\u00cdMICA SHOWA NSK24"},"content":{"rendered":"<h4>Caracter\u00edsticas<\/h4>\n<ul class=\"items\">\n<li>Forro de algod\u00f3n<\/li>\n<li>Eco Best Technology\u00ae (EBT)<\/li>\n<li>100% nitrilo<\/li>\n<li>Agarre rugoso<\/li>\n<\/ul>\n<h4>Beneficios<\/h4>\n<ul class=\"items\">\n<li>Resistente a los \u00e1cidos<\/li>\n<li>Resistente al aceite<\/li>\n<li>Resistente a los hidrocarburos<\/li>\n<li>Protecci\u00f3n del antebrazo<\/li>\n<li>Sin l\u00e1tex<\/li>\n<li>Resistente al agua<\/li>\n<li>Biodegradable<\/li>\n<\/ul>\n","protected":false},"excerpt":{"rendered":"<p>Este guante de protecci\u00f3n contra productos qu\u00edmicos proporciona una excelente protecci\u00f3n frente a una amplia gama de disolventes, aceites y \u00e1cidos y es flexible e impermeable.<\/p>\n<p>El guante de nitrilo con forro de algod\u00f3n NSK24 est\u00e1 dise\u00f1ado con la tecnolog\u00eda Eco Best Technology (EBT) biodegradable de SHOWA.<\/p>\n<p>Su capa doble de nitrilo proporciona una excelente resistencia a los productos qu\u00edmicos, al aceite y a la abrasi\u00f3n para la mano y el brazo, y el forro de algod\u00f3n absorbe el sudor.<\/p>\n","protected":false},"featured_media":2392,"comment_status":"open","ping_status":"closed","template":"","meta":{"site-sidebar-layout":"default","site-content-layout":"default","ast-main-header-display":"","ast-hfb-above-header-display":"","ast-hfb-below-header-display":"","ast-hfb-mobile-header-display":"","site-post-title":"","ast-breadcrumbs-content":"","ast-featured-img":"","footer-sml-layout":"","theme-transparent-header-meta":"default","adv-header-id-meta":"","stick-header-meta":"","header-above-stick-meta":"","header-main-stick-meta":"","header-below-stick-meta":""},"product_brand":[],"product_cat":[26],"product_tag":[],"class_list":{"0":"post-1507","1":"product","2":"type-product","3":"status-publish","4":"has-post-thumbnail","6":"product_cat-proteccion-a-las-manos","8":"first","9":"instock","10":"shipping-taxable","11":"product-type-simple"},"_links":{"self":[{"href":"https:\/\/eyrsecurity.com\/index.php?rest_route=\/wp\/v2\/product\/1507","targetHints":{"allow":["GET"]}}],"collection":[{"href":"https:\/\/eyrsecurity.com\/index.php?rest_route=\/wp\/v2\/product"}],"about":[{"href":"https:\/\/eyrsecurity.com\/index.php?rest_route=\/wp\/v2\/types\/product"}],"replies":[{"embeddable":true,"href":"https:\/\/eyrsecurity.com\/index.php?rest_route=%2Fwp%2Fv2%2Fcomments&post=1507"}],"wp:featuredmedia":[{"embeddable":true,"href":"https:\/\/eyrsecurity.com\/index.php?rest_route=\/wp\/v2\/media\/2392"}],"wp:attachment":[{"href":"https:\/\/eyrsecurity.com\/index.php?rest_route=%2Fwp%2Fv2%2Fmedia&parent=1507"}],"wp:term":[{"taxonomy":"product_brand","embeddable":true,"href":"https:\/\/eyrsecurity.com\/index.php?rest_route=%2Fwp%2Fv2%2Fproduct_brand&post=1507"},{"taxonomy":"product_cat","embeddable":true,"href":"https:\/\/eyrsecurity.com\/index.php?rest_route=%2Fwp%2Fv2%2Fproduct_cat&post=1507"},{"taxonomy":"product_tag","embeddable":true,"href":"https:\/\/eyrsecurity.com\/index.php?rest_route=%2Fwp%2Fv2%2Fproduct_tag&post=1507"}],"curies":[{"name":"wp","href":"https:\/\/api.w.org\/{rel}","templated":true}]}}