{"id":1506,"date":"2021-10-18T05:42:06","date_gmt":"2021-10-18T05:42:06","guid":{"rendered":"https:\/\/eyrsecurity.com\/?post_type=product&#038;p=1506"},"modified":"2021-10-24T18:54:21","modified_gmt":"2021-10-24T18:54:21","slug":"guante-para-liquidos-y-quimicos-de-neoprene-14-showa","status":"publish","type":"product","link":"https:\/\/eyrsecurity.com\/?product=guante-para-liquidos-y-quimicos-de-neoprene-14-showa","title":{"rendered":"GUANTE PARA LIQUIDOS Y QUIMICOS DE NEOPRENE 14&#8243; SHOWA"},"content":{"rendered":"<h4>BENEFICIOS<\/h4>\n<p>El revestimiento de algod\u00f3n lo mantiene fresco y c\u00f3modo en condiciones calientes, o caliente en condiciones fr\u00edas<br \/>\nProporciona protecci\u00f3n contra \u00e1cidos, c\u00e1usticos, aceites, grasas y muchos solventes<\/p>\n<p>Excelente protecci\u00f3n por todos lados contra peligros f\u00edsicostales como abrasi\u00f3n y cortes<\/p>\n<p>El acabado rugoso es excelente para aplicaciones que requieren buen agarre mojado<\/p>\n<h4>CARACTER\u00cdSTICAS<\/h4>\n<p>Completamente recubierto de neopreno<br \/>\nRevestimiento de algod\u00f3n<br \/>\nGuantelete de 14&#8243;<br \/>\nAgarre rugoso<\/p>\n","protected":false},"excerpt":{"rendered":"<p>Fabricado con neopreno resistente, agarre rugoso y un guantelete de 14&#8243;, combinado con un revestimiento de algod\u00f3n, el SHOWA 6784R est\u00e1 dise\u00f1ado para ser c\u00f3modo en ambientes fr\u00edos o calientes, a la vez que proporciona protecci\u00f3n contra \u00e1cidos y c\u00e1usticos<\/p>\n","protected":false},"featured_media":2384,"comment_status":"open","ping_status":"closed","template":"","meta":{"site-sidebar-layout":"default","site-content-layout":"default","ast-main-header-display":"","ast-hfb-above-header-display":"","ast-hfb-below-header-display":"","ast-hfb-mobile-header-display":"","site-post-title":"","ast-breadcrumbs-content":"","ast-featured-img":"","footer-sml-layout":"","theme-transparent-header-meta":"default","adv-header-id-meta":"","stick-header-meta":"","header-above-stick-meta":"","header-main-stick-meta":"","header-below-stick-meta":""},"product_brand":[],"product_cat":[26],"product_tag":[],"class_list":{"0":"post-1506","1":"product","2":"type-product","3":"status-publish","4":"has-post-thumbnail","6":"product_cat-proteccion-a-las-manos","8":"first","9":"instock","10":"shipping-taxable","11":"product-type-simple"},"_links":{"self":[{"href":"https:\/\/eyrsecurity.com\/index.php?rest_route=\/wp\/v2\/product\/1506","targetHints":{"allow":["GET"]}}],"collection":[{"href":"https:\/\/eyrsecurity.com\/index.php?rest_route=\/wp\/v2\/product"}],"about":[{"href":"https:\/\/eyrsecurity.com\/index.php?rest_route=\/wp\/v2\/types\/product"}],"replies":[{"embeddable":true,"href":"https:\/\/eyrsecurity.com\/index.php?rest_route=%2Fwp%2Fv2%2Fcomments&post=1506"}],"wp:featuredmedia":[{"embeddable":true,"href":"https:\/\/eyrsecurity.com\/index.php?rest_route=\/wp\/v2\/media\/2384"}],"wp:attachment":[{"href":"https:\/\/eyrsecurity.com\/index.php?rest_route=%2Fwp%2Fv2%2Fmedia&parent=1506"}],"wp:term":[{"taxonomy":"product_brand","embeddable":true,"href":"https:\/\/eyrsecurity.com\/index.php?rest_route=%2Fwp%2Fv2%2Fproduct_brand&post=1506"},{"taxonomy":"product_cat","embeddable":true,"href":"https:\/\/eyrsecurity.com\/index.php?rest_route=%2Fwp%2Fv2%2Fproduct_cat&post=1506"},{"taxonomy":"product_tag","embeddable":true,"href":"https:\/\/eyrsecurity.com\/index.php?rest_route=%2Fwp%2Fv2%2Fproduct_tag&post=1506"}],"curies":[{"name":"wp","href":"https:\/\/api.w.org\/{rel}","templated":true}]}}