{"id":1502,"date":"2021-10-18T05:42:06","date_gmt":"2021-10-18T05:42:06","guid":{"rendered":"https:\/\/eyrsecurity.com\/?post_type=product&#038;p=1502"},"modified":"2021-10-24T18:49:00","modified_gmt":"2021-10-24T18:49:00","slug":"guante-nitron-clute","status":"publish","type":"product","link":"https:\/\/eyrsecurity.com\/?product=guante-nitron-clute","title":{"rendered":"GUANTE NITRON CLUTE"},"content":{"rendered":"<ul>\n<li>Capa interior suave y pu\u00f1o tejido para mayor comodidad del usuario.<\/li>\n<li>No tienen costuras en la superficie del guante, limitando el problema del desgarre o rotura.<\/li>\n<li>Dedos arqueados, perforados y forma anat\u00f3mica, para ofrecer mayor libertad de movimiento.<\/li>\n<li>Excelente agarre en seco.<\/li>\n<li>Muy resistente a la penetraci\u00f3n de grasas ya aceites, no se deteriora como el cuero o algod\u00f3n.<\/li>\n<li>Ideal para manipular materiales abrasivos, como fundicion de hierro y ladrillos.<\/li>\n<li>M\u00e1s higi\u00e9nico y durable. Reutilizaci\u00f3n segura y econ\u00f3mica.<\/li>\n<li>Tallar disponibles 8(M) y 9(L) Largo 9\u201d.<\/li>\n<\/ul>\n","protected":false},"excerpt":{"rendered":"<p>Guante recubierto con doble ba\u00f1o de nitrilo color azul sobre forro de punto Jersey.<\/p>\n","protected":false},"featured_media":2305,"comment_status":"open","ping_status":"closed","template":"","meta":{"site-sidebar-layout":"default","site-content-layout":"default","ast-main-header-display":"","ast-hfb-above-header-display":"","ast-hfb-below-header-display":"","ast-hfb-mobile-header-display":"","site-post-title":"","ast-breadcrumbs-content":"","ast-featured-img":"","footer-sml-layout":"","theme-transparent-header-meta":"default","adv-header-id-meta":"","stick-header-meta":"","header-above-stick-meta":"","header-main-stick-meta":"","header-below-stick-meta":""},"product_brand":[],"product_cat":[26],"product_tag":[],"class_list":{"0":"post-1502","1":"product","2":"type-product","3":"status-publish","4":"has-post-thumbnail","6":"product_cat-proteccion-a-las-manos","8":"first","9":"instock","10":"shipping-taxable","11":"product-type-simple"},"_links":{"self":[{"href":"https:\/\/eyrsecurity.com\/index.php?rest_route=\/wp\/v2\/product\/1502","targetHints":{"allow":["GET"]}}],"collection":[{"href":"https:\/\/eyrsecurity.com\/index.php?rest_route=\/wp\/v2\/product"}],"about":[{"href":"https:\/\/eyrsecurity.com\/index.php?rest_route=\/wp\/v2\/types\/product"}],"replies":[{"embeddable":true,"href":"https:\/\/eyrsecurity.com\/index.php?rest_route=%2Fwp%2Fv2%2Fcomments&post=1502"}],"wp:featuredmedia":[{"embeddable":true,"href":"https:\/\/eyrsecurity.com\/index.php?rest_route=\/wp\/v2\/media\/2305"}],"wp:attachment":[{"href":"https:\/\/eyrsecurity.com\/index.php?rest_route=%2Fwp%2Fv2%2Fmedia&parent=1502"}],"wp:term":[{"taxonomy":"product_brand","embeddable":true,"href":"https:\/\/eyrsecurity.com\/index.php?rest_route=%2Fwp%2Fv2%2Fproduct_brand&post=1502"},{"taxonomy":"product_cat","embeddable":true,"href":"https:\/\/eyrsecurity.com\/index.php?rest_route=%2Fwp%2Fv2%2Fproduct_cat&post=1502"},{"taxonomy":"product_tag","embeddable":true,"href":"https:\/\/eyrsecurity.com\/index.php?rest_route=%2Fwp%2Fv2%2Fproduct_tag&post=1502"}],"curies":[{"name":"wp","href":"https:\/\/api.w.org\/{rel}","templated":true}]}}