{"id":1498,"date":"2021-10-18T05:42:06","date_gmt":"2021-10-18T05:42:06","guid":{"rendered":"https:\/\/eyrsecurity.com\/?post_type=product&#038;p=1498"},"modified":"2021-10-24T18:44:29","modified_gmt":"2021-10-24T18:44:29","slug":"guante-hilo-pescador","status":"publish","type":"product","link":"https:\/\/eyrsecurity.com\/?product=guante-hilo-pescador","title":{"rendered":"GUANTE HILO PESCADOR"},"content":{"rendered":"<p>Guante hilo nacional 9&#8243;<\/p>\n","protected":false},"excerpt":{"rendered":"<p>Este producto est\u00e1 hecho de hilo de algod\u00f3n, grueso y resistente al desgaste, antideslizante, resistente al aceite, el\u00e1stico, c\u00f3modo de llevar, transpirable y absorbente del sudor, sin irritaci\u00f3n para la piel.<\/p>\n<p>Las l\u00edneas est\u00e1n densamente empacadas y tienen una larga vida \u00fatil para proteger mejor sus manos.<\/p>\n<p>Tiene una buena protecci\u00f3n contra la congelaci\u00f3n, ara\u00f1azos y alergias.<\/p>\n<p>Adecuado para la industria automotriz, el procesamiento de sitios de construcci\u00f3n, sitios de construcci\u00f3n, vida cotidiana, manejo, etc.<\/p>\n","protected":false},"featured_media":2363,"comment_status":"open","ping_status":"closed","template":"","meta":{"site-sidebar-layout":"default","site-content-layout":"default","ast-main-header-display":"","ast-hfb-above-header-display":"","ast-hfb-below-header-display":"","ast-hfb-mobile-header-display":"","site-post-title":"","ast-breadcrumbs-content":"","ast-featured-img":"","footer-sml-layout":"","theme-transparent-header-meta":"default","adv-header-id-meta":"","stick-header-meta":"","header-above-stick-meta":"","header-main-stick-meta":"","header-below-stick-meta":""},"product_brand":[],"product_cat":[26],"product_tag":[],"class_list":{"0":"post-1498","1":"product","2":"type-product","3":"status-publish","4":"has-post-thumbnail","6":"product_cat-proteccion-a-las-manos","8":"first","9":"instock","10":"shipping-taxable","11":"product-type-simple"},"_links":{"self":[{"href":"https:\/\/eyrsecurity.com\/index.php?rest_route=\/wp\/v2\/product\/1498","targetHints":{"allow":["GET"]}}],"collection":[{"href":"https:\/\/eyrsecurity.com\/index.php?rest_route=\/wp\/v2\/product"}],"about":[{"href":"https:\/\/eyrsecurity.com\/index.php?rest_route=\/wp\/v2\/types\/product"}],"replies":[{"embeddable":true,"href":"https:\/\/eyrsecurity.com\/index.php?rest_route=%2Fwp%2Fv2%2Fcomments&post=1498"}],"wp:featuredmedia":[{"embeddable":true,"href":"https:\/\/eyrsecurity.com\/index.php?rest_route=\/wp\/v2\/media\/2363"}],"wp:attachment":[{"href":"https:\/\/eyrsecurity.com\/index.php?rest_route=%2Fwp%2Fv2%2Fmedia&parent=1498"}],"wp:term":[{"taxonomy":"product_brand","embeddable":true,"href":"https:\/\/eyrsecurity.com\/index.php?rest_route=%2Fwp%2Fv2%2Fproduct_brand&post=1498"},{"taxonomy":"product_cat","embeddable":true,"href":"https:\/\/eyrsecurity.com\/index.php?rest_route=%2Fwp%2Fv2%2Fproduct_cat&post=1498"},{"taxonomy":"product_tag","embeddable":true,"href":"https:\/\/eyrsecurity.com\/index.php?rest_route=%2Fwp%2Fv2%2Fproduct_tag&post=1498"}],"curies":[{"name":"wp","href":"https:\/\/api.w.org\/{rel}","templated":true}]}}