{"id":1497,"date":"2021-10-18T05:42:06","date_gmt":"2021-10-18T05:42:06","guid":{"rendered":"https:\/\/eyrsecurity.com\/?post_type=product&#038;p=1497"},"modified":"2021-10-24T18:43:12","modified_gmt":"2021-10-24T18:43:12","slug":"guante-de-nitrilo-touch-n-tuff","status":"publish","type":"product","link":"https:\/\/eyrsecurity.com\/?product=guante-de-nitrilo-touch-n-tuff","title":{"rendered":"GUANTE DE NITRILO TOUCH N TUFF"},"content":{"rendered":"<p>MATERIAL: Nitrilo<\/p>\n<p>COLOR: Verde<\/p>\n<p>DISE\u00d1O DEL GUANTE: .V\u00e1lido para ambas manos, sin empolvar y con acabado liso<\/p>\n<p>PU\u00d1O: Pu\u00f1o con reborde<\/p>\n<p>NORMAS DE AUDITOR\u00cdA:ISO 9001<\/p>\n<p>CONTROL DE CALIDAD EN 420, EN 374-1, 2 y 3, ASTM D6319, FDA 21 CFR 177-2600 (EE.UU.), Decreto de 9 de noviembre de 2004 (Francia), Reglamento (CE) n.\u00ba 1935\/2004 y Recomendaci\u00f3n para productos alimentarios de gran consumo (Alemania)<\/p>\n<p>ENVASADO 100 guantes por dispensador y 10 dispensadores por caja de cart\u00f3n de transporte; es decir, 1.000 guantes por caja de cart\u00f3n de transporte.<\/p>\n<p>ALMACENAMIENTO: Deben guardarse lejos de la luz solar directa, en un lugar fresco y seco.<br \/>\nDeben guardarse lejos de fuentes de ozono o ignici\u00f3n.<\/p>\n<p>PA\u00cdS DE ORIGEN : Sri Lanka<\/p>\n","protected":false},"excerpt":{"rendered":"<p>En comparaci\u00f3n con el resto de guantes desechables de nitrilo, estos guantes TouchNTuff\u00aeresisten una variedad m\u00e1s amplia de productos qu\u00edmicos durante m\u00e1s tiempo. La resistencia a la perforaci\u00f3n de estos guantes fabricados en nitrilo es cuatro veces mayor que la de los guantes de caucho natural similares. Adem\u00e1s, estos guantes poseen una resistencia a la perforaci\u00f3n tres veces mayor que la de otros guantes de neopreno similares. Dado que no contienen prote\u00ednas del l\u00e1tex, existe un menor riesgo de que el usuario pueda desarrollar alergias de tipo I o dermatitis. La tecnolog\u00eda de nitrilo fino utilizada para fabricar estos guantes facilita su colocaci\u00f3n y ofrece un excelente agarre tanto en seco como en mojado.<\/p>\n","protected":false},"featured_media":2310,"comment_status":"open","ping_status":"closed","template":"","meta":{"site-sidebar-layout":"default","site-content-layout":"default","ast-main-header-display":"","ast-hfb-above-header-display":"","ast-hfb-below-header-display":"","ast-hfb-mobile-header-display":"","site-post-title":"","ast-breadcrumbs-content":"","ast-featured-img":"","footer-sml-layout":"","theme-transparent-header-meta":"default","adv-header-id-meta":"","stick-header-meta":"","header-above-stick-meta":"","header-main-stick-meta":"","header-below-stick-meta":""},"product_brand":[],"product_cat":[26],"product_tag":[],"class_list":{"0":"post-1497","1":"product","2":"type-product","3":"status-publish","4":"has-post-thumbnail","6":"product_cat-proteccion-a-las-manos","8":"first","9":"instock","10":"shipping-taxable","11":"product-type-simple"},"_links":{"self":[{"href":"https:\/\/eyrsecurity.com\/index.php?rest_route=\/wp\/v2\/product\/1497","targetHints":{"allow":["GET"]}}],"collection":[{"href":"https:\/\/eyrsecurity.com\/index.php?rest_route=\/wp\/v2\/product"}],"about":[{"href":"https:\/\/eyrsecurity.com\/index.php?rest_route=\/wp\/v2\/types\/product"}],"replies":[{"embeddable":true,"href":"https:\/\/eyrsecurity.com\/index.php?rest_route=%2Fwp%2Fv2%2Fcomments&post=1497"}],"wp:featuredmedia":[{"embeddable":true,"href":"https:\/\/eyrsecurity.com\/index.php?rest_route=\/wp\/v2\/media\/2310"}],"wp:attachment":[{"href":"https:\/\/eyrsecurity.com\/index.php?rest_route=%2Fwp%2Fv2%2Fmedia&parent=1497"}],"wp:term":[{"taxonomy":"product_brand","embeddable":true,"href":"https:\/\/eyrsecurity.com\/index.php?rest_route=%2Fwp%2Fv2%2Fproduct_brand&post=1497"},{"taxonomy":"product_cat","embeddable":true,"href":"https:\/\/eyrsecurity.com\/index.php?rest_route=%2Fwp%2Fv2%2Fproduct_cat&post=1497"},{"taxonomy":"product_tag","embeddable":true,"href":"https:\/\/eyrsecurity.com\/index.php?rest_route=%2Fwp%2Fv2%2Fproduct_tag&post=1497"}],"curies":[{"name":"wp","href":"https:\/\/api.w.org\/{rel}","templated":true}]}}