{"id":1496,"date":"2021-10-18T05:42:06","date_gmt":"2021-10-18T05:42:06","guid":{"rendered":"https:\/\/eyrsecurity.com\/?post_type=product&#038;p=1496"},"modified":"2021-10-24T18:42:31","modified_gmt":"2021-10-24T18:42:31","slug":"guante-de-jebe-protec-clute","status":"publish","type":"product","link":"https:\/\/eyrsecurity.com\/?product=guante-de-jebe-protec-clute","title":{"rendered":"GUANTE DE JEBE PROTEC CLUTE"},"content":{"rendered":"<h4>Caracter\u00edsticas:<\/h4>\n<p>Elaborado en l\u00e1tex natural de bajo amonio.<br \/>\nOtorgan suavidad; debido a un proceso de lavado y satinado con el fin de eliminar la mayor cantidad de prote\u00ednas que generan alergias. Su suave acabado interno y externo facilitan su postura.<br \/>\nOfrecen un buen agarre tanto en condiciones h\u00famedas y secas debido al dise\u00f1o y profundidad del relieve antideslizante sobre la palma y los dedos.<br \/>\nErgon\u00f3micos y anat\u00f3micos; evitan la fatiga de las manos y mejoran el rendimiento laboral. Calificaci\u00f3n de nivel 4 en destreza.<br \/>\nCuentan con un orillo de refuerzo para evitar desgarramientos y facilitar el poner y quitar del guante.<br \/>\nDurabilidad, son resistentes al envejecimiento y a las soluciones diluidas de \u00e1cidos y blanqueadores; ofrecen un &gt; 800% de elongaci\u00f3n a la rotura y una resistencia a la tensi\u00f3n &gt; 22MPa.<br \/>\nSon econ\u00f3micos, tienen buen rendimiento y flexibles.<br \/>\nLargo: 28.5 cm (12\u201d) &#8211; Color: Negro- Calibre en la palma 35 mil de pulgada (0.89 mm)<br \/>\nEmbalaje:<br \/>\n-Paquete por 12 pares<br \/>\n-Caja por 72 pares<br \/>\nMarcado &#8211; Rotulado:<br \/>\nCada guante esta marcado con tinta blanca, en el dorso con la siguiente informaci\u00f3n<br \/>\n1. Isologo de CLUTE<br \/>\n2. Modelo del producto: Protec<\/p>\n","protected":false},"excerpt":{"rendered":"<p>El nuevo guante de la l\u00ednea Industrial Modelo Protec C-35 es un guante de trabajo pesado que resiste repetidos golpes, roces y ara\u00f1azos; con un tratamiento especial para fortalecer la superficie del guante dej\u00e1ndolos suaves al tacto, son de forma anat\u00f3mica, aseguran comodidad, y reducen la fatiga de la mano.<br \/>\nSu resistencia contra la abrasion y rasgado, proporcionan seguridad contra una amplia gama de compuestos qu\u00edmicos y productos de limpieza, siendo de utilidad en las mas variadas tareas. Su pel\u00edcula de espesor parejo, sin poros o zonas d\u00e9biles, los hace muy resistentes y les asegura una larga duraci\u00f3n.<\/p>\n<p><strong>Tallas disponibles: T(7\/S) &#8211; T(8\/M) &#8211; T(9\/L) &#8211; T(10\/XL)<\/strong><\/p>\n","protected":false},"featured_media":2306,"comment_status":"open","ping_status":"closed","template":"","meta":{"site-sidebar-layout":"default","site-content-layout":"default","ast-main-header-display":"","ast-hfb-above-header-display":"","ast-hfb-below-header-display":"","ast-hfb-mobile-header-display":"","site-post-title":"","ast-breadcrumbs-content":"","ast-featured-img":"","footer-sml-layout":"","theme-transparent-header-meta":"default","adv-header-id-meta":"","stick-header-meta":"","header-above-stick-meta":"","header-main-stick-meta":"","header-below-stick-meta":""},"product_brand":[],"product_cat":[26],"product_tag":[],"class_list":{"0":"post-1496","1":"product","2":"type-product","3":"status-publish","4":"has-post-thumbnail","6":"product_cat-proteccion-a-las-manos","8":"first","9":"instock","10":"shipping-taxable","11":"product-type-simple"},"_links":{"self":[{"href":"https:\/\/eyrsecurity.com\/index.php?rest_route=\/wp\/v2\/product\/1496","targetHints":{"allow":["GET"]}}],"collection":[{"href":"https:\/\/eyrsecurity.com\/index.php?rest_route=\/wp\/v2\/product"}],"about":[{"href":"https:\/\/eyrsecurity.com\/index.php?rest_route=\/wp\/v2\/types\/product"}],"replies":[{"embeddable":true,"href":"https:\/\/eyrsecurity.com\/index.php?rest_route=%2Fwp%2Fv2%2Fcomments&post=1496"}],"wp:featuredmedia":[{"embeddable":true,"href":"https:\/\/eyrsecurity.com\/index.php?rest_route=\/wp\/v2\/media\/2306"}],"wp:attachment":[{"href":"https:\/\/eyrsecurity.com\/index.php?rest_route=%2Fwp%2Fv2%2Fmedia&parent=1496"}],"wp:term":[{"taxonomy":"product_brand","embeddable":true,"href":"https:\/\/eyrsecurity.com\/index.php?rest_route=%2Fwp%2Fv2%2Fproduct_brand&post=1496"},{"taxonomy":"product_cat","embeddable":true,"href":"https:\/\/eyrsecurity.com\/index.php?rest_route=%2Fwp%2Fv2%2Fproduct_cat&post=1496"},{"taxonomy":"product_tag","embeddable":true,"href":"https:\/\/eyrsecurity.com\/index.php?rest_route=%2Fwp%2Fv2%2Fproduct_tag&post=1496"}],"curies":[{"name":"wp","href":"https:\/\/api.w.org\/{rel}","templated":true}]}}