{"id":1495,"date":"2021-10-18T05:42:04","date_gmt":"2021-10-18T05:42:04","guid":{"rendered":"https:\/\/eyrsecurity.com\/?post_type=product&#038;p=1495"},"modified":"2021-10-24T19:46:53","modified_gmt":"2021-10-24T19:46:53","slug":"guante-de-jebe-protex","status":"publish","type":"product","link":"https:\/\/eyrsecurity.com\/?product=guante-de-jebe-protex","title":{"rendered":"GUANTE DE JEBE PROTEX"},"content":{"rendered":"<h4>Beneficios:<\/h4>\n<p>SUAVIDAD: Son sometidos a un riguroso proceso de lavado y satinado con el prop\u00f3sito de eliminar la mayor cantidad de<br \/>\nprote\u00ednas que generan alergias y de proporcionarle un suave acabado interno y externo que facilita su postura dej\u00e1ndolo muy<br \/>\nagradable al tacto.<\/p>\n<p>BUEN AGARRE: Su exclusivo dise\u00f1o facilita un excelente agarre tanto en condiciones h\u00famedas como en seco, evitando<br \/>\nque se deslicen de las manos los objetos manipulados.<\/p>\n<p>COMODIDAD: Ergon\u00f3micos y anat\u00f3micos porque son elaborados en una horma especial que ayuda a que siempre mantengan la forma natural de la mano evitando cansancio al momento de utilizarlos; mejorando el rendimiento laboral.<\/p>\n<p>ANTIDESGARRE: Cuentan con orillo de refuerzo para evitar desgarre haci\u00e9ndolos m\u00e1s f\u00e1cil de poner y quitar.<\/p>\n<p>DURABILIDAD: Duran mucho m\u00e1s que cualquier otro guante del mercado ya que son s\u00faper resistentes al envejecimiento<br \/>\ny a soluciones diluidas de \u00e1cidos y blanqueadores; ofrecen un m\u00ednimo 800% de elongaci\u00f3n antes de la rotura y 25 mpa de<br \/>\nresistencia a la tensi\u00f3n.<\/p>\n","protected":false},"excerpt":{"rendered":"<p>Elaborado en l\u00e1tex natural de bajo amonio, todo su proceso productivo esta estandarizado y cuenta con la certificaci\u00f3n de calidad expedida por entidades nacionales e internacionales de amplio reconocimiento.<\/p>\n<p><strong>TALLAS DISPONIBLES: 7 , 8 , 9 ,10<\/strong><\/p>\n<p><strong>CALIBRE: 25 , 35 , 55 , 65\u00a0<\/strong><\/p>\n","protected":false},"featured_media":2387,"comment_status":"open","ping_status":"closed","template":"","meta":{"site-sidebar-layout":"default","site-content-layout":"default","ast-main-header-display":"","ast-hfb-above-header-display":"","ast-hfb-below-header-display":"","ast-hfb-mobile-header-display":"","site-post-title":"","ast-breadcrumbs-content":"","ast-featured-img":"","footer-sml-layout":"","theme-transparent-header-meta":"default","adv-header-id-meta":"","stick-header-meta":"","header-above-stick-meta":"","header-main-stick-meta":"","header-below-stick-meta":""},"product_brand":[],"product_cat":[26],"product_tag":[],"class_list":{"0":"post-1495","1":"product","2":"type-product","3":"status-publish","4":"has-post-thumbnail","6":"product_cat-proteccion-a-las-manos","8":"first","9":"instock","10":"shipping-taxable","11":"product-type-simple"},"_links":{"self":[{"href":"https:\/\/eyrsecurity.com\/index.php?rest_route=\/wp\/v2\/product\/1495","targetHints":{"allow":["GET"]}}],"collection":[{"href":"https:\/\/eyrsecurity.com\/index.php?rest_route=\/wp\/v2\/product"}],"about":[{"href":"https:\/\/eyrsecurity.com\/index.php?rest_route=\/wp\/v2\/types\/product"}],"replies":[{"embeddable":true,"href":"https:\/\/eyrsecurity.com\/index.php?rest_route=%2Fwp%2Fv2%2Fcomments&post=1495"}],"wp:featuredmedia":[{"embeddable":true,"href":"https:\/\/eyrsecurity.com\/index.php?rest_route=\/wp\/v2\/media\/2387"}],"wp:attachment":[{"href":"https:\/\/eyrsecurity.com\/index.php?rest_route=%2Fwp%2Fv2%2Fmedia&parent=1495"}],"wp:term":[{"taxonomy":"product_brand","embeddable":true,"href":"https:\/\/eyrsecurity.com\/index.php?rest_route=%2Fwp%2Fv2%2Fproduct_brand&post=1495"},{"taxonomy":"product_cat","embeddable":true,"href":"https:\/\/eyrsecurity.com\/index.php?rest_route=%2Fwp%2Fv2%2Fproduct_cat&post=1495"},{"taxonomy":"product_tag","embeddable":true,"href":"https:\/\/eyrsecurity.com\/index.php?rest_route=%2Fwp%2Fv2%2Fproduct_tag&post=1495"}],"curies":[{"name":"wp","href":"https:\/\/api.w.org\/{rel}","templated":true}]}}