{"id":1492,"date":"2021-10-18T05:42:04","date_gmt":"2021-10-18T05:42:04","guid":{"rendered":"https:\/\/eyrsecurity.com\/?post_type=product&#038;p=1492"},"modified":"2021-10-24T19:01:15","modified_gmt":"2021-10-24T19:01:15","slug":"guante-quirurgico-latex-rg","status":"publish","type":"product","link":"https:\/\/eyrsecurity.com\/?product=guante-quirurgico-latex-rg","title":{"rendered":"GUANTE QUIRURGICO LATEX R&#038;G"},"content":{"rendered":"<p>Material: L\u00e1tex de caucho natural y almid\u00f3n de ma\u00edz absorbible grado USP.<\/p>\n<p>Color: Blanco natural<\/p>\n<p>Talla: XS, S, M y L<\/p>\n<p>Marca: R &amp; G<\/p>\n<p>Ancho de palma: 76, 84, 94 y 105 mm<\/p>\n<p>Longitud: 240 mm<\/p>\n<p>Espesor: Dedo 0.11 mm \u2013 Palma 0.10 mm<\/p>\n<p>Presentaci\u00f3n: Caja x 100 unidades<\/p>\n","protected":false},"excerpt":{"rendered":"<p>Guantes de examen de un solo uso, libre de polvo, ambidiestros, la superficie de los dedos son texturizados para darle mayor agarre tanto en h\u00famedo como en seco, pu\u00f1o enrollado y no est\u00e9ril.<br \/>\nPor sus caracter\u00edsticas sint\u00e9ticas no producen problemas al\u00e9rgicos, ofrece mayor resistencia a la perforaci\u00f3n, buena elasticidad y alto confort, tienen buena protecci\u00f3n de barrera y resistencia qu\u00edmica, son los perfectos sustitutos del l\u00e1tex.<\/p>\n","protected":false},"featured_media":2389,"comment_status":"open","ping_status":"closed","template":"","meta":{"site-sidebar-layout":"default","site-content-layout":"default","ast-main-header-display":"","ast-hfb-above-header-display":"","ast-hfb-below-header-display":"","ast-hfb-mobile-header-display":"","site-post-title":"","ast-breadcrumbs-content":"","ast-featured-img":"","footer-sml-layout":"","theme-transparent-header-meta":"default","adv-header-id-meta":"","stick-header-meta":"","header-above-stick-meta":"","header-main-stick-meta":"","header-below-stick-meta":""},"product_brand":[],"product_cat":[24,26],"product_tag":[],"class_list":{"0":"post-1492","1":"product","2":"type-product","3":"status-publish","4":"has-post-thumbnail","6":"product_cat-bioseguridad-e-higiene","7":"product_cat-proteccion-a-las-manos","9":"first","10":"instock","11":"shipping-taxable","12":"product-type-simple"},"_links":{"self":[{"href":"https:\/\/eyrsecurity.com\/index.php?rest_route=\/wp\/v2\/product\/1492","targetHints":{"allow":["GET"]}}],"collection":[{"href":"https:\/\/eyrsecurity.com\/index.php?rest_route=\/wp\/v2\/product"}],"about":[{"href":"https:\/\/eyrsecurity.com\/index.php?rest_route=\/wp\/v2\/types\/product"}],"replies":[{"embeddable":true,"href":"https:\/\/eyrsecurity.com\/index.php?rest_route=%2Fwp%2Fv2%2Fcomments&post=1492"}],"wp:featuredmedia":[{"embeddable":true,"href":"https:\/\/eyrsecurity.com\/index.php?rest_route=\/wp\/v2\/media\/2389"}],"wp:attachment":[{"href":"https:\/\/eyrsecurity.com\/index.php?rest_route=%2Fwp%2Fv2%2Fmedia&parent=1492"}],"wp:term":[{"taxonomy":"product_brand","embeddable":true,"href":"https:\/\/eyrsecurity.com\/index.php?rest_route=%2Fwp%2Fv2%2Fproduct_brand&post=1492"},{"taxonomy":"product_cat","embeddable":true,"href":"https:\/\/eyrsecurity.com\/index.php?rest_route=%2Fwp%2Fv2%2Fproduct_cat&post=1492"},{"taxonomy":"product_tag","embeddable":true,"href":"https:\/\/eyrsecurity.com\/index.php?rest_route=%2Fwp%2Fv2%2Fproduct_tag&post=1492"}],"curies":[{"name":"wp","href":"https:\/\/api.w.org\/{rel}","templated":true}]}}