{"id":1491,"date":"2021-10-18T05:42:04","date_gmt":"2021-10-18T05:42:04","guid":{"rendered":"https:\/\/eyrsecurity.com\/?post_type=product&#038;p=1491"},"modified":"2021-10-25T01:08:03","modified_gmt":"2021-10-25T01:08:03","slug":"mascarilla-n95-spro","status":"publish","type":"product","link":"https:\/\/eyrsecurity.com\/?product=mascarilla-n95-spro","title":{"rendered":"MASCARILLA N95 SPRO"},"content":{"rendered":"<h4>Caracter\u00edsticas:<\/h4>\n<ul>\n<li>Protege contra el 95% de part\u00edculas y salpicaduras que se encuentren en el ambiente.<\/li>\n<li>De gran confort y protecci\u00f3n para el usuario.<\/li>\n<li>Plegables para evitar la contaminaci\u00f3n.<\/li>\n<li>No afecta la comunicaci\u00f3n entre personas.<\/li>\n<\/ul>\n","protected":false},"excerpt":{"rendered":"<p>Mascarillas SPRO, sin v\u00e1lvula de exhalaci\u00f3n, son ideales para proteger al usuario en boca y nariz contra riesgos respiratorios tales como: part\u00edculas s\u00f3lidas y l\u00edquidas. Construcci\u00f3n termoformada y cosida, dise\u00f1ado con el fin de lograr una mayor comodidad al mismo tiempo que una adecuada protecci\u00f3n al usuario en distintas \u00e1reas de riesgo brindando mayor confort al respirar.<\/p>\n<p>CERTIFICACION NTP 329.200:2020 MINSA<\/p>\n<p>Esta describe principalmente dos tipos de mascarillas quir\u00fargicas con niveles de protecci\u00f3n asociados, entre ellas la de tipo I de uso para pacientes con objeto de reducir el riesgo de propagaci\u00f3n de infecciones; y las mascarillas de tipo II destinadas para profesionales de salud en un quir\u00f3fano u otro entorno m\u00e9dico con requisitos similares.<\/p>\n","protected":false},"featured_media":2449,"comment_status":"open","ping_status":"closed","template":"","meta":{"site-sidebar-layout":"default","site-content-layout":"default","ast-main-header-display":"","ast-hfb-above-header-display":"","ast-hfb-below-header-display":"","ast-hfb-mobile-header-display":"","site-post-title":"","ast-breadcrumbs-content":"","ast-featured-img":"","footer-sml-layout":"","theme-transparent-header-meta":"default","adv-header-id-meta":"","stick-header-meta":"","header-above-stick-meta":"","header-main-stick-meta":"","header-below-stick-meta":""},"product_brand":[],"product_cat":[24,25],"product_tag":[],"class_list":{"0":"post-1491","1":"product","2":"type-product","3":"status-publish","4":"has-post-thumbnail","6":"product_cat-bioseguridad-e-higiene","7":"product_cat-proteccion-respiratoria","9":"first","10":"instock","11":"shipping-taxable","12":"product-type-simple"},"_links":{"self":[{"href":"https:\/\/eyrsecurity.com\/index.php?rest_route=\/wp\/v2\/product\/1491","targetHints":{"allow":["GET"]}}],"collection":[{"href":"https:\/\/eyrsecurity.com\/index.php?rest_route=\/wp\/v2\/product"}],"about":[{"href":"https:\/\/eyrsecurity.com\/index.php?rest_route=\/wp\/v2\/types\/product"}],"replies":[{"embeddable":true,"href":"https:\/\/eyrsecurity.com\/index.php?rest_route=%2Fwp%2Fv2%2Fcomments&post=1491"}],"wp:featuredmedia":[{"embeddable":true,"href":"https:\/\/eyrsecurity.com\/index.php?rest_route=\/wp\/v2\/media\/2449"}],"wp:attachment":[{"href":"https:\/\/eyrsecurity.com\/index.php?rest_route=%2Fwp%2Fv2%2Fmedia&parent=1491"}],"wp:term":[{"taxonomy":"product_brand","embeddable":true,"href":"https:\/\/eyrsecurity.com\/index.php?rest_route=%2Fwp%2Fv2%2Fproduct_brand&post=1491"},{"taxonomy":"product_cat","embeddable":true,"href":"https:\/\/eyrsecurity.com\/index.php?rest_route=%2Fwp%2Fv2%2Fproduct_cat&post=1491"},{"taxonomy":"product_tag","embeddable":true,"href":"https:\/\/eyrsecurity.com\/index.php?rest_route=%2Fwp%2Fv2%2Fproduct_tag&post=1491"}],"curies":[{"name":"wp","href":"https:\/\/api.w.org\/{rel}","templated":true}]}}