{"id":1489,"date":"2021-10-18T05:42:04","date_gmt":"2021-10-18T05:42:04","guid":{"rendered":"https:\/\/eyrsecurity.com\/?post_type=product&#038;p=1489"},"modified":"2021-10-25T01:14:31","modified_gmt":"2021-10-25T01:14:31","slug":"steelpro-respirador-descartable-n95-m920v-con-valvula","status":"publish","type":"product","link":"https:\/\/eyrsecurity.com\/?product=steelpro-respirador-descartable-n95-m920v-con-valvula","title":{"rendered":"STEELPRO RESPIRADOR DESCARTABLE N95 M920V CON VALVULA"},"content":{"rendered":"<h3>Descripci\u00f3n<\/h3>\n<ul>\n<li>Dise\u00f1o ultraliviano y ergon\u00f3mico.<\/li>\n<li>Clip de ajuste nasal en aluminio.<\/li>\n<li>Sello nasal interno en poliuretano.<\/li>\n<li>Doble Banda el\u00e1stica textil sin clips met\u00e1licos (no requieren pre \u2013 estiramiento).<\/li>\n<li>C\u00f3modo y de f\u00e1cil ajuste.<\/li>\n<li>Peso Respirador 10g.<\/li>\n<li>Unidad de empaque Caja por 20 Unidades.<\/li>\n<li>Aprobado NIOSH N95 (Est\u00e1ndar 42CFR84).<\/li>\n<\/ul>\n<h3><strong>Aplicaciones<\/strong><\/h3>\n<p>Protecci\u00f3n a material part\u00edculado de Aerosoles, Neblinas y Humos met\u00e1licos (Humos de Soldadura), libres de part\u00edculas oleosas (hasta 0.3 \u03bcm \/ flujo aire: 85 L\/min).<\/p>\n<p>Actividades de Construcci\u00f3n, Miner\u00eda, Mantenimiento, Industria, Alimentos, Tareas de corte, Lavado, Triturado, Lijado, Pulido, Molienda, Aserrado y Esmerilado.<\/p>\n","protected":false},"excerpt":{"rendered":"<p>Dise\u00f1o ultraliviano y ergon\u00f3mico, que adem\u00e1s incorpora una v\u00e1lvula de exhalaci\u00f3n. Brinda protecci\u00f3n contra polvos y aerosoles libres de part\u00edculas oleosas. Clasificada N-95 seg\u00fan norma niosh 42cfr84.<\/p>\n","protected":false},"featured_media":2516,"comment_status":"open","ping_status":"closed","template":"","meta":{"site-sidebar-layout":"default","site-content-layout":"default","ast-main-header-display":"","ast-hfb-above-header-display":"","ast-hfb-below-header-display":"","ast-hfb-mobile-header-display":"","site-post-title":"","ast-breadcrumbs-content":"","ast-featured-img":"","footer-sml-layout":"","theme-transparent-header-meta":"default","adv-header-id-meta":"","stick-header-meta":"","header-above-stick-meta":"","header-main-stick-meta":"","header-below-stick-meta":""},"product_brand":[],"product_cat":[24,25],"product_tag":[],"class_list":{"0":"post-1489","1":"product","2":"type-product","3":"status-publish","4":"has-post-thumbnail","6":"product_cat-bioseguridad-e-higiene","7":"product_cat-proteccion-respiratoria","9":"first","10":"instock","11":"shipping-taxable","12":"product-type-simple"},"_links":{"self":[{"href":"https:\/\/eyrsecurity.com\/index.php?rest_route=\/wp\/v2\/product\/1489","targetHints":{"allow":["GET"]}}],"collection":[{"href":"https:\/\/eyrsecurity.com\/index.php?rest_route=\/wp\/v2\/product"}],"about":[{"href":"https:\/\/eyrsecurity.com\/index.php?rest_route=\/wp\/v2\/types\/product"}],"replies":[{"embeddable":true,"href":"https:\/\/eyrsecurity.com\/index.php?rest_route=%2Fwp%2Fv2%2Fcomments&post=1489"}],"wp:featuredmedia":[{"embeddable":true,"href":"https:\/\/eyrsecurity.com\/index.php?rest_route=\/wp\/v2\/media\/2516"}],"wp:attachment":[{"href":"https:\/\/eyrsecurity.com\/index.php?rest_route=%2Fwp%2Fv2%2Fmedia&parent=1489"}],"wp:term":[{"taxonomy":"product_brand","embeddable":true,"href":"https:\/\/eyrsecurity.com\/index.php?rest_route=%2Fwp%2Fv2%2Fproduct_brand&post=1489"},{"taxonomy":"product_cat","embeddable":true,"href":"https:\/\/eyrsecurity.com\/index.php?rest_route=%2Fwp%2Fv2%2Fproduct_cat&post=1489"},{"taxonomy":"product_tag","embeddable":true,"href":"https:\/\/eyrsecurity.com\/index.php?rest_route=%2Fwp%2Fv2%2Fproduct_tag&post=1489"}],"curies":[{"name":"wp","href":"https:\/\/api.w.org\/{rel}","templated":true}]}}