{"id":1483,"date":"2021-10-18T05:42:03","date_gmt":"2021-10-18T05:42:03","guid":{"rendered":"https:\/\/eyrsecurity.com\/?post_type=product&#038;p=1483"},"modified":"2021-10-25T01:34:54","modified_gmt":"2021-10-25T01:34:54","slug":"cartucho-filtro-mixto-para-amoniaco-metilamina-y-particulas-3m-60924","status":"publish","type":"product","link":"https:\/\/eyrsecurity.com\/?product=cartucho-filtro-mixto-para-amoniaco-metilamina-y-particulas-3m-60924","title":{"rendered":"CARTUCHO\/FILTRO MIXTO PARA AMONIACO, METILAMINA Y PART\u00cdCULAS 3M\u2122, 60924"},"content":{"rendered":"<h4 class=\"MMM--hdg MMM--hdg_2 SNAPS--hdg_2 MMM--tabHeader\">Detalles<\/h4>\n<div class=\"tabContentContainer MMM--contentToggle-target MMM--isActive\">\n<div class=\"MMM--contentPadded MMM--accordionPanel\">\n<div class=\"MMM--grids\">\n<div class=\"MMM--grids-col MMM--grids-col_pdpMain\">\n<ul class=\"MMM--pdpList SNAPS--bullets\">\n<li>Aprobaci\u00f3n NIOSH.<\/li>\n<li>Cartucho combinado para amon\u00edaco\/metilamina con filtro de part\u00edculas P100<\/li>\n<li>Utilizar con Respiradores Reutilizables 3M\u2122<\/li>\n<li>Dise\u00f1o swept-back para mejora del campo de visi\u00f3n y el equilibrio<\/li>\n<li>60 piezas por cart\u00f3n<\/li>\n<\/ul>\n<\/div>\n<\/div>\n<\/div>\n<\/div>\n","protected":false},"excerpt":{"rendered":"<p class=\"SNAPS--pdpTabDes\">Brinda protecci\u00f3n respiratoria contra amoniaco, metilaminas y part\u00edculas de sustancias espec\u00edficas y reguladas por OSHA. Aprobado por NIOSH\/MSHA; se usa con los respiradores de media cara y cara completa 3M con soporte de filtro de bayoneta. No utilizar en \u00e1reas cerradas o espacios confinados.<\/p>\n<p class=\"SNAPS--pdpTabDes\">Este cartucho y filtro P100 contra amoniaco y metilamina puede usarse para una variedad de aplicaciones como la agricultura, la fabricaci\u00f3n de productos qu\u00edmicos, en laboratorios y en la industria alimentaria. El dise\u00f1o inclinado ofrece una mayor comodidad y visibilidad. &#8211; Cuando se ajusta de forma apropiada brinda protecci\u00f3n respiratoria contra el amoniaco, metilamina y contra part\u00edculas aceitosas y no aceitosas en concentraciones de hasta 10 veces el l\u00edmite de exposici\u00f3n permitido (PEL, por sus siglas en ingl\u00e9s) con piezas faciales medias o de hasta 50 veces con piezas faciales completas. &#8211; Las piezas faciales completas se deben someter a pruebas de ajuste cuantitativo para asegurar un factor de protecci\u00f3n asignado superior a 10 en modo de presi\u00f3n negativa. &#8211; No son aptas para usar en ambientes que representan un peligro directo para la vida o la salud (IDLH, por sus siglas en ingl\u00e9s).<\/p>\n","protected":false},"featured_media":2416,"comment_status":"open","ping_status":"closed","template":"","meta":{"site-sidebar-layout":"default","site-content-layout":"default","ast-main-header-display":"","ast-hfb-above-header-display":"","ast-hfb-below-header-display":"","ast-hfb-mobile-header-display":"","site-post-title":"","ast-breadcrumbs-content":"","ast-featured-img":"","footer-sml-layout":"","theme-transparent-header-meta":"default","adv-header-id-meta":"","stick-header-meta":"","header-above-stick-meta":"","header-main-stick-meta":"","header-below-stick-meta":""},"product_brand":[],"product_cat":[25],"product_tag":[],"class_list":{"0":"post-1483","1":"product","2":"type-product","3":"status-publish","4":"has-post-thumbnail","6":"product_cat-proteccion-respiratoria","8":"first","9":"instock","10":"shipping-taxable","11":"product-type-simple"},"_links":{"self":[{"href":"https:\/\/eyrsecurity.com\/index.php?rest_route=\/wp\/v2\/product\/1483","targetHints":{"allow":["GET"]}}],"collection":[{"href":"https:\/\/eyrsecurity.com\/index.php?rest_route=\/wp\/v2\/product"}],"about":[{"href":"https:\/\/eyrsecurity.com\/index.php?rest_route=\/wp\/v2\/types\/product"}],"replies":[{"embeddable":true,"href":"https:\/\/eyrsecurity.com\/index.php?rest_route=%2Fwp%2Fv2%2Fcomments&post=1483"}],"wp:featuredmedia":[{"embeddable":true,"href":"https:\/\/eyrsecurity.com\/index.php?rest_route=\/wp\/v2\/media\/2416"}],"wp:attachment":[{"href":"https:\/\/eyrsecurity.com\/index.php?rest_route=%2Fwp%2Fv2%2Fmedia&parent=1483"}],"wp:term":[{"taxonomy":"product_brand","embeddable":true,"href":"https:\/\/eyrsecurity.com\/index.php?rest_route=%2Fwp%2Fv2%2Fproduct_brand&post=1483"},{"taxonomy":"product_cat","embeddable":true,"href":"https:\/\/eyrsecurity.com\/index.php?rest_route=%2Fwp%2Fv2%2Fproduct_cat&post=1483"},{"taxonomy":"product_tag","embeddable":true,"href":"https:\/\/eyrsecurity.com\/index.php?rest_route=%2Fwp%2Fv2%2Fproduct_tag&post=1483"}],"curies":[{"name":"wp","href":"https:\/\/api.w.org\/{rel}","templated":true}]}}