{"id":1480,"date":"2021-10-18T05:42:03","date_gmt":"2021-10-18T05:42:03","guid":{"rendered":"https:\/\/eyrsecurity.com\/?post_type=product&#038;p=1480"},"modified":"2021-10-25T01:33:44","modified_gmt":"2021-10-25T01:33:44","slug":"cartucho-filtro-vapor-organico-3m-60921-p100-proteccion-respiratorio","status":"publish","type":"product","link":"https:\/\/eyrsecurity.com\/?product=cartucho-filtro-vapor-organico-3m-60921-p100-proteccion-respiratorio","title":{"rendered":"CARTUCHO\/FILTRO VAPOR ORG\u00c1NICO 3M\u2122 60921, P100 PROTECCI\u00d3N RESPIRATORIO"},"content":{"rendered":"<div class=\"MMM--hdg MMM--hdg_2 SNAPS--hdg_2 MMM--tabHeader\">Detalles<\/div>\n<div class=\"tabContentContainer MMM--contentToggle-target MMM--isActive\">\n<div class=\"MMM--contentPadded MMM--accordionPanel\">\n<div class=\"MMM--grids\">\n<div class=\"MMM--grids-col MMM--grids-col_pdpMain\">\n<ul class=\"MMM--pdpList SNAPS--bullets\">\n<li>Aprobaci\u00f3n NIOSH.<\/li>\n<li>Cartucho para vapor org\u00e1nico combinado con filtro para part\u00edculas P100<\/li>\n<li>Utilizar con Respiradores Reutilizables 3M\u2122<\/li>\n<li>Dise\u00f1o swept-back para mejora del campo de visi\u00f3n y el equilibrio<\/li>\n<li>60 piezas por cart\u00f3n<\/li>\n<\/ul>\n<p>Entre las aplicaciones recomendadas para el cartucho y filtro se incluyen las siguientes: limpieza de qu\u00edmicos, composici\u00f3n de qu\u00edmicos, transferencia de qu\u00edmicos, laboratorios y aplicaci\u00f3n de pesticidas. Las necesidades de inventario y los requisitos de capacitaci\u00f3n para el equipo de seguridad se reducen porque esta selecci\u00f3n de cartuchos de respiradores funcionan para muchas aplicaciones distintas. Este cartucho o filtro es de uso general en las siguientes industrias: agricultura, productos qu\u00edmicos, miner\u00eda, petr\u00f3leo y gas, productos farmac\u00e9uticos y metales primarios. Esta combinaci\u00f3n de cartucho y filtro para vapor org\u00e1nico funciona con piezas faciales medias y completas serie 6000, 7000 y FF-400 de 3M\u2122 con soportes de bayoneta. El cartucho y filtro est\u00e1 aprobado por el NIOSH (Instituto Nacional para la Seguridad y Salud Ocupacional) para ambientes que contienen ciertos vapores org\u00e1nicos y part\u00edculas aceitosas y no aceitosas. El cartucho y filtro tiene el c\u00f3digo de color \u00abMagenta y negro\u00bb en el sistema del NIOSH. Respirar part\u00edculas y vapores org\u00e1nicos puede representar un riesgo para la salud. El NIOSH es una agencia reguladora del gobierno federal que prob\u00f3 y aprob\u00f3 el cartucho para vapores org\u00e1nicos 60921 de 3M\u2122, el cual est\u00e1 dise\u00f1ado para ayudar a reducir la exposici\u00f3n a ciertos vapores org\u00e1nicos y part\u00edculas.<\/p>\n<\/div>\n<\/div>\n<\/div>\n<\/div>\n","protected":false},"excerpt":{"rendered":"<p class=\"SNAPS--pdpTabDes\">Brinda protecci\u00f3n respiratoria contra ciertos vapores org\u00e1nicos y part\u00edculas de sustancias espec\u00edficas y reguladas por OSHA. Aprobado por NIOSH\/MSHA; se usa con los respiradores de media cara y cara completa 3M con soporte de filtro de bayoneta. No utilizar en \u00e1reas cerradas o espacios confinados.<\/p>\n<p class=\"SNAPS--pdpTabDes\">El cartucho y filtro para vapores org\u00e1nicos 60921 P100 de 3M\u2122 brinda protecci\u00f3n contra ciertas part\u00edculas y vapores org\u00e1nicos en diferentes ambientes. La combinaci\u00f3n de cartucho y filtro se puede utilizar para brindar protecci\u00f3n respiratoria contra ciertos vapores org\u00e1nicos y part\u00edculas aceitosas y no aceitosas en concentraciones de hasta 10 veces el l\u00edmite de exposici\u00f3n permitido (PEL, por sus siglas en ingl\u00e9s) con piezas faciales medias o de hasta 50 veces con piezas faciales completas a las que se prob\u00f3 su ajuste de forma cuantitativa. Este cartucho y filtro no es apto para usarse en ambientes que representan un peligro directo para la vida o la salud (IDLH, por sus siglas en ingl\u00e9s).<\/p>\n","protected":false},"featured_media":2413,"comment_status":"open","ping_status":"closed","template":"","meta":{"site-sidebar-layout":"default","site-content-layout":"default","ast-main-header-display":"","ast-hfb-above-header-display":"","ast-hfb-below-header-display":"","ast-hfb-mobile-header-display":"","site-post-title":"","ast-breadcrumbs-content":"","ast-featured-img":"","footer-sml-layout":"","theme-transparent-header-meta":"default","adv-header-id-meta":"","stick-header-meta":"","header-above-stick-meta":"","header-main-stick-meta":"","header-below-stick-meta":""},"product_brand":[],"product_cat":[25],"product_tag":[],"class_list":{"0":"post-1480","1":"product","2":"type-product","3":"status-publish","4":"has-post-thumbnail","6":"product_cat-proteccion-respiratoria","8":"first","9":"instock","10":"shipping-taxable","11":"product-type-simple"},"_links":{"self":[{"href":"https:\/\/eyrsecurity.com\/index.php?rest_route=\/wp\/v2\/product\/1480","targetHints":{"allow":["GET"]}}],"collection":[{"href":"https:\/\/eyrsecurity.com\/index.php?rest_route=\/wp\/v2\/product"}],"about":[{"href":"https:\/\/eyrsecurity.com\/index.php?rest_route=\/wp\/v2\/types\/product"}],"replies":[{"embeddable":true,"href":"https:\/\/eyrsecurity.com\/index.php?rest_route=%2Fwp%2Fv2%2Fcomments&post=1480"}],"wp:featuredmedia":[{"embeddable":true,"href":"https:\/\/eyrsecurity.com\/index.php?rest_route=\/wp\/v2\/media\/2413"}],"wp:attachment":[{"href":"https:\/\/eyrsecurity.com\/index.php?rest_route=%2Fwp%2Fv2%2Fmedia&parent=1480"}],"wp:term":[{"taxonomy":"product_brand","embeddable":true,"href":"https:\/\/eyrsecurity.com\/index.php?rest_route=%2Fwp%2Fv2%2Fproduct_brand&post=1480"},{"taxonomy":"product_cat","embeddable":true,"href":"https:\/\/eyrsecurity.com\/index.php?rest_route=%2Fwp%2Fv2%2Fproduct_cat&post=1480"},{"taxonomy":"product_tag","embeddable":true,"href":"https:\/\/eyrsecurity.com\/index.php?rest_route=%2Fwp%2Fv2%2Fproduct_tag&post=1480"}],"curies":[{"name":"wp","href":"https:\/\/api.w.org\/{rel}","templated":true}]}}