{"id":1474,"date":"2021-10-18T05:42:03","date_gmt":"2021-10-18T05:42:03","guid":{"rendered":"https:\/\/eyrsecurity.com\/?post_type=product&#038;p=1474"},"modified":"2021-10-25T02:45:14","modified_gmt":"2021-10-25T02:45:14","slug":"filtro-para-particulas-3mp100-2091-07000aad","status":"publish","type":"product","link":"https:\/\/eyrsecurity.com\/?product=filtro-para-particulas-3mp100-2091-07000aad","title":{"rendered":"FILTRO PARA PART\u00cdCULAS 3M\u2122P100, 2091\/07000(AAD)"},"content":{"rendered":"<h4 class=\"MMM--hdg MMM--hdg_2 SNAPS--hdg_2 MMM--tabHeader\">Detalles<\/h4>\n<div class=\"tabContentContainer MMM--contentToggle-target MMM--isActive\">\n<div class=\"MMM--contentPadded MMM--accordionPanel\">\n<div class=\"MMM--grids\">\n<div class=\"MMM--grids-col MMM--grids-col_pdpMain\">\n<ul class=\"MMM--pdpList SNAPS--bullets\">\n<li>Se fabrican con un Medio Filtrante Electrost\u00e1tico Avanzado, novedoso sistema de retenci\u00f3n de part\u00edculas que permite mayor eficiencia del filtro con menor ca\u00edda de presi\u00f3n.<\/li>\n<li>El dise\u00f1o de estos filtros, junto al respirador, permite una mejor distribuci\u00f3n del peso, con lo que se incrementa su comodidad.<\/li>\n<li>El filtro 3M 2091 est\u00e1 dise\u00f1ado para una m\u00e1xima eficiencia de filtrado.<\/li>\n<\/ul>\n<\/div>\n<\/div>\n<\/div>\n<\/div>\n","protected":false},"excerpt":{"rendered":"<p class=\"SNAPS--pdpTabDes\">Aprobado por NIOSH para ambientes con ciertas part\u00edculas aceitosas y no aceitosas.<\/p>\n<p class=\"SNAPS--pdpTabDes\">Usar con m\u00e1scaras medias y completas 3M\u2122 Serie 6000, 7000 y FF-400 con soporte de filtro para bayoneta. Cuando est\u00e9 ajustado correctamente, usar en una variedad de aplicaciones como esmerilado, lijado y soldadora para concentraciones de hasta 10 veces el l\u00edmite de exposici\u00f3n permisible (EL) con las medias m\u00e1scaras o 50 veces el PEL con m\u00e1scaras completas. Las m\u00e1scaras completas deber\u00e1n probarse cuantitativamente para asegurar el factor de protecci\u00f3n asignado por encima de 10 en modo de presi\u00f3n negativa. No usar en ambientes que sean un peligro inmediato para la vida o la salud (IDLH).<\/p>\n","protected":false},"featured_media":2424,"comment_status":"open","ping_status":"closed","template":"","meta":{"site-sidebar-layout":"default","site-content-layout":"default","ast-main-header-display":"","ast-hfb-above-header-display":"","ast-hfb-below-header-display":"","ast-hfb-mobile-header-display":"","site-post-title":"","ast-breadcrumbs-content":"","ast-featured-img":"","footer-sml-layout":"","theme-transparent-header-meta":"default","adv-header-id-meta":"","stick-header-meta":"","header-above-stick-meta":"","header-main-stick-meta":"","header-below-stick-meta":""},"product_brand":[],"product_cat":[25],"product_tag":[],"class_list":{"0":"post-1474","1":"product","2":"type-product","3":"status-publish","4":"has-post-thumbnail","6":"product_cat-proteccion-respiratoria","8":"first","9":"instock","10":"shipping-taxable","11":"product-type-simple"},"_links":{"self":[{"href":"https:\/\/eyrsecurity.com\/index.php?rest_route=\/wp\/v2\/product\/1474","targetHints":{"allow":["GET"]}}],"collection":[{"href":"https:\/\/eyrsecurity.com\/index.php?rest_route=\/wp\/v2\/product"}],"about":[{"href":"https:\/\/eyrsecurity.com\/index.php?rest_route=\/wp\/v2\/types\/product"}],"replies":[{"embeddable":true,"href":"https:\/\/eyrsecurity.com\/index.php?rest_route=%2Fwp%2Fv2%2Fcomments&post=1474"}],"wp:featuredmedia":[{"embeddable":true,"href":"https:\/\/eyrsecurity.com\/index.php?rest_route=\/wp\/v2\/media\/2424"}],"wp:attachment":[{"href":"https:\/\/eyrsecurity.com\/index.php?rest_route=%2Fwp%2Fv2%2Fmedia&parent=1474"}],"wp:term":[{"taxonomy":"product_brand","embeddable":true,"href":"https:\/\/eyrsecurity.com\/index.php?rest_route=%2Fwp%2Fv2%2Fproduct_brand&post=1474"},{"taxonomy":"product_cat","embeddable":true,"href":"https:\/\/eyrsecurity.com\/index.php?rest_route=%2Fwp%2Fv2%2Fproduct_cat&post=1474"},{"taxonomy":"product_tag","embeddable":true,"href":"https:\/\/eyrsecurity.com\/index.php?rest_route=%2Fwp%2Fv2%2Fproduct_tag&post=1474"}],"curies":[{"name":"wp","href":"https:\/\/api.w.org\/{rel}","templated":true}]}}