{"id":1473,"date":"2021-10-18T05:42:03","date_gmt":"2021-10-18T05:42:03","guid":{"rendered":"https:\/\/eyrsecurity.com\/?post_type=product&#038;p=1473"},"modified":"2021-10-25T02:46:41","modified_gmt":"2021-10-25T02:46:41","slug":"filtro-para-particulas-3m-p100-7093c","status":"publish","type":"product","link":"https:\/\/eyrsecurity.com\/?product=filtro-para-particulas-3m-p100-7093c","title":{"rendered":"FILTRO PARA PART\u00cdCULAS 3M\u2122 P100, 7093C"},"content":{"rendered":"<h4 class=\"MMM--hdg MMM--hdg_2 SNAPS--hdg_2 MMM--tabHeader\">Detalles<\/h4>\n<div class=\"tabContentContainer MMM--contentToggle-target MMM--isActive\">\n<div class=\"MMM--contentPadded MMM--accordionPanel\">\n<div class=\"MMM--grids\">\n<div class=\"MMM--grids-col MMM--grids-col_pdpMain\">\n<ul class=\"MMM--pdpList SNAPS--bullets\">\n<li>Los filtros 3M 7093 pueden ser utilizados con los respiradores 7500, 7800, FX FF-400 y Serie 6000 de 3M, a su vez est\u00e1n aprobados para la protecci\u00f3n contra polvos, humos met\u00e1licos y neblinas con o sin aceite.<\/li>\n<li>Cuenta con un medio filtrante avanzado, exclusivo sistema de retenci\u00f3n de part\u00edculas que permite mayor eficiencia del filtro con menor ca\u00edda de presi\u00f3n.<\/li>\n<li>El filtro se satura en forma m\u00e1s lenta, debido al dise\u00f1o cubierto que excluye a las part\u00edculas mayores, y al hecho de que este filtro posee un 50% m\u00e1s de superficie de filtraci\u00f3n que el antiguo filtro 3M 7093.<\/li>\n<li>La resistencia a la respiraci\u00f3n ha sido reducida de modo de aumentar el confort en la respiraci\u00f3n.<\/li>\n<\/ul>\n<\/div>\n<\/div>\n<\/div>\n<\/div>\n","protected":false},"excerpt":{"rendered":"<p class=\"SNAPS--pdpTabDes\">Este cartucho\/filtro es aprobado por NIOSH y ofrece el m\u00e1s alto nivel de protecci\u00f3n contra part\u00edculas con aceite y sin aceite. Dise\u00f1adas para el uso con respiradores de pieza facial media y completa series 6000, 7000 y FF-400.<\/p>\n<p class=\"SNAPS--pdpTabDes\">Si se coloca correctamente, se puede usar en una variedad de aplicaciones, incluyendo la soldadura corte con soplete, de metal colada, y la exposici\u00f3n al plomo, el asbesto, el cadmio, el ars\u00e9nico, el MDA y HF para concentraciones hasta 10 veces el l\u00edmite de exposici\u00f3n permisible (PEL) con caretas media o 50 veces PEL con caretas completas. Este filtro tambi\u00e9n proporciona protecci\u00f3n y alivio de niveles molestos contra exposiciones VO y AG. * 3M es recomendado para el alivio contra niveles molestos de vapores org\u00e1nicos y gases \u00e1cidos. Molestias para niveles de vapores org\u00e1nicos y gases \u00e1cidos se refiere a las concentraciones que no excedan PEL OSHA o los l\u00edmites de exposici\u00f3n profesional aplicables del gobierno, el que sea menor. No aprobado por NIOSH para vapores org\u00e1nicos y gases \u00e1cidos. No lo utilice para protecci\u00f3n respiratoria contra vapores org\u00e1nicos y gases \u00e1cidos (excepto el fluoruro de hidr\u00f3geno).<\/p>\n","protected":false},"featured_media":2473,"comment_status":"open","ping_status":"closed","template":"","meta":{"site-sidebar-layout":"default","site-content-layout":"default","ast-main-header-display":"","ast-hfb-above-header-display":"","ast-hfb-below-header-display":"","ast-hfb-mobile-header-display":"","site-post-title":"","ast-breadcrumbs-content":"","ast-featured-img":"","footer-sml-layout":"","theme-transparent-header-meta":"default","adv-header-id-meta":"","stick-header-meta":"","header-above-stick-meta":"","header-main-stick-meta":"","header-below-stick-meta":""},"product_brand":[],"product_cat":[25],"product_tag":[],"class_list":{"0":"post-1473","1":"product","2":"type-product","3":"status-publish","4":"has-post-thumbnail","6":"product_cat-proteccion-respiratoria","8":"first","9":"instock","10":"shipping-taxable","11":"product-type-simple"},"_links":{"self":[{"href":"https:\/\/eyrsecurity.com\/index.php?rest_route=\/wp\/v2\/product\/1473","targetHints":{"allow":["GET"]}}],"collection":[{"href":"https:\/\/eyrsecurity.com\/index.php?rest_route=\/wp\/v2\/product"}],"about":[{"href":"https:\/\/eyrsecurity.com\/index.php?rest_route=\/wp\/v2\/types\/product"}],"replies":[{"embeddable":true,"href":"https:\/\/eyrsecurity.com\/index.php?rest_route=%2Fwp%2Fv2%2Fcomments&post=1473"}],"wp:featuredmedia":[{"embeddable":true,"href":"https:\/\/eyrsecurity.com\/index.php?rest_route=\/wp\/v2\/media\/2473"}],"wp:attachment":[{"href":"https:\/\/eyrsecurity.com\/index.php?rest_route=%2Fwp%2Fv2%2Fmedia&parent=1473"}],"wp:term":[{"taxonomy":"product_brand","embeddable":true,"href":"https:\/\/eyrsecurity.com\/index.php?rest_route=%2Fwp%2Fv2%2Fproduct_brand&post=1473"},{"taxonomy":"product_cat","embeddable":true,"href":"https:\/\/eyrsecurity.com\/index.php?rest_route=%2Fwp%2Fv2%2Fproduct_cat&post=1473"},{"taxonomy":"product_tag","embeddable":true,"href":"https:\/\/eyrsecurity.com\/index.php?rest_route=%2Fwp%2Fv2%2Fproduct_tag&post=1473"}],"curies":[{"name":"wp","href":"https:\/\/api.w.org\/{rel}","templated":true}]}}