{"id":1472,"date":"2021-10-18T05:42:03","date_gmt":"2021-10-18T05:42:03","guid":{"rendered":"https:\/\/eyrsecurity.com\/?post_type=product&#038;p=1472"},"modified":"2021-10-25T02:47:22","modified_gmt":"2021-10-25T02:47:22","slug":"filtro-para-particulas-3m-p100-7093","status":"publish","type":"product","link":"https:\/\/eyrsecurity.com\/?product=filtro-para-particulas-3m-p100-7093","title":{"rendered":"FILTRO PARA PART\u00cdCULAS 3M\u2122 P100, 7093"},"content":{"rendered":"<h4 class=\"MMM--hdg MMM--hdg_2 SNAPS--hdg_2 MMM--tabHeader\">Detalles<\/h4>\n<div class=\"tabContentContainer MMM--contentToggle-target MMM--isActive\">\n<div class=\"MMM--contentPadded MMM--accordionPanel\">\n<div class=\"MMM--grids\">\n<div class=\"MMM--grids-col MMM--grids-col_pdpMain\">\n<ul class=\"MMM--pdpList SNAPS--bullets\">\n<li>Aprobaci\u00f3n NIOSH.<\/li>\n<li>Protecci\u00f3n contra part\u00edculas con certificaci\u00f3n P100<\/li>\n<li>Utilizar con Respiradores Reutilizables 3M\u2122<\/li>\n<\/ul>\n<h4 class=\"MMM--hdg MMM--pdpTabVr SNAPS--pdpTabVr\"><\/h4>\n<h4 class=\"MMM--hdg MMM--pdpTabVr SNAPS--pdpTabVr\">Aplicaciones sugeridas<\/h4>\n<ul>\n<li style=\"list-style-type: none;\">\n<ul class=\"MMM--pdpList SNAPS--bullets\">\n<li>Variedad de aplicaciones, incluyendo la soldadura, corte con soplete, de metal colada, y la exposici\u00f3n al plomo, el asbesto, el cadmio, el ars\u00e9nico<\/li>\n<\/ul>\n<\/li>\n<\/ul>\n<\/div>\n<\/div>\n<\/div>\n<\/div>\n","protected":false},"excerpt":{"rendered":"<p class=\"SNAPS--pdpTabDes\">Aprobado por NIOSH para usar en ambientes que contengan ciertas part\u00edculas aceitosas y de base no aceitosa. Usar con respiradores 3M serie 5000 o cartuchos 3M serie 6000 con adaptador 3M 503, m\u00e1scaras 3M serie 6000 o m\u00e1scaras 3M serie 7000 con soportes de filtro de bayoneta.<\/p>\n<p class=\"SNAPS--pdpTabDes\">Correctamente equipado, usar en una variedad de aplicaciones incluyendo soldadura, voladura, corte con coplete, vertido de metal y exposici\u00f3n al plomo, asbesto, casmio, ars\u00e9nico y MDA para concentraciones hasta 10 veces mayor que el l\u00edmite de exposici\u00f3n permisible (PEL) con medias m\u00e1scaras o 50 veces el PEl con m\u00e1scaras completas. Las m\u00e1scaras completas deben ser probadas cuantitativamente para clamar el factor de protecci\u00f3n asignado arriba de 10 en modo de presi\u00f3n negativa. No usar en amiente que son nmediatamente peligrosos para la vida o la salud (IDLH).<\/p>\n","protected":false},"featured_media":2418,"comment_status":"open","ping_status":"closed","template":"","meta":{"site-sidebar-layout":"default","site-content-layout":"default","ast-main-header-display":"","ast-hfb-above-header-display":"","ast-hfb-below-header-display":"","ast-hfb-mobile-header-display":"","site-post-title":"","ast-breadcrumbs-content":"","ast-featured-img":"","footer-sml-layout":"","theme-transparent-header-meta":"default","adv-header-id-meta":"","stick-header-meta":"","header-above-stick-meta":"","header-main-stick-meta":"","header-below-stick-meta":""},"product_brand":[],"product_cat":[25],"product_tag":[],"class_list":{"0":"post-1472","1":"product","2":"type-product","3":"status-publish","4":"has-post-thumbnail","6":"product_cat-proteccion-respiratoria","8":"first","9":"instock","10":"shipping-taxable","11":"product-type-simple"},"_links":{"self":[{"href":"https:\/\/eyrsecurity.com\/index.php?rest_route=\/wp\/v2\/product\/1472","targetHints":{"allow":["GET"]}}],"collection":[{"href":"https:\/\/eyrsecurity.com\/index.php?rest_route=\/wp\/v2\/product"}],"about":[{"href":"https:\/\/eyrsecurity.com\/index.php?rest_route=\/wp\/v2\/types\/product"}],"replies":[{"embeddable":true,"href":"https:\/\/eyrsecurity.com\/index.php?rest_route=%2Fwp%2Fv2%2Fcomments&post=1472"}],"wp:featuredmedia":[{"embeddable":true,"href":"https:\/\/eyrsecurity.com\/index.php?rest_route=\/wp\/v2\/media\/2418"}],"wp:attachment":[{"href":"https:\/\/eyrsecurity.com\/index.php?rest_route=%2Fwp%2Fv2%2Fmedia&parent=1472"}],"wp:term":[{"taxonomy":"product_brand","embeddable":true,"href":"https:\/\/eyrsecurity.com\/index.php?rest_route=%2Fwp%2Fv2%2Fproduct_brand&post=1472"},{"taxonomy":"product_cat","embeddable":true,"href":"https:\/\/eyrsecurity.com\/index.php?rest_route=%2Fwp%2Fv2%2Fproduct_cat&post=1472"},{"taxonomy":"product_tag","embeddable":true,"href":"https:\/\/eyrsecurity.com\/index.php?rest_route=%2Fwp%2Fv2%2Fproduct_tag&post=1472"}],"curies":[{"name":"wp","href":"https:\/\/api.w.org\/{rel}","templated":true}]}}