{"id":1471,"date":"2021-10-18T05:42:03","date_gmt":"2021-10-18T05:42:03","guid":{"rendered":"https:\/\/eyrsecurity.com\/?post_type=product&#038;p=1471"},"modified":"2021-10-25T01:13:15","modified_gmt":"2021-10-25T01:13:15","slug":"mascarilla-8214-n95-para-soldadura-vapores-organicos-3m","status":"publish","type":"product","link":"https:\/\/eyrsecurity.com\/?product=mascarilla-8214-n95-para-soldadura-vapores-organicos-3m","title":{"rendered":"MASCARILLA 8214 N95 PARA SOLDADURA, VAPORES ORG\u00c1NICOS 3M"},"content":{"rendered":"<p>3M Respirador para Part\u00edculas 8214, N95, con Sellado Facial y Alivio de los Niveles Molestos de Vapor Org\u00e1nico<\/p>\n<ul class=\"MMM--pdpList SNAPS--bullets js--bnftsPdPList\">\n<li>N95 Aprobado por NIOSH 42.CFR.84<\/li>\n<li>Para material particulado, humos de soldadura inclusive humos de soldadura el\u00e9ctrica en donde los gases de metales pueden estar presentes incluso aquellos con ozono tambi\u00e9n protege contra niveles molestos de vapores org\u00e1nicos.<\/li>\n<li>Filtro de carb\u00f3n para el alivio contra ozono** y niveles molestos de vapores org\u00e1nicos. *<\/li>\n<li>3M\u2122 v\u00e1lvula de exhalaci\u00f3n Cool Flow\u2122<\/li>\n<\/ul>\n","protected":false},"excerpt":{"rendered":"<p>El respirador para Soldadura libre de mantenimiento 3M\u2122 8214 N95 con capa de carb\u00f3n ayuda a proporcionar protecci\u00f3n respiratoria contra material particulado, humos de soldadura inclusive humos de soldadura el\u00e9ctrica en donde los gases de metales pueden estar presentes incluso aquellos con ozono tambi\u00e9n protege contra niveles molestos de vapores org\u00e1nicos. Tiene sello facial de espuma y V\u00e1lvula de exhalaci\u00f3n 3M \u2122 Cool Flow\u2122. Caja\/10<\/p>\n","protected":false},"featured_media":2502,"comment_status":"open","ping_status":"closed","template":"","meta":{"site-sidebar-layout":"default","site-content-layout":"default","ast-main-header-display":"","ast-hfb-above-header-display":"","ast-hfb-below-header-display":"","ast-hfb-mobile-header-display":"","site-post-title":"","ast-breadcrumbs-content":"","ast-featured-img":"","footer-sml-layout":"","theme-transparent-header-meta":"default","adv-header-id-meta":"","stick-header-meta":"","header-above-stick-meta":"","header-main-stick-meta":"","header-below-stick-meta":""},"product_brand":[],"product_cat":[24,25],"product_tag":[],"class_list":{"0":"post-1471","1":"product","2":"type-product","3":"status-publish","4":"has-post-thumbnail","6":"product_cat-bioseguridad-e-higiene","7":"product_cat-proteccion-respiratoria","9":"first","10":"instock","11":"shipping-taxable","12":"product-type-simple"},"_links":{"self":[{"href":"https:\/\/eyrsecurity.com\/index.php?rest_route=\/wp\/v2\/product\/1471","targetHints":{"allow":["GET"]}}],"collection":[{"href":"https:\/\/eyrsecurity.com\/index.php?rest_route=\/wp\/v2\/product"}],"about":[{"href":"https:\/\/eyrsecurity.com\/index.php?rest_route=\/wp\/v2\/types\/product"}],"replies":[{"embeddable":true,"href":"https:\/\/eyrsecurity.com\/index.php?rest_route=%2Fwp%2Fv2%2Fcomments&post=1471"}],"wp:featuredmedia":[{"embeddable":true,"href":"https:\/\/eyrsecurity.com\/index.php?rest_route=\/wp\/v2\/media\/2502"}],"wp:attachment":[{"href":"https:\/\/eyrsecurity.com\/index.php?rest_route=%2Fwp%2Fv2%2Fmedia&parent=1471"}],"wp:term":[{"taxonomy":"product_brand","embeddable":true,"href":"https:\/\/eyrsecurity.com\/index.php?rest_route=%2Fwp%2Fv2%2Fproduct_brand&post=1471"},{"taxonomy":"product_cat","embeddable":true,"href":"https:\/\/eyrsecurity.com\/index.php?rest_route=%2Fwp%2Fv2%2Fproduct_cat&post=1471"},{"taxonomy":"product_tag","embeddable":true,"href":"https:\/\/eyrsecurity.com\/index.php?rest_route=%2Fwp%2Fv2%2Fproduct_tag&post=1471"}],"curies":[{"name":"wp","href":"https:\/\/api.w.org\/{rel}","templated":true}]}}