{"id":1470,"date":"2021-10-18T05:42:03","date_gmt":"2021-10-18T05:42:03","guid":{"rendered":"https:\/\/eyrsecurity.com\/?post_type=product&#038;p=1470"},"modified":"2021-10-25T01:09:11","modified_gmt":"2021-10-25T01:09:11","slug":"respirador-media-cara-asa-126-3","status":"publish","type":"product","link":"https:\/\/eyrsecurity.com\/?product=respirador-media-cara-asa-126-3","title":{"rendered":"RESPIRADOR MEDIA CARA ASA-126-3"},"content":{"rendered":"","protected":false},"excerpt":{"rendered":"<p>Respirador media cara con filtro, impide el paso de gases y part\u00edculas de menor tama\u00f1o que los virus, apropiado para quienes recurren lugares con aglomeraci\u00f3n de personas y a quienes se reincorporar\u00e1n a laborar para uso preventivo de contagio.<br \/>\nEl respirador cuenta con silicona en los bordes para mayor comodidad y soporte, adem\u00e1s es reutilizable.<\/p>\n","protected":false},"featured_media":2442,"comment_status":"open","ping_status":"closed","template":"","meta":{"site-sidebar-layout":"default","site-content-layout":"default","ast-main-header-display":"","ast-hfb-above-header-display":"","ast-hfb-below-header-display":"","ast-hfb-mobile-header-display":"","site-post-title":"","ast-breadcrumbs-content":"","ast-featured-img":"","footer-sml-layout":"","theme-transparent-header-meta":"default","adv-header-id-meta":"","stick-header-meta":"","header-above-stick-meta":"","header-main-stick-meta":"","header-below-stick-meta":""},"product_brand":[],"product_cat":[24,25],"product_tag":[],"class_list":{"0":"post-1470","1":"product","2":"type-product","3":"status-publish","4":"has-post-thumbnail","6":"product_cat-bioseguridad-e-higiene","7":"product_cat-proteccion-respiratoria","9":"first","10":"instock","11":"shipping-taxable","12":"product-type-simple"},"_links":{"self":[{"href":"https:\/\/eyrsecurity.com\/index.php?rest_route=\/wp\/v2\/product\/1470","targetHints":{"allow":["GET"]}}],"collection":[{"href":"https:\/\/eyrsecurity.com\/index.php?rest_route=\/wp\/v2\/product"}],"about":[{"href":"https:\/\/eyrsecurity.com\/index.php?rest_route=\/wp\/v2\/types\/product"}],"replies":[{"embeddable":true,"href":"https:\/\/eyrsecurity.com\/index.php?rest_route=%2Fwp%2Fv2%2Fcomments&post=1470"}],"wp:featuredmedia":[{"embeddable":true,"href":"https:\/\/eyrsecurity.com\/index.php?rest_route=\/wp\/v2\/media\/2442"}],"wp:attachment":[{"href":"https:\/\/eyrsecurity.com\/index.php?rest_route=%2Fwp%2Fv2%2Fmedia&parent=1470"}],"wp:term":[{"taxonomy":"product_brand","embeddable":true,"href":"https:\/\/eyrsecurity.com\/index.php?rest_route=%2Fwp%2Fv2%2Fproduct_brand&post=1470"},{"taxonomy":"product_cat","embeddable":true,"href":"https:\/\/eyrsecurity.com\/index.php?rest_route=%2Fwp%2Fv2%2Fproduct_cat&post=1470"},{"taxonomy":"product_tag","embeddable":true,"href":"https:\/\/eyrsecurity.com\/index.php?rest_route=%2Fwp%2Fv2%2Fproduct_tag&post=1470"}],"curies":[{"name":"wp","href":"https:\/\/api.w.org\/{rel}","templated":true}]}}