{"id":1468,"date":"2021-10-18T05:42:03","date_gmt":"2021-10-18T05:42:03","guid":{"rendered":"https:\/\/eyrsecurity.com\/?post_type=product&#038;p=1468"},"modified":"2021-10-25T01:21:59","modified_gmt":"2021-10-25T01:21:59","slug":"mascarilla-3200-3m","status":"publish","type":"product","link":"https:\/\/eyrsecurity.com\/?product=mascarilla-3200-3m","title":{"rendered":"MASCARILLA 3200 3M"},"content":{"rendered":"<p>Su tama\u00f1o y forma compacta entrega una gran visibilidad para la realizaci\u00f3n de los trabajos requeridos. Presenta gran facilidad y comodidad para respirar dado su bajo peso y poco calor generado en su interior.<\/p>\n","protected":false},"excerpt":{"rendered":"<p>El Respirador 3200 de 1 v\u00eda, talla M\/L, se adapta a gran cantidad de fisonom\u00edas faciales. Dise\u00f1ado para ser utilizado con Filtro Mixto intercambiable (3311LA-55) con protecci\u00f3n contra Part\u00edculas y niveles molestos de Vapores Org\u00e1nicos.<\/p>\n","protected":false},"featured_media":2486,"comment_status":"open","ping_status":"closed","template":"","meta":{"site-sidebar-layout":"default","site-content-layout":"default","ast-main-header-display":"","ast-hfb-above-header-display":"","ast-hfb-below-header-display":"","ast-hfb-mobile-header-display":"","site-post-title":"","ast-breadcrumbs-content":"","ast-featured-img":"","footer-sml-layout":"","theme-transparent-header-meta":"default","adv-header-id-meta":"","stick-header-meta":"","header-above-stick-meta":"","header-main-stick-meta":"","header-below-stick-meta":""},"product_brand":[],"product_cat":[24,25],"product_tag":[],"class_list":{"0":"post-1468","1":"product","2":"type-product","3":"status-publish","4":"has-post-thumbnail","6":"product_cat-bioseguridad-e-higiene","7":"product_cat-proteccion-respiratoria","9":"first","10":"instock","11":"shipping-taxable","12":"product-type-simple"},"_links":{"self":[{"href":"https:\/\/eyrsecurity.com\/index.php?rest_route=\/wp\/v2\/product\/1468","targetHints":{"allow":["GET"]}}],"collection":[{"href":"https:\/\/eyrsecurity.com\/index.php?rest_route=\/wp\/v2\/product"}],"about":[{"href":"https:\/\/eyrsecurity.com\/index.php?rest_route=\/wp\/v2\/types\/product"}],"replies":[{"embeddable":true,"href":"https:\/\/eyrsecurity.com\/index.php?rest_route=%2Fwp%2Fv2%2Fcomments&post=1468"}],"wp:featuredmedia":[{"embeddable":true,"href":"https:\/\/eyrsecurity.com\/index.php?rest_route=\/wp\/v2\/media\/2486"}],"wp:attachment":[{"href":"https:\/\/eyrsecurity.com\/index.php?rest_route=%2Fwp%2Fv2%2Fmedia&parent=1468"}],"wp:term":[{"taxonomy":"product_brand","embeddable":true,"href":"https:\/\/eyrsecurity.com\/index.php?rest_route=%2Fwp%2Fv2%2Fproduct_brand&post=1468"},{"taxonomy":"product_cat","embeddable":true,"href":"https:\/\/eyrsecurity.com\/index.php?rest_route=%2Fwp%2Fv2%2Fproduct_cat&post=1468"},{"taxonomy":"product_tag","embeddable":true,"href":"https:\/\/eyrsecurity.com\/index.php?rest_route=%2Fwp%2Fv2%2Fproduct_tag&post=1468"}],"curies":[{"name":"wp","href":"https:\/\/api.w.org\/{rel}","templated":true}]}}