{"id":1466,"date":"2021-10-18T05:42:03","date_gmt":"2021-10-18T05:42:03","guid":{"rendered":"https:\/\/eyrsecurity.com\/?post_type=product&#038;p=1466"},"modified":"2021-10-25T01:19:41","modified_gmt":"2021-10-25T01:19:41","slug":"mascarilla-3m-8210v","status":"publish","type":"product","link":"https:\/\/eyrsecurity.com\/?product=mascarilla-3m-8210v","title":{"rendered":"MASCARILLA 3M 8210V"},"content":{"rendered":"<ul>\n<li>Evita el calentamiento respiratorio<\/li>\n<li>Brinda una efectiva, confortable e higi\u00e9nica protecci\u00f3n respiratoria contra aerosoles s\u00f3lidos y ciertos l\u00edquidos sin aceite<\/li>\n<li>Posee v\u00e1lvula de exhalaci\u00f3n Cool Flow\u2122 (v\u00e1lvula de aire fresco) que ofrece mayor comodidad y frescura al usuario<\/li>\n<li>Fabricado con un Medio Filtrante Electrost\u00e1tico Avanzado, novedoso sistema de retenci\u00f3n de part\u00edculas que permite mayor eficiencia del filtro con menor ca\u00edda de presi\u00f3n<\/li>\n<li>El dise\u00f1o de sus bandas el\u00e1sticas ajustables, la espuma de sellado y el clip de aluminio aseguran un excelente sello, adapt\u00e1ndose a un amplio rango de tama\u00f1os de cara.<\/li>\n<li>Aprobado por NIOSH 42.CFR.84: N95<\/li>\n<li>3M\u2122 v\u00e1lvula de exhalaci\u00f3n Cool Flow\u2122<\/li>\n<li>Materiales interiores Suaves<\/li>\n<li>Compatible con una variedad de gafas protectoras y protecci\u00f3n auditiva<\/li>\n<li>Clip nasal ajustable (M) que reduce la posibilidad de que se empa\u00f1en las gafas y ayuda a asegurar un sellado seguro y conveniente<\/li>\n<\/ul>\n","protected":false},"excerpt":{"rendered":"<p>El respirador libre de mantenimiento N95, 3M\u2122 8210V cuenta con la caracter\u00edstica exclusiva y patentada; la v\u00e1lvula 3M\u2122 Cool Flow\u2122 que ayuda a proveer una protecci\u00f3n respiratoria c\u00f3moda y confiable al trabajador contra ciertas part\u00edculas sin aceite. Es ideal para entornos de trabajo h\u00famedos, calurosos con polvo y que requieran largos periodos de uso.<\/p>\n","protected":false},"featured_media":2478,"comment_status":"open","ping_status":"closed","template":"","meta":{"site-sidebar-layout":"default","site-content-layout":"default","ast-main-header-display":"","ast-hfb-above-header-display":"","ast-hfb-below-header-display":"","ast-hfb-mobile-header-display":"","site-post-title":"","ast-breadcrumbs-content":"","ast-featured-img":"","footer-sml-layout":"","theme-transparent-header-meta":"default","adv-header-id-meta":"","stick-header-meta":"","header-above-stick-meta":"","header-main-stick-meta":"","header-below-stick-meta":""},"product_brand":[],"product_cat":[24,25],"product_tag":[],"class_list":{"0":"post-1466","1":"product","2":"type-product","3":"status-publish","4":"has-post-thumbnail","6":"product_cat-bioseguridad-e-higiene","7":"product_cat-proteccion-respiratoria","9":"first","10":"instock","11":"shipping-taxable","12":"product-type-simple"},"_links":{"self":[{"href":"https:\/\/eyrsecurity.com\/index.php?rest_route=\/wp\/v2\/product\/1466","targetHints":{"allow":["GET"]}}],"collection":[{"href":"https:\/\/eyrsecurity.com\/index.php?rest_route=\/wp\/v2\/product"}],"about":[{"href":"https:\/\/eyrsecurity.com\/index.php?rest_route=\/wp\/v2\/types\/product"}],"replies":[{"embeddable":true,"href":"https:\/\/eyrsecurity.com\/index.php?rest_route=%2Fwp%2Fv2%2Fcomments&post=1466"}],"wp:featuredmedia":[{"embeddable":true,"href":"https:\/\/eyrsecurity.com\/index.php?rest_route=\/wp\/v2\/media\/2478"}],"wp:attachment":[{"href":"https:\/\/eyrsecurity.com\/index.php?rest_route=%2Fwp%2Fv2%2Fmedia&parent=1466"}],"wp:term":[{"taxonomy":"product_brand","embeddable":true,"href":"https:\/\/eyrsecurity.com\/index.php?rest_route=%2Fwp%2Fv2%2Fproduct_brand&post=1466"},{"taxonomy":"product_cat","embeddable":true,"href":"https:\/\/eyrsecurity.com\/index.php?rest_route=%2Fwp%2Fv2%2Fproduct_cat&post=1466"},{"taxonomy":"product_tag","embeddable":true,"href":"https:\/\/eyrsecurity.com\/index.php?rest_route=%2Fwp%2Fv2%2Fproduct_tag&post=1466"}],"curies":[{"name":"wp","href":"https:\/\/api.w.org\/{rel}","templated":true}]}}