{"id":1464,"date":"2021-10-18T05:42:00","date_gmt":"2021-10-18T05:42:00","guid":{"rendered":"https:\/\/eyrsecurity.com\/?post_type=product&#038;p=1464"},"modified":"2021-10-25T01:24:57","modified_gmt":"2021-10-25T01:24:57","slug":"faciales-ffp1-de-plegado-vertical-dolomite","status":"publish","type":"product","link":"https:\/\/eyrsecurity.com\/?product=faciales-ffp1-de-plegado-vertical-dolomite","title":{"rendered":"FACIALES FFP1 DE PLEGADO VERTICAL &#8211; DOLOMITE"},"content":{"rendered":"","protected":false},"excerpt":{"rendered":"<section class=\"blocContenu blocContenu-first\">\n<div>Mascarillas filtrantes FFP1 de fibra sint\u00e9tica no tejida. L\u00e1mina nasal de ajuste. Refuerzo borde espuma bajo l\u00e1mina nasal. Test opcional DOLOMITE para un confort respiratorio prolongado.<\/div>\n<\/section>\n<section class=\"blocContenu\">\n<div>FFP1 NR D<\/div>\n<\/section>\n<section class=\"blocContenu\">\n<div>Mask: non-woven synthetic.<\/div>\n<\/section>\n","protected":false},"featured_media":2480,"comment_status":"open","ping_status":"closed","template":"","meta":{"site-sidebar-layout":"default","site-content-layout":"default","ast-main-header-display":"","ast-hfb-above-header-display":"","ast-hfb-below-header-display":"","ast-hfb-mobile-header-display":"","site-post-title":"","ast-breadcrumbs-content":"","ast-featured-img":"","footer-sml-layout":"","theme-transparent-header-meta":"default","adv-header-id-meta":"","stick-header-meta":"","header-above-stick-meta":"","header-main-stick-meta":"","header-below-stick-meta":""},"product_brand":[],"product_cat":[24,25],"product_tag":[],"class_list":{"0":"post-1464","1":"product","2":"type-product","3":"status-publish","4":"has-post-thumbnail","6":"product_cat-bioseguridad-e-higiene","7":"product_cat-proteccion-respiratoria","9":"first","10":"instock","11":"shipping-taxable","12":"product-type-simple"},"_links":{"self":[{"href":"https:\/\/eyrsecurity.com\/index.php?rest_route=\/wp\/v2\/product\/1464","targetHints":{"allow":["GET"]}}],"collection":[{"href":"https:\/\/eyrsecurity.com\/index.php?rest_route=\/wp\/v2\/product"}],"about":[{"href":"https:\/\/eyrsecurity.com\/index.php?rest_route=\/wp\/v2\/types\/product"}],"replies":[{"embeddable":true,"href":"https:\/\/eyrsecurity.com\/index.php?rest_route=%2Fwp%2Fv2%2Fcomments&post=1464"}],"wp:featuredmedia":[{"embeddable":true,"href":"https:\/\/eyrsecurity.com\/index.php?rest_route=\/wp\/v2\/media\/2480"}],"wp:attachment":[{"href":"https:\/\/eyrsecurity.com\/index.php?rest_route=%2Fwp%2Fv2%2Fmedia&parent=1464"}],"wp:term":[{"taxonomy":"product_brand","embeddable":true,"href":"https:\/\/eyrsecurity.com\/index.php?rest_route=%2Fwp%2Fv2%2Fproduct_brand&post=1464"},{"taxonomy":"product_cat","embeddable":true,"href":"https:\/\/eyrsecurity.com\/index.php?rest_route=%2Fwp%2Fv2%2Fproduct_cat&post=1464"},{"taxonomy":"product_tag","embeddable":true,"href":"https:\/\/eyrsecurity.com\/index.php?rest_route=%2Fwp%2Fv2%2Fproduct_tag&post=1464"}],"curies":[{"name":"wp","href":"https:\/\/api.w.org\/{rel}","templated":true}]}}