{"id":1461,"date":"2021-10-18T05:42:00","date_gmt":"2021-10-18T05:42:00","guid":{"rendered":"https:\/\/eyrsecurity.com\/?post_type=product&#038;p=1461"},"modified":"2021-10-23T01:06:13","modified_gmt":"2021-10-23T01:06:13","slug":"tapon-endoural-quantum-libus","status":"publish","type":"product","link":"https:\/\/eyrsecurity.com\/?product=tapon-endoural-quantum-libus","title":{"rendered":"TAP\u00d3N ENDOURAL QUANTUM LIBUS"},"content":{"rendered":"<ul>\n<li>Tap\u00f3n que suministra protecci\u00f3n contra ruido por inserci\u00f3n en el canal auditivo.<\/li>\n<li>Fabricado en pol\u00edmero ultra-soft hipo-alerg\u00e9nico, brinda un confortable<\/li>\n<li>y efectivo sello.<\/li>\n<li>LIBRE DE PVC.<\/li>\n<li>Resistente a la cera del o\u00eddo y lavable.<\/li>\n<li>Dise\u00f1o de tres aletas que permite su ajuste a todos los canales auditivos.<\/li>\n<li>Grip resistente para facilitar el posicionamiento y la correcta inserci\u00f3n\/remoci\u00f3n.<\/li>\n<li>Color verde fluo. F\u00e1cil identificaci\u00f3n del personal que lo est\u00e1 usando.<\/li>\n<li>Provistos con cord\u00f3n textil de poli\u00e9ster.<\/li>\n<li>Modelo detectable: incluyen un inserto met\u00e1lico que permite la detecci\u00f3n de<\/li>\n<li>presencia ante p\u00e9rdida (por ej.: industria alimenticia).<\/li>\n<li>Recomendado para niveles moderados de ruido.<\/li>\n<\/ul>\n","protected":false},"excerpt":{"rendered":"<p>Tap\u00f3n que suministra protecci\u00f3n contra ruido por inserci\u00f3n en el canal auditivo. Fabricado en pol\u00edmero ultra-soft hipo-alerg\u00e9nico, brinda un confortable y efectivo sello. LIBRE DE PVC. Resistente a la cera del o\u00eddo y lavable. Dise\u00f1o de tres aletas que permite su ajuste a todos los canales auditivos. Grip resistente para facilitar el posicionamiento y la &hellip;<\/p>\n<p class=\"read-more\"> <a class=\"\" href=\"https:\/\/eyrsecurity.com\/?product=tapon-endoural-quantum-libus\"> <span class=\"screen-reader-text\">TAP\u00d3N ENDOURAL QUANTUM LIBUS<\/span> Leer m\u00e1s &raquo;<\/a><\/p>\n","protected":false},"featured_media":2138,"comment_status":"open","ping_status":"closed","template":"","meta":{"site-sidebar-layout":"default","site-content-layout":"default","ast-main-header-display":"","ast-hfb-above-header-display":"","ast-hfb-below-header-display":"","ast-hfb-mobile-header-display":"","site-post-title":"","ast-breadcrumbs-content":"","ast-featured-img":"","footer-sml-layout":"","theme-transparent-header-meta":"default","adv-header-id-meta":"","stick-header-meta":"","header-above-stick-meta":"","header-main-stick-meta":"","header-below-stick-meta":""},"product_brand":[],"product_cat":[22],"product_tag":[],"class_list":{"0":"post-1461","1":"product","2":"type-product","3":"status-publish","4":"has-post-thumbnail","6":"product_cat-proteccion-auditiva","8":"first","9":"instock","10":"shipping-taxable","11":"product-type-simple"},"_links":{"self":[{"href":"https:\/\/eyrsecurity.com\/index.php?rest_route=\/wp\/v2\/product\/1461","targetHints":{"allow":["GET"]}}],"collection":[{"href":"https:\/\/eyrsecurity.com\/index.php?rest_route=\/wp\/v2\/product"}],"about":[{"href":"https:\/\/eyrsecurity.com\/index.php?rest_route=\/wp\/v2\/types\/product"}],"replies":[{"embeddable":true,"href":"https:\/\/eyrsecurity.com\/index.php?rest_route=%2Fwp%2Fv2%2Fcomments&post=1461"}],"wp:featuredmedia":[{"embeddable":true,"href":"https:\/\/eyrsecurity.com\/index.php?rest_route=\/wp\/v2\/media\/2138"}],"wp:attachment":[{"href":"https:\/\/eyrsecurity.com\/index.php?rest_route=%2Fwp%2Fv2%2Fmedia&parent=1461"}],"wp:term":[{"taxonomy":"product_brand","embeddable":true,"href":"https:\/\/eyrsecurity.com\/index.php?rest_route=%2Fwp%2Fv2%2Fproduct_brand&post=1461"},{"taxonomy":"product_cat","embeddable":true,"href":"https:\/\/eyrsecurity.com\/index.php?rest_route=%2Fwp%2Fv2%2Fproduct_cat&post=1461"},{"taxonomy":"product_tag","embeddable":true,"href":"https:\/\/eyrsecurity.com\/index.php?rest_route=%2Fwp%2Fv2%2Fproduct_tag&post=1461"}],"curies":[{"name":"wp","href":"https:\/\/api.w.org\/{rel}","templated":true}]}}