{"id":1460,"date":"2021-10-18T05:42:00","date_gmt":"2021-10-18T05:42:00","guid":{"rendered":"https:\/\/eyrsecurity.com\/?post_type=product&#038;p=1460"},"modified":"2021-10-23T01:05:52","modified_gmt":"2021-10-23T01:05:52","slug":"tapon-auditivo-silicona-elite-clute","status":"publish","type":"product","link":"https:\/\/eyrsecurity.com\/?product=tapon-auditivo-silicona-elite-clute","title":{"rendered":"TAPON AUDITIVO SILICONA ELITE CLUTE"},"content":{"rendered":"<h4>Caracter\u00edsticas:<\/h4>\n<ul>\n<li>Especificaci\u00f3n T\u00e9cnic<\/li>\n<li>Fabricado de un elast\u00f3mero termopl\u00e1stico (TPR); material hipoalerg\u00e9nico, brinda comodidad y un efectivo sello.<\/li>\n<li>Tap\u00f3n de \u00fanico tama\u00f1o que cubre un amplio rango de tallas.<\/li>\n<li>Es reutilizable, resiste la cera del o\u00eddo y es lavable.<\/li>\n<li>Su dise\u00f1o c\u00f3nico y de tres aletas facilita su inserci\u00f3n y permite su ajuste a todos los canales auditivos.<\/li>\n<li>Grip resistente para facilitar su posicionamiento y la correcta inserci\u00f3n\/remoci\u00f3n.<\/li>\n<li>Color verde fluo, facilita su identificaci\u00f3n en el personal que lo usa.<\/li>\n<li>Provistos de un cord\u00f3n textil de poli\u00e9ster.<\/li>\n<\/ul>\n","protected":false},"excerpt":{"rendered":"<p>Los tapones auditivos reutilizables de CLUTE, modelo ELITE con cord\u00f3n, son dise\u00f1ados para ser insertados en el canal auditivo y ayudar a reducir la exposici\u00f3n de ruido a niveles que no sean da\u00f1inos o molestos.<br \/>\nNuestros tapones son de una atenuaci\u00f3n moderada (NRR dB) que facilitan una protecci\u00f3n \u00f3ptima, a la vez que reducen la sensaci\u00f3n de aislamiento por parte del usuario. Su dise\u00f1o es moderno y atractivo, adem\u00e1s de otorgar comodidad gracias a su material blando y flexible.<\/p>\n","protected":false},"featured_media":2141,"comment_status":"open","ping_status":"closed","template":"","meta":{"site-sidebar-layout":"default","site-content-layout":"default","ast-main-header-display":"","ast-hfb-above-header-display":"","ast-hfb-below-header-display":"","ast-hfb-mobile-header-display":"","site-post-title":"","ast-breadcrumbs-content":"","ast-featured-img":"","footer-sml-layout":"","theme-transparent-header-meta":"default","adv-header-id-meta":"","stick-header-meta":"","header-above-stick-meta":"","header-main-stick-meta":"","header-below-stick-meta":""},"product_brand":[],"product_cat":[22],"product_tag":[],"class_list":{"0":"post-1460","1":"product","2":"type-product","3":"status-publish","4":"has-post-thumbnail","6":"product_cat-proteccion-auditiva","8":"first","9":"instock","10":"shipping-taxable","11":"product-type-simple"},"_links":{"self":[{"href":"https:\/\/eyrsecurity.com\/index.php?rest_route=\/wp\/v2\/product\/1460","targetHints":{"allow":["GET"]}}],"collection":[{"href":"https:\/\/eyrsecurity.com\/index.php?rest_route=\/wp\/v2\/product"}],"about":[{"href":"https:\/\/eyrsecurity.com\/index.php?rest_route=\/wp\/v2\/types\/product"}],"replies":[{"embeddable":true,"href":"https:\/\/eyrsecurity.com\/index.php?rest_route=%2Fwp%2Fv2%2Fcomments&post=1460"}],"wp:featuredmedia":[{"embeddable":true,"href":"https:\/\/eyrsecurity.com\/index.php?rest_route=\/wp\/v2\/media\/2141"}],"wp:attachment":[{"href":"https:\/\/eyrsecurity.com\/index.php?rest_route=%2Fwp%2Fv2%2Fmedia&parent=1460"}],"wp:term":[{"taxonomy":"product_brand","embeddable":true,"href":"https:\/\/eyrsecurity.com\/index.php?rest_route=%2Fwp%2Fv2%2Fproduct_brand&post=1460"},{"taxonomy":"product_cat","embeddable":true,"href":"https:\/\/eyrsecurity.com\/index.php?rest_route=%2Fwp%2Fv2%2Fproduct_cat&post=1460"},{"taxonomy":"product_tag","embeddable":true,"href":"https:\/\/eyrsecurity.com\/index.php?rest_route=%2Fwp%2Fv2%2Fproduct_tag&post=1460"}],"curies":[{"name":"wp","href":"https:\/\/api.w.org\/{rel}","templated":true}]}}