{"id":1458,"date":"2021-10-18T05:42:00","date_gmt":"2021-10-18T05:42:00","guid":{"rendered":"https:\/\/eyrsecurity.com\/?post_type=product&#038;p=1458"},"modified":"2021-10-23T01:04:15","modified_gmt":"2021-10-23T01:04:15","slug":"protector-auditivo-fono-cm-502-c-steelpro","status":"publish","type":"product","link":"https:\/\/eyrsecurity.com\/?product=protector-auditivo-fono-cm-502-c-steelpro","title":{"rendered":"PROTECTOR AUDITIVO FONO CM 502 C STEELPRO"},"content":{"rendered":"<p>El Modelo CM 502 C es la combinaci\u00f3n perfecta decomodidad y rendimiento. Nivel de protecci\u00f3n corresponde a 26 dB SNR Copas: ABS y policarbonatos de alta resistencia al impacto y choques contra materiales fijos.<\/p>\n<ul>\n<li>Banda acolchada.<\/li>\n<li>Puede ajustar la altura del fono para brindar una combinaci\u00f3n perfecta entre comodidad y confort.<\/li>\n<li>Peso: 250 gramos.<\/li>\n<\/ul>\n","protected":false},"excerpt":{"rendered":"<p>La l\u00ednea de protectores auditivos Steelpro modelo CM 502 C dise\u00f1ada para proteger contra los riesgos diarios producidos por el ruido de manera de evitar p\u00e9rdidas de audici\u00f3n. Es un protector auditivo diel\u00e9ctrico ya que no posee componentes met\u00e1licos. Posee el suciente<br \/>\nespacio para generar el acople a todo tipo de orejas, sea cual fuere su tama\u00f1o.<\/p>\n","protected":false},"featured_media":2161,"comment_status":"open","ping_status":"closed","template":"","meta":{"site-sidebar-layout":"default","site-content-layout":"default","ast-main-header-display":"","ast-hfb-above-header-display":"","ast-hfb-below-header-display":"","ast-hfb-mobile-header-display":"","site-post-title":"","ast-breadcrumbs-content":"","ast-featured-img":"","footer-sml-layout":"","theme-transparent-header-meta":"default","adv-header-id-meta":"","stick-header-meta":"","header-above-stick-meta":"","header-main-stick-meta":"","header-below-stick-meta":""},"product_brand":[],"product_cat":[22],"product_tag":[],"class_list":{"0":"post-1458","1":"product","2":"type-product","3":"status-publish","4":"has-post-thumbnail","6":"product_cat-proteccion-auditiva","8":"first","9":"instock","10":"shipping-taxable","11":"product-type-simple"},"_links":{"self":[{"href":"https:\/\/eyrsecurity.com\/index.php?rest_route=\/wp\/v2\/product\/1458","targetHints":{"allow":["GET"]}}],"collection":[{"href":"https:\/\/eyrsecurity.com\/index.php?rest_route=\/wp\/v2\/product"}],"about":[{"href":"https:\/\/eyrsecurity.com\/index.php?rest_route=\/wp\/v2\/types\/product"}],"replies":[{"embeddable":true,"href":"https:\/\/eyrsecurity.com\/index.php?rest_route=%2Fwp%2Fv2%2Fcomments&post=1458"}],"wp:featuredmedia":[{"embeddable":true,"href":"https:\/\/eyrsecurity.com\/index.php?rest_route=\/wp\/v2\/media\/2161"}],"wp:attachment":[{"href":"https:\/\/eyrsecurity.com\/index.php?rest_route=%2Fwp%2Fv2%2Fmedia&parent=1458"}],"wp:term":[{"taxonomy":"product_brand","embeddable":true,"href":"https:\/\/eyrsecurity.com\/index.php?rest_route=%2Fwp%2Fv2%2Fproduct_brand&post=1458"},{"taxonomy":"product_cat","embeddable":true,"href":"https:\/\/eyrsecurity.com\/index.php?rest_route=%2Fwp%2Fv2%2Fproduct_cat&post=1458"},{"taxonomy":"product_tag","embeddable":true,"href":"https:\/\/eyrsecurity.com\/index.php?rest_route=%2Fwp%2Fv2%2Fproduct_tag&post=1458"}],"curies":[{"name":"wp","href":"https:\/\/api.w.org\/{rel}","templated":true}]}}