{"id":1454,"date":"2021-10-18T05:42:00","date_gmt":"2021-10-18T05:42:00","guid":{"rendered":"https:\/\/eyrsecurity.com\/?post_type=product&#038;p=1454"},"modified":"2021-10-23T00:53:00","modified_gmt":"2021-10-23T00:53:00","slug":"tapon-de-oido-3m-1270-y-1271","status":"publish","type":"product","link":"https:\/\/eyrsecurity.com\/?product=tapon-de-oido-3m-1270-y-1271","title":{"rendered":"TAPON DE OIDO 3M 1270 y 1271"},"content":{"rendered":"<h4>Aplicaciones<\/h4>\n<p>Los tapones auditivos 1270\/1271 pueden utilizarse en aquellas \u00e1reas donde existan niveles de ruido que puedan resultar da\u00f1inos para la audici\u00f3n, tales como aquellas existentes en la construcci\u00f3n, manufacturas, miner\u00eda, agroindustria, entre otros. Los protectores auditivos 1270\/1271 est\u00e1n recomendados especialmente para condiciones de trabajo donde exista humedad y\/o calor.<\/p>\n","protected":false},"excerpt":{"rendered":"<p>Los protectores auditivos del tipo tap\u00f3n reutilizable 1270\/1271 con cord\u00f3n de 3M, son fabricados con materiales hipoalerg\u00e9nicos, brindan una efectiva e higi\u00e9nica protecci\u00f3n a los trabajadores que se desempe\u00f1an en \u00e1reas donde los niveles de ruido superan los l\u00edmites establecidos en el<br \/>\nDecreto Supremo N\u00b0 594, como por ejemplo, 85 dB(A) para exposiciones efectivas a ruido durante 8 hrs.<br \/>\nSu forma c\u00f3nica y su superficie perfectamente lisa han sido espec\u00edficamente dise\u00f1adas para adaptarse c\u00f3modamente a la mayor\u00eda de los canales auditivos. El color naranja del tap\u00f3n 1270\/1271 permite una f\u00e1cil visualizaci\u00f3n y comprobaci\u00f3n de uso en los lugares de trabajo.<br \/>\nLa diferencia entre los modelos 1270 y 1271, es que el empaque de este \u00faltimo es un estuche pl\u00e1stico de color azul.<\/p>\n","protected":false},"featured_media":2190,"comment_status":"open","ping_status":"closed","template":"","meta":{"site-sidebar-layout":"default","site-content-layout":"default","ast-main-header-display":"","ast-hfb-above-header-display":"","ast-hfb-below-header-display":"","ast-hfb-mobile-header-display":"","site-post-title":"","ast-breadcrumbs-content":"","ast-featured-img":"","footer-sml-layout":"","theme-transparent-header-meta":"default","adv-header-id-meta":"","stick-header-meta":"","header-above-stick-meta":"","header-main-stick-meta":"","header-below-stick-meta":""},"product_brand":[],"product_cat":[22],"product_tag":[],"class_list":{"0":"post-1454","1":"product","2":"type-product","3":"status-publish","4":"has-post-thumbnail","6":"product_cat-proteccion-auditiva","8":"first","9":"instock","10":"shipping-taxable","11":"product-type-simple"},"_links":{"self":[{"href":"https:\/\/eyrsecurity.com\/index.php?rest_route=\/wp\/v2\/product\/1454","targetHints":{"allow":["GET"]}}],"collection":[{"href":"https:\/\/eyrsecurity.com\/index.php?rest_route=\/wp\/v2\/product"}],"about":[{"href":"https:\/\/eyrsecurity.com\/index.php?rest_route=\/wp\/v2\/types\/product"}],"replies":[{"embeddable":true,"href":"https:\/\/eyrsecurity.com\/index.php?rest_route=%2Fwp%2Fv2%2Fcomments&post=1454"}],"wp:featuredmedia":[{"embeddable":true,"href":"https:\/\/eyrsecurity.com\/index.php?rest_route=\/wp\/v2\/media\/2190"}],"wp:attachment":[{"href":"https:\/\/eyrsecurity.com\/index.php?rest_route=%2Fwp%2Fv2%2Fmedia&parent=1454"}],"wp:term":[{"taxonomy":"product_brand","embeddable":true,"href":"https:\/\/eyrsecurity.com\/index.php?rest_route=%2Fwp%2Fv2%2Fproduct_brand&post=1454"},{"taxonomy":"product_cat","embeddable":true,"href":"https:\/\/eyrsecurity.com\/index.php?rest_route=%2Fwp%2Fv2%2Fproduct_cat&post=1454"},{"taxonomy":"product_tag","embeddable":true,"href":"https:\/\/eyrsecurity.com\/index.php?rest_route=%2Fwp%2Fv2%2Fproduct_tag&post=1454"}],"curies":[{"name":"wp","href":"https:\/\/api.w.org\/{rel}","templated":true}]}}