{"id":1453,"date":"2021-10-18T05:42:00","date_gmt":"2021-10-18T05:42:00","guid":{"rendered":"https:\/\/eyrsecurity.com\/?post_type=product&#038;p=1453"},"modified":"2021-10-23T00:57:11","modified_gmt":"2021-10-23T00:57:11","slug":"tapon-de-oido-3m-1110","status":"publish","type":"product","link":"https:\/\/eyrsecurity.com\/?product=tapon-de-oido-3m-1110","title":{"rendered":"TAPON DE OIDO 3M 1110"},"content":{"rendered":"<h4>Aplicaciones<\/h4>\n<p>Los tapones auditivos 1110 pueden utilizarse en aquellas industrias donde exista riesgo de exposici\u00f3n a ruido, tales como contrucci\u00f3n, procesos de maderas, metalurgia, o donde existan motores o turbinas. Los protectrores audirivos 1110 est\u00e1n recomendados en aquellos puestos de trabajo expuestos al ruido, especialmente en condiciones de de trabjo con humedad o calor.<\/p>\n<p>&nbsp;<\/p>\n","protected":false},"excerpt":{"rendered":"<p>Los tapones protectores auditivos desechables 1110 con cord\u00f3n fabricados con materiales hipoalerg\u00e9nicos, brindan una efectiva e higi\u00e9nica protecci\u00f3n a los trabajadores que se desempe\u00f1an en \u00e1reas donde los niveles de ruido superan los 85 dB (A) por jornada de trabajo. Su forma c\u00f3nica y su superficie perfectamente lisa han sido espec\u00edficamente dise\u00f1ados para adaptarse c\u00f3modamente a la mayor\u00eda de los canales auditivos, el color naranja del tap\u00f3n 1110 permite una f\u00e1cil visualizaci\u00f3n y comprobaci\u00f3n de uso en los lugares de trabajo<\/p>\n","protected":false},"featured_media":2186,"comment_status":"open","ping_status":"closed","template":"","meta":{"site-sidebar-layout":"default","site-content-layout":"default","ast-main-header-display":"","ast-hfb-above-header-display":"","ast-hfb-below-header-display":"","ast-hfb-mobile-header-display":"","site-post-title":"","ast-breadcrumbs-content":"","ast-featured-img":"","footer-sml-layout":"","theme-transparent-header-meta":"default","adv-header-id-meta":"","stick-header-meta":"","header-above-stick-meta":"","header-main-stick-meta":"","header-below-stick-meta":""},"product_brand":[],"product_cat":[22],"product_tag":[],"class_list":{"0":"post-1453","1":"product","2":"type-product","3":"status-publish","4":"has-post-thumbnail","6":"product_cat-proteccion-auditiva","8":"first","9":"instock","10":"shipping-taxable","11":"product-type-simple"},"_links":{"self":[{"href":"https:\/\/eyrsecurity.com\/index.php?rest_route=\/wp\/v2\/product\/1453","targetHints":{"allow":["GET"]}}],"collection":[{"href":"https:\/\/eyrsecurity.com\/index.php?rest_route=\/wp\/v2\/product"}],"about":[{"href":"https:\/\/eyrsecurity.com\/index.php?rest_route=\/wp\/v2\/types\/product"}],"replies":[{"embeddable":true,"href":"https:\/\/eyrsecurity.com\/index.php?rest_route=%2Fwp%2Fv2%2Fcomments&post=1453"}],"wp:featuredmedia":[{"embeddable":true,"href":"https:\/\/eyrsecurity.com\/index.php?rest_route=\/wp\/v2\/media\/2186"}],"wp:attachment":[{"href":"https:\/\/eyrsecurity.com\/index.php?rest_route=%2Fwp%2Fv2%2Fmedia&parent=1453"}],"wp:term":[{"taxonomy":"product_brand","embeddable":true,"href":"https:\/\/eyrsecurity.com\/index.php?rest_route=%2Fwp%2Fv2%2Fproduct_brand&post=1453"},{"taxonomy":"product_cat","embeddable":true,"href":"https:\/\/eyrsecurity.com\/index.php?rest_route=%2Fwp%2Fv2%2Fproduct_cat&post=1453"},{"taxonomy":"product_tag","embeddable":true,"href":"https:\/\/eyrsecurity.com\/index.php?rest_route=%2Fwp%2Fv2%2Fproduct_tag&post=1453"}],"curies":[{"name":"wp","href":"https:\/\/api.w.org\/{rel}","templated":true}]}}