{"id":1451,"date":"2021-10-18T05:42:00","date_gmt":"2021-10-18T05:42:00","guid":{"rendered":"https:\/\/eyrsecurity.com\/?post_type=product&#038;p=1451"},"modified":"2021-10-23T01:07:40","modified_gmt":"2021-10-23T01:07:40","slug":"orejera-clute-hunter","status":"publish","type":"product","link":"https:\/\/eyrsecurity.com\/?product=orejera-clute-hunter","title":{"rendered":"OREJERA CLUTE HUNTER"},"content":{"rendered":"<ul>\n<li>Copas de polipropileno ultralivianas.<\/li>\n<li>Confortable y suave sellamiento de almohadilla.<\/li>\n<li>Almohadilla de espuma sint\u00e9tica recambiable y de f\u00e1cil montaje.<\/li>\n<li>Sistema universal para adaptar al casco de alta flexibilidad.<\/li>\n<li>Consideradio diel\u00e9ctrico por no poseer ning\u00fan elemento met\u00e1lico.<\/li>\n<li>Tensi\u00f3n \u00fanica de ajuste en brazos.<\/li>\n<li>Posee el suficiente espacio para generar el acople a todo tipo de orejas, sea cual fuere su tama\u00f1o.<\/li>\n<\/ul>\n","protected":false},"excerpt":{"rendered":"<p>Protector auditivo adosable al casco HUNTER de CLUTE brinda protecci\u00f3n a los trabajadores que laboran en lugares donde los niveles de ruido superan los 85 dB(A)<\/p>\n","protected":false},"featured_media":2184,"comment_status":"open","ping_status":"closed","template":"","meta":{"site-sidebar-layout":"default","site-content-layout":"default","ast-main-header-display":"","ast-hfb-above-header-display":"","ast-hfb-below-header-display":"","ast-hfb-mobile-header-display":"","site-post-title":"","ast-breadcrumbs-content":"","ast-featured-img":"","footer-sml-layout":"","theme-transparent-header-meta":"default","adv-header-id-meta":"","stick-header-meta":"","header-above-stick-meta":"","header-main-stick-meta":"","header-below-stick-meta":""},"product_brand":[],"product_cat":[22],"product_tag":[],"class_list":{"0":"post-1451","1":"product","2":"type-product","3":"status-publish","4":"has-post-thumbnail","6":"product_cat-proteccion-auditiva","8":"first","9":"instock","10":"shipping-taxable","11":"product-type-simple"},"_links":{"self":[{"href":"https:\/\/eyrsecurity.com\/index.php?rest_route=\/wp\/v2\/product\/1451","targetHints":{"allow":["GET"]}}],"collection":[{"href":"https:\/\/eyrsecurity.com\/index.php?rest_route=\/wp\/v2\/product"}],"about":[{"href":"https:\/\/eyrsecurity.com\/index.php?rest_route=\/wp\/v2\/types\/product"}],"replies":[{"embeddable":true,"href":"https:\/\/eyrsecurity.com\/index.php?rest_route=%2Fwp%2Fv2%2Fcomments&post=1451"}],"wp:featuredmedia":[{"embeddable":true,"href":"https:\/\/eyrsecurity.com\/index.php?rest_route=\/wp\/v2\/media\/2184"}],"wp:attachment":[{"href":"https:\/\/eyrsecurity.com\/index.php?rest_route=%2Fwp%2Fv2%2Fmedia&parent=1451"}],"wp:term":[{"taxonomy":"product_brand","embeddable":true,"href":"https:\/\/eyrsecurity.com\/index.php?rest_route=%2Fwp%2Fv2%2Fproduct_brand&post=1451"},{"taxonomy":"product_cat","embeddable":true,"href":"https:\/\/eyrsecurity.com\/index.php?rest_route=%2Fwp%2Fv2%2Fproduct_cat&post=1451"},{"taxonomy":"product_tag","embeddable":true,"href":"https:\/\/eyrsecurity.com\/index.php?rest_route=%2Fwp%2Fv2%2Fproduct_tag&post=1451"}],"curies":[{"name":"wp","href":"https:\/\/api.w.org\/{rel}","templated":true}]}}