{"id":1450,"date":"2021-10-18T05:42:00","date_gmt":"2021-10-18T05:42:00","guid":{"rendered":"https:\/\/eyrsecurity.com\/?post_type=product&#038;p=1450"},"modified":"2021-10-23T01:06:55","modified_gmt":"2021-10-23T01:06:55","slug":"orejera-3m-h9a","status":"publish","type":"product","link":"https:\/\/eyrsecurity.com\/?product=orejera-3m-h9a","title":{"rendered":"OREJERA 3M H9A"},"content":{"rendered":"<ul>\n<li>La construcci\u00f3n de acero inoxidable es resistente a la flexi\u00f3n y la deformaci\u00f3n.<\/li>\n<li>Los puntos de giro se inclinan para comodidad y eficiencia \u00f3ptimas.<\/li>\n<li>Cojines de orejera ligeros con relleno de l\u00edquido\/espuma.<\/li>\n<li>Codificaci\u00f3n de color para cumplimiento de avistamiento.<\/li>\n<li>Para niveles de ruido de hasta 95 dBA<\/li>\n<\/ul>\n","protected":false},"excerpt":{"rendered":"<p>Protector auditivo tipo copa, ofrece protecci\u00f3n en ambientes de trabajo con niveles de ruido superiores a 85 dB<br \/>\nLas copas gemelas est\u00e1n acopladas ac\u00fasticamente lo que minimiza la resonancia y resulta en un super atenuador que brinda protecci\u00f3n efectiva contra ruido extremo, as\u00ed como \u00f3ptimo confort y un peso liviano. Cojinetes de suave espuma ofrecen un sello adecuado sin causar<br \/>\ndemasiada presi\u00f3n. Los cojinetes son f\u00e1ciles de reemplazar y su capa exterior est\u00e1 fabricada en pl\u00e1stico texturizado que facilita la ventilaci\u00f3n y aumenta su durabilidad.<\/p>\n","protected":false},"featured_media":2168,"comment_status":"open","ping_status":"closed","template":"","meta":{"site-sidebar-layout":"default","site-content-layout":"default","ast-main-header-display":"","ast-hfb-above-header-display":"","ast-hfb-below-header-display":"","ast-hfb-mobile-header-display":"","site-post-title":"","ast-breadcrumbs-content":"","ast-featured-img":"","footer-sml-layout":"","theme-transparent-header-meta":"default","adv-header-id-meta":"","stick-header-meta":"","header-above-stick-meta":"","header-main-stick-meta":"","header-below-stick-meta":""},"product_brand":[],"product_cat":[22],"product_tag":[],"class_list":{"0":"post-1450","1":"product","2":"type-product","3":"status-publish","4":"has-post-thumbnail","6":"product_cat-proteccion-auditiva","8":"first","9":"instock","10":"shipping-taxable","11":"product-type-simple"},"_links":{"self":[{"href":"https:\/\/eyrsecurity.com\/index.php?rest_route=\/wp\/v2\/product\/1450","targetHints":{"allow":["GET"]}}],"collection":[{"href":"https:\/\/eyrsecurity.com\/index.php?rest_route=\/wp\/v2\/product"}],"about":[{"href":"https:\/\/eyrsecurity.com\/index.php?rest_route=\/wp\/v2\/types\/product"}],"replies":[{"embeddable":true,"href":"https:\/\/eyrsecurity.com\/index.php?rest_route=%2Fwp%2Fv2%2Fcomments&post=1450"}],"wp:featuredmedia":[{"embeddable":true,"href":"https:\/\/eyrsecurity.com\/index.php?rest_route=\/wp\/v2\/media\/2168"}],"wp:attachment":[{"href":"https:\/\/eyrsecurity.com\/index.php?rest_route=%2Fwp%2Fv2%2Fmedia&parent=1450"}],"wp:term":[{"taxonomy":"product_brand","embeddable":true,"href":"https:\/\/eyrsecurity.com\/index.php?rest_route=%2Fwp%2Fv2%2Fproduct_brand&post=1450"},{"taxonomy":"product_cat","embeddable":true,"href":"https:\/\/eyrsecurity.com\/index.php?rest_route=%2Fwp%2Fv2%2Fproduct_cat&post=1450"},{"taxonomy":"product_tag","embeddable":true,"href":"https:\/\/eyrsecurity.com\/index.php?rest_route=%2Fwp%2Fv2%2Fproduct_tag&post=1450"}],"curies":[{"name":"wp","href":"https:\/\/api.w.org\/{rel}","templated":true}]}}