{"id":1443,"date":"2021-10-18T05:41:59","date_gmt":"2021-10-18T05:41:59","guid":{"rendered":"https:\/\/eyrsecurity.com\/?post_type=product&#038;p=1443"},"modified":"2021-10-18T06:36:05","modified_gmt":"2021-10-18T06:36:05","slug":"casco-v-gard-msa","status":"publish","type":"product","link":"https:\/\/eyrsecurity.com\/?product=casco-v-gard-msa","title":{"rendered":"CASCO V- GARD MSA"},"content":{"rendered":"<ul>\n<li>Los m\u00e1s altos niveles de protecci\u00f3n contra impacto y penetraci\u00f3n<\/li>\n<li>Superior ajuste e inmejorable comodidad<\/li>\n<li>Arneses con exclusivo ajuste en altura<\/li>\n<li>A\u00f1ada un protector facial para proteger los ojos y la cara<\/li>\n<li>Compatible con la protecci\u00f3n auditiva MSA incorporable a casco<\/li>\n<li>El popular y caracter\u00edstico dise\u00f1o del V-Gard ha llegado a ser la protecci\u00f3n de cabeza m\u00e1s fiable para millones de trabajadores de todo el mundo.<\/li>\n<li>Moldeado en HDPE, el V-Gard es ligero, c\u00f3modo y de gran robustez.<\/li>\n<li>Disponible en sus dos formatos: Casco y Sombrero<\/li>\n<\/ul>\n","protected":false},"excerpt":{"rendered":"<p>El casco V-Gard de MSA, con la \u201cV\u201d caracter\u00edstica de su marca registrada, es una marca reconocida a nivel mundial, famosa por su confort, calidad y durabilidad. MSA ha vendido m\u00e1s de 100 millones de cascos V-Gard desde su lanzamiento; tantos, de hecho, que la \u201cV\u201d ic\u00f3nica ha sido un pilar durante muchos a\u00f1os incluso en los emplazamientos m\u00e1s cr\u00edticos. Si est\u00e1 buscando el m\u00e1ximo nivel de confort, calidad y durabilidad, que acompa\u00f1a ya a millones de trabajadores en el mundo entero, est\u00e1 buscando el casco V-Gard original de MSA; no se contente con menos.<\/p>\n","protected":false},"featured_media":1744,"comment_status":"open","ping_status":"closed","template":"","meta":{"site-sidebar-layout":"default","site-content-layout":"default","ast-main-header-display":"","ast-hfb-above-header-display":"","ast-hfb-below-header-display":"","ast-hfb-mobile-header-display":"","site-post-title":"","ast-breadcrumbs-content":"","ast-featured-img":"","footer-sml-layout":"","theme-transparent-header-meta":"default","adv-header-id-meta":"","stick-header-meta":"","header-above-stick-meta":"","header-main-stick-meta":"","header-below-stick-meta":""},"product_brand":[],"product_cat":[20],"product_tag":[],"class_list":{"0":"post-1443","1":"product","2":"type-product","3":"status-publish","4":"has-post-thumbnail","6":"product_cat-proteccion-a-la-cabeza","8":"first","9":"instock","10":"shipping-taxable","11":"product-type-simple"},"_links":{"self":[{"href":"https:\/\/eyrsecurity.com\/index.php?rest_route=\/wp\/v2\/product\/1443","targetHints":{"allow":["GET"]}}],"collection":[{"href":"https:\/\/eyrsecurity.com\/index.php?rest_route=\/wp\/v2\/product"}],"about":[{"href":"https:\/\/eyrsecurity.com\/index.php?rest_route=\/wp\/v2\/types\/product"}],"replies":[{"embeddable":true,"href":"https:\/\/eyrsecurity.com\/index.php?rest_route=%2Fwp%2Fv2%2Fcomments&post=1443"}],"wp:featuredmedia":[{"embeddable":true,"href":"https:\/\/eyrsecurity.com\/index.php?rest_route=\/wp\/v2\/media\/1744"}],"wp:attachment":[{"href":"https:\/\/eyrsecurity.com\/index.php?rest_route=%2Fwp%2Fv2%2Fmedia&parent=1443"}],"wp:term":[{"taxonomy":"product_brand","embeddable":true,"href":"https:\/\/eyrsecurity.com\/index.php?rest_route=%2Fwp%2Fv2%2Fproduct_brand&post=1443"},{"taxonomy":"product_cat","embeddable":true,"href":"https:\/\/eyrsecurity.com\/index.php?rest_route=%2Fwp%2Fv2%2Fproduct_cat&post=1443"},{"taxonomy":"product_tag","embeddable":true,"href":"https:\/\/eyrsecurity.com\/index.php?rest_route=%2Fwp%2Fv2%2Fproduct_tag&post=1443"}],"curies":[{"name":"wp","href":"https:\/\/api.w.org\/{rel}","templated":true}]}}