{"id":1441,"date":"2021-10-18T05:41:59","date_gmt":"2021-10-18T05:41:59","guid":{"rendered":"https:\/\/eyrsecurity.com\/?post_type=product&#038;p=1441"},"modified":"2021-10-22T04:53:29","modified_gmt":"2021-10-22T04:53:29","slug":"lampara-minera-komba-rd4-5","status":"publish","type":"product","link":"https:\/\/eyrsecurity.com\/?product=lampara-minera-komba-rd4-5","title":{"rendered":"LAMPARA MINERA KOMBA RD4.5"},"content":{"rendered":"<h4 class=\"title-tab\">Descripci\u00f3n<\/h4>\n<ul>\n<li>Sistema de pulsaci\u00f3n ergon\u00f3mica .<\/li>\n<li>02 niveles de pulsaci\u00f3n ( Alta y Baja ).<\/li>\n<li>F\u00e1cil mantenimiento y reparaci\u00f3n.<\/li>\n<li>Sistema de fijaci\u00f3n al cintur\u00f3n y casco.<\/li>\n<li>Cuerpo resistente a los impactos, temperaturas moderada y sustancias corrosivas .<\/li>\n<\/ul>\n<h4><strong>Certificados :<\/strong><\/h4>\n<ul>\n<li>CNAS : Certificado : 1120030587<\/li>\n<li>INDECOPI \u2013 PERU: Certificado : N\u00b0-P00207529 N\u00b0-P00252141 N\u00b0-P00255690<\/li>\n<\/ul>\n","protected":false},"excerpt":{"rendered":"<p>La L\u00e1mpara de Seguridad KOMBA RD4.5 fue dise\u00f1ada en el Per\u00fa para un uso profesional: miner\u00eda subterr\u00e1nea, t\u00faneles, obras civiles, mantenimiento industrial, exploraci\u00f3n, pesca, equipos de bomberos y trabajos de rescate entre otros. La L\u00e1mpara KOMBA RD4.5 se identifica por ser compacta, ligera, tener un alto rendimiento de iluminaci\u00f3n, poseer una bater\u00eda recargable de Litio con una capacidad de hasta 40 horas de luz y certificada por la Universidad Nacional de Ingenier\u00eda del Per\u00fa.<\/p>\n","protected":false},"featured_media":2100,"comment_status":"open","ping_status":"closed","template":"","meta":{"site-sidebar-layout":"default","site-content-layout":"default","ast-main-header-display":"","ast-hfb-above-header-display":"","ast-hfb-below-header-display":"","ast-hfb-mobile-header-display":"","site-post-title":"","ast-breadcrumbs-content":"","ast-featured-img":"","footer-sml-layout":"","theme-transparent-header-meta":"default","adv-header-id-meta":"","stick-header-meta":"","header-above-stick-meta":"","header-main-stick-meta":"","header-below-stick-meta":""},"product_brand":[],"product_cat":[34,21],"product_tag":[],"class_list":{"0":"post-1441","1":"product","2":"type-product","3":"status-publish","4":"has-post-thumbnail","6":"product_cat-luminarias-y-linternas","7":"product_cat-proteccion-minera","9":"first","10":"instock","11":"shipping-taxable","12":"product-type-simple"},"_links":{"self":[{"href":"https:\/\/eyrsecurity.com\/index.php?rest_route=\/wp\/v2\/product\/1441","targetHints":{"allow":["GET"]}}],"collection":[{"href":"https:\/\/eyrsecurity.com\/index.php?rest_route=\/wp\/v2\/product"}],"about":[{"href":"https:\/\/eyrsecurity.com\/index.php?rest_route=\/wp\/v2\/types\/product"}],"replies":[{"embeddable":true,"href":"https:\/\/eyrsecurity.com\/index.php?rest_route=%2Fwp%2Fv2%2Fcomments&post=1441"}],"wp:featuredmedia":[{"embeddable":true,"href":"https:\/\/eyrsecurity.com\/index.php?rest_route=\/wp\/v2\/media\/2100"}],"wp:attachment":[{"href":"https:\/\/eyrsecurity.com\/index.php?rest_route=%2Fwp%2Fv2%2Fmedia&parent=1441"}],"wp:term":[{"taxonomy":"product_brand","embeddable":true,"href":"https:\/\/eyrsecurity.com\/index.php?rest_route=%2Fwp%2Fv2%2Fproduct_brand&post=1441"},{"taxonomy":"product_cat","embeddable":true,"href":"https:\/\/eyrsecurity.com\/index.php?rest_route=%2Fwp%2Fv2%2Fproduct_cat&post=1441"},{"taxonomy":"product_tag","embeddable":true,"href":"https:\/\/eyrsecurity.com\/index.php?rest_route=%2Fwp%2Fv2%2Fproduct_tag&post=1441"}],"curies":[{"name":"wp","href":"https:\/\/api.w.org\/{rel}","templated":true}]}}