{"id":1440,"date":"2021-10-18T05:41:59","date_gmt":"2021-10-18T05:41:59","guid":{"rendered":"https:\/\/eyrsecurity.com\/?post_type=product&#038;p=1440"},"modified":"2021-10-22T04:52:43","modified_gmt":"2021-10-22T04:52:43","slug":"lampara-minera-gloria-cargador","status":"publish","type":"product","link":"https:\/\/eyrsecurity.com\/?product=lampara-minera-gloria-cargador","title":{"rendered":"L\u00c1MPARA MINERA GLORIA + CARGADOR"},"content":{"rendered":"<ul>\n<li>L\u00e1mpara Minera de Tecnolog\u00eda LED: KJ3.5LM<\/li>\n<li>L\u00e1mpara liviana \u2013 F\u00e1cil operaci\u00f3n \u2013 Luz Principal y Secundaria (respalado)<\/li>\n<li>Tiempo de vida (500ciclos) -cargador incluido -autonom\u00eda 24 horas (led secundario) 14 horas (led principal)<\/li>\n<li>Tensi\u00f3n El\u00e9ctrica: 3.6 V<\/li>\n<li>Capacidad de Bater\u00eda: 6500 mAh<\/li>\n<li>Tiempo de Iluminaci\u00f3n: 17 horas<\/li>\n<li>Peso: 500 g<\/li>\n<li>Brillo: 3500 lux<\/li>\n<li>Tiempo de Carga: 8 \u2013 10 horas<\/li>\n<\/ul>\n","protected":false},"excerpt":{"rendered":"<p>L\u00e1mpara Minera de Tecnolog\u00eda LED: KJ3.5LM L\u00e1mpara liviana \u2013 F\u00e1cil operaci\u00f3n \u2013 Luz Principal y Secundaria (respalado) Tiempo de vida (500ciclos) -cargador incluido -autonom\u00eda 24 horas (led secundario) 14 horas (led principal) Tensi\u00f3n El\u00e9ctrica: 3.6 V Capacidad de Bater\u00eda: 6500 mAh Tiempo de Iluminaci\u00f3n: 17 horas Peso: 500 g Brillo: 3500 lux Tiempo de Carga: &hellip;<\/p>\n<p class=\"read-more\"> <a class=\"\" href=\"https:\/\/eyrsecurity.com\/?product=lampara-minera-gloria-cargador\"> <span class=\"screen-reader-text\">L\u00c1MPARA MINERA GLORIA + CARGADOR<\/span> Leer m\u00e1s &raquo;<\/a><\/p>\n","protected":false},"featured_media":2097,"comment_status":"open","ping_status":"closed","template":"","meta":{"site-sidebar-layout":"default","site-content-layout":"default","ast-main-header-display":"","ast-hfb-above-header-display":"","ast-hfb-below-header-display":"","ast-hfb-mobile-header-display":"","site-post-title":"","ast-breadcrumbs-content":"","ast-featured-img":"","footer-sml-layout":"","theme-transparent-header-meta":"default","adv-header-id-meta":"","stick-header-meta":"","header-above-stick-meta":"","header-main-stick-meta":"","header-below-stick-meta":""},"product_brand":[],"product_cat":[34,21],"product_tag":[],"class_list":{"0":"post-1440","1":"product","2":"type-product","3":"status-publish","4":"has-post-thumbnail","6":"product_cat-luminarias-y-linternas","7":"product_cat-proteccion-minera","9":"first","10":"instock","11":"shipping-taxable","12":"product-type-simple"},"_links":{"self":[{"href":"https:\/\/eyrsecurity.com\/index.php?rest_route=\/wp\/v2\/product\/1440","targetHints":{"allow":["GET"]}}],"collection":[{"href":"https:\/\/eyrsecurity.com\/index.php?rest_route=\/wp\/v2\/product"}],"about":[{"href":"https:\/\/eyrsecurity.com\/index.php?rest_route=\/wp\/v2\/types\/product"}],"replies":[{"embeddable":true,"href":"https:\/\/eyrsecurity.com\/index.php?rest_route=%2Fwp%2Fv2%2Fcomments&post=1440"}],"wp:featuredmedia":[{"embeddable":true,"href":"https:\/\/eyrsecurity.com\/index.php?rest_route=\/wp\/v2\/media\/2097"}],"wp:attachment":[{"href":"https:\/\/eyrsecurity.com\/index.php?rest_route=%2Fwp%2Fv2%2Fmedia&parent=1440"}],"wp:term":[{"taxonomy":"product_brand","embeddable":true,"href":"https:\/\/eyrsecurity.com\/index.php?rest_route=%2Fwp%2Fv2%2Fproduct_brand&post=1440"},{"taxonomy":"product_cat","embeddable":true,"href":"https:\/\/eyrsecurity.com\/index.php?rest_route=%2Fwp%2Fv2%2Fproduct_cat&post=1440"},{"taxonomy":"product_tag","embeddable":true,"href":"https:\/\/eyrsecurity.com\/index.php?rest_route=%2Fwp%2Fv2%2Fproduct_tag&post=1440"}],"curies":[{"name":"wp","href":"https:\/\/api.w.org\/{rel}","templated":true}]}}