{"id":1427,"date":"2021-10-18T05:41:57","date_gmt":"2021-10-18T05:41:57","guid":{"rendered":"https:\/\/eyrsecurity.com\/?post_type=product&#038;p=1427"},"modified":"2021-10-22T04:57:52","modified_gmt":"2021-10-22T04:57:52","slug":"luz-de-emergencia-8-hrs-9101-220led","status":"publish","type":"product","link":"https:\/\/eyrsecurity.com\/?product=luz-de-emergencia-8-hrs-9101-220led","title":{"rendered":"LUZ DE EMERGENCIA 8 HRS 9101-220(LED) OPALUX"},"content":{"rendered":"<p>\u2022 Luz de emergencia para centros comerciales, oficinas, edificios por departamentos, industria y comercios<br \/>\n\u2022 Producto Original, Nuevo, Sellado, Reci\u00e9n importado, certificado de operatividad, Cumple INDECI y NTP IEC 60598-2-22 sobre luminarias para alumbrado de emergencia<br \/>\n\u2022 Autonomia de 8hrs (2 faros) 16 Hrs (1 faro)<br \/>\n\u2022 Area cubierta 90M2 \/ 2 Faros direccionables<br \/>\n\u2022 14 Leds 6500K<br \/>\n\u2022 Equipo para adosar en pared de muy f\u00e1cil instalaci\u00f3n<\/p>\n","protected":false},"excerpt":{"rendered":"<p>Luz de emergencia para centros comerciales, oficinas, edificios por departamentos, industria y comercio en general, cumple con lo solicitado por INDECI para emergencias como incendios o sismos, permite salvar vidas; por su alto nivel de duraci\u00f3n permite utilizarse como lamparas ante falta de energ\u00eda el\u00e9ctrica.<\/p>\n","protected":false},"featured_media":2101,"comment_status":"open","ping_status":"closed","template":"","meta":{"site-sidebar-layout":"default","site-content-layout":"default","ast-main-header-display":"","ast-hfb-above-header-display":"","ast-hfb-below-header-display":"","ast-hfb-mobile-header-display":"","site-post-title":"","ast-breadcrumbs-content":"","ast-featured-img":"","footer-sml-layout":"","theme-transparent-header-meta":"default","adv-header-id-meta":"","stick-header-meta":"","header-above-stick-meta":"","header-main-stick-meta":"","header-below-stick-meta":""},"product_brand":[],"product_cat":[34],"product_tag":[],"class_list":{"0":"post-1427","1":"product","2":"type-product","3":"status-publish","4":"has-post-thumbnail","6":"product_cat-luminarias-y-linternas","8":"first","9":"instock","10":"shipping-taxable","11":"product-type-simple"},"_links":{"self":[{"href":"https:\/\/eyrsecurity.com\/index.php?rest_route=\/wp\/v2\/product\/1427","targetHints":{"allow":["GET"]}}],"collection":[{"href":"https:\/\/eyrsecurity.com\/index.php?rest_route=\/wp\/v2\/product"}],"about":[{"href":"https:\/\/eyrsecurity.com\/index.php?rest_route=\/wp\/v2\/types\/product"}],"replies":[{"embeddable":true,"href":"https:\/\/eyrsecurity.com\/index.php?rest_route=%2Fwp%2Fv2%2Fcomments&post=1427"}],"wp:featuredmedia":[{"embeddable":true,"href":"https:\/\/eyrsecurity.com\/index.php?rest_route=\/wp\/v2\/media\/2101"}],"wp:attachment":[{"href":"https:\/\/eyrsecurity.com\/index.php?rest_route=%2Fwp%2Fv2%2Fmedia&parent=1427"}],"wp:term":[{"taxonomy":"product_brand","embeddable":true,"href":"https:\/\/eyrsecurity.com\/index.php?rest_route=%2Fwp%2Fv2%2Fproduct_brand&post=1427"},{"taxonomy":"product_cat","embeddable":true,"href":"https:\/\/eyrsecurity.com\/index.php?rest_route=%2Fwp%2Fv2%2Fproduct_cat&post=1427"},{"taxonomy":"product_tag","embeddable":true,"href":"https:\/\/eyrsecurity.com\/index.php?rest_route=%2Fwp%2Fv2%2Fproduct_tag&post=1427"}],"curies":[{"name":"wp","href":"https:\/\/api.w.org\/{rel}","templated":true}]}}