{"id":1426,"date":"2021-10-18T05:41:57","date_gmt":"2021-10-18T05:41:57","guid":{"rendered":"https:\/\/eyrsecurity.com\/?post_type=product&#038;p=1426"},"modified":"2022-01-21T05:15:19","modified_gmt":"2022-01-21T05:15:19","slug":"mascara-de-soldar-fotosensible-510-libus","status":"publish","type":"product","link":"https:\/\/eyrsecurity.com\/?product=mascara-de-soldar-fotosensible-510-libus","title":{"rendered":"MASCARA DE SOLDAR FOTOSENSIBLE 510 LIBUS"},"content":{"rendered":"<h4>Caracter\u00edsticas<\/h4>\n<ul>\n<li>M\u00e1scara de dise\u00f1o ergon\u00f3mico y liviano<\/li>\n<li>Filtro de oscurecimiento autom\u00e1tico<\/li>\n<li>La m\u00e1scara STRONG WELDER es compatible con los filtros LIBUS Serie 800, 1000, 1500 y 2000<\/li>\n<li>Panel frontal reflectante del calor<\/li>\n<li>Ajuste externo del grado de filtrado<\/li>\n<li>Cobertura del cuello extendida<\/li>\n<li>Ranueras de ventilaci\u00f3n laterales para una r\u00e1pida liberaci\u00f3n del CO2 exhalado<\/li>\n<\/ul>\n","protected":false},"excerpt":{"rendered":"<p>Caracter\u00edsticas M\u00e1scara de dise\u00f1o ergon\u00f3mico y liviano Filtro de oscurecimiento autom\u00e1tico La m\u00e1scara STRONG WELDER es compatible con los filtros LIBUS Serie 800, 1000, 1500 y 2000 Panel frontal reflectante del calor Ajuste externo del grado de filtrado Cobertura del cuello extendida Ranueras de ventilaci\u00f3n laterales para una r\u00e1pida liberaci\u00f3n del CO2 exhalado<\/p>\n","protected":false},"featured_media":2914,"comment_status":"open","ping_status":"closed","template":"","meta":{"site-sidebar-layout":"default","site-content-layout":"default","ast-main-header-display":"","ast-hfb-above-header-display":"","ast-hfb-below-header-display":"","ast-hfb-mobile-header-display":"","site-post-title":"","ast-breadcrumbs-content":"","ast-featured-img":"","footer-sml-layout":"","theme-transparent-header-meta":"default","adv-header-id-meta":"","stick-header-meta":"","header-above-stick-meta":"","header-main-stick-meta":"","header-below-stick-meta":""},"product_brand":[],"product_cat":[32,23],"product_tag":[],"class_list":{"0":"post-1426","1":"product","2":"type-product","3":"status-publish","4":"has-post-thumbnail","6":"product_cat-proteccion-del-soldador","7":"product_cat-proteccion-visual-y-facial","9":"first","10":"instock","11":"shipping-taxable","12":"product-type-simple"},"_links":{"self":[{"href":"https:\/\/eyrsecurity.com\/index.php?rest_route=\/wp\/v2\/product\/1426","targetHints":{"allow":["GET"]}}],"collection":[{"href":"https:\/\/eyrsecurity.com\/index.php?rest_route=\/wp\/v2\/product"}],"about":[{"href":"https:\/\/eyrsecurity.com\/index.php?rest_route=\/wp\/v2\/types\/product"}],"replies":[{"embeddable":true,"href":"https:\/\/eyrsecurity.com\/index.php?rest_route=%2Fwp%2Fv2%2Fcomments&post=1426"}],"wp:featuredmedia":[{"embeddable":true,"href":"https:\/\/eyrsecurity.com\/index.php?rest_route=\/wp\/v2\/media\/2914"}],"wp:attachment":[{"href":"https:\/\/eyrsecurity.com\/index.php?rest_route=%2Fwp%2Fv2%2Fmedia&parent=1426"}],"wp:term":[{"taxonomy":"product_brand","embeddable":true,"href":"https:\/\/eyrsecurity.com\/index.php?rest_route=%2Fwp%2Fv2%2Fproduct_brand&post=1426"},{"taxonomy":"product_cat","embeddable":true,"href":"https:\/\/eyrsecurity.com\/index.php?rest_route=%2Fwp%2Fv2%2Fproduct_cat&post=1426"},{"taxonomy":"product_tag","embeddable":true,"href":"https:\/\/eyrsecurity.com\/index.php?rest_route=%2Fwp%2Fv2%2Fproduct_tag&post=1426"}],"curies":[{"name":"wp","href":"https:\/\/api.w.org\/{rel}","templated":true}]}}