{"id":1424,"date":"2021-10-18T05:41:57","date_gmt":"2021-10-18T05:41:57","guid":{"rendered":"https:\/\/eyrsecurity.com\/?post_type=product&#038;p=1424"},"modified":"2022-01-21T05:13:10","modified_gmt":"2022-01-21T05:13:10","slug":"mascara-soldador-500-libus","status":"publish","type":"product","link":"https:\/\/eyrsecurity.com\/?product=mascara-soldador-500-libus","title":{"rendered":"M\u00c1SCARA SOLDADOR 500 LIBUS"},"content":{"rendered":"<h4>Caracter\u00edsticas<\/h4>\n<ul>\n<li>Protegen los ojos y cara del trabajador contra quemaduras por radiaci\u00f3n, chispas, salpicaduras y part\u00edculas de metal caliente presentes en las tareas de soldadura (equipado con el filtro apropiado conforme recomendaci\u00f3n del est\u00e1ndar ANSI Z87.1).<\/li>\n<li>Fabricada en polipropileno (PP).<\/li>\n<li><strong>\u00a0<\/strong>Portafiltro rebatible y ventana de inspecci\u00f3n rectangulares.<\/li>\n<li><strong>\u00a0<\/strong>Dimensiones lente\/filtro: 50 x 108mm (no provisto; ver accesorios).<\/li>\n<li>Arn\u00e9s con regulaci\u00f3n a cremallera para ajuste a la cabeza y pin-lock para regulaci\u00f3n de luz vertical.<\/li>\n<li>Sudadera acolchada y absorbente. Removible y lavable.<\/li>\n<li>Rebatimiento de la m\u00e1scara con 2 posiciones de stop.<\/li>\n<li>Se recomienda utilizar anteojo Z87+ bajo la m\u00e1scara.<\/li>\n<\/ul>\n","protected":false},"excerpt":{"rendered":"<p>Caracter\u00edsticas Protegen los ojos y cara del trabajador contra quemaduras por radiaci\u00f3n, chispas, salpicaduras y part\u00edculas de metal caliente presentes en las tareas de soldadura (equipado con el filtro apropiado conforme recomendaci\u00f3n del est\u00e1ndar ANSI Z87.1). Fabricada en polipropileno (PP). \u00a0Portafiltro rebatible y ventana de inspecci\u00f3n rectangulares. \u00a0Dimensiones lente\/filtro: 50 x 108mm (no provisto; ver &hellip;<\/p>\n<p class=\"read-more\"> <a class=\"\" href=\"https:\/\/eyrsecurity.com\/?product=mascara-soldador-500-libus\"> <span class=\"screen-reader-text\">M\u00c1SCARA SOLDADOR 500 LIBUS<\/span> Leer m\u00e1s &raquo;<\/a><\/p>\n","protected":false},"featured_media":2909,"comment_status":"open","ping_status":"closed","template":"","meta":{"site-sidebar-layout":"default","site-content-layout":"default","ast-main-header-display":"","ast-hfb-above-header-display":"","ast-hfb-below-header-display":"","ast-hfb-mobile-header-display":"","site-post-title":"","ast-breadcrumbs-content":"","ast-featured-img":"","footer-sml-layout":"","theme-transparent-header-meta":"default","adv-header-id-meta":"","stick-header-meta":"","header-above-stick-meta":"","header-main-stick-meta":"","header-below-stick-meta":""},"product_brand":[],"product_cat":[32,23],"product_tag":[],"class_list":{"0":"post-1424","1":"product","2":"type-product","3":"status-publish","4":"has-post-thumbnail","6":"product_cat-proteccion-del-soldador","7":"product_cat-proteccion-visual-y-facial","9":"first","10":"instock","11":"shipping-taxable","12":"product-type-simple"},"_links":{"self":[{"href":"https:\/\/eyrsecurity.com\/index.php?rest_route=\/wp\/v2\/product\/1424","targetHints":{"allow":["GET"]}}],"collection":[{"href":"https:\/\/eyrsecurity.com\/index.php?rest_route=\/wp\/v2\/product"}],"about":[{"href":"https:\/\/eyrsecurity.com\/index.php?rest_route=\/wp\/v2\/types\/product"}],"replies":[{"embeddable":true,"href":"https:\/\/eyrsecurity.com\/index.php?rest_route=%2Fwp%2Fv2%2Fcomments&post=1424"}],"wp:featuredmedia":[{"embeddable":true,"href":"https:\/\/eyrsecurity.com\/index.php?rest_route=\/wp\/v2\/media\/2909"}],"wp:attachment":[{"href":"https:\/\/eyrsecurity.com\/index.php?rest_route=%2Fwp%2Fv2%2Fmedia&parent=1424"}],"wp:term":[{"taxonomy":"product_brand","embeddable":true,"href":"https:\/\/eyrsecurity.com\/index.php?rest_route=%2Fwp%2Fv2%2Fproduct_brand&post=1424"},{"taxonomy":"product_cat","embeddable":true,"href":"https:\/\/eyrsecurity.com\/index.php?rest_route=%2Fwp%2Fv2%2Fproduct_cat&post=1424"},{"taxonomy":"product_tag","embeddable":true,"href":"https:\/\/eyrsecurity.com\/index.php?rest_route=%2Fwp%2Fv2%2Fproduct_tag&post=1424"}],"curies":[{"name":"wp","href":"https:\/\/api.w.org\/{rel}","templated":true}]}}