{"id":1422,"date":"2021-10-18T05:41:56","date_gmt":"2021-10-18T05:41:56","guid":{"rendered":"https:\/\/eyrsecurity.com\/?post_type=product&#038;p=1422"},"modified":"2022-01-21T05:24:16","modified_gmt":"2022-01-21T05:24:16","slug":"mascara-de-soldar-apollo-steelpro","status":"publish","type":"product","link":"https:\/\/eyrsecurity.com\/?product=mascara-de-soldar-apollo-steelpro","title":{"rendered":"Mascara De Soldar Apollo Steelpro"},"content":{"rendered":"<h3>Caracter\u00edsticas<\/h3>\n<ul>\n<li>M\u00e1scara de protecci\u00f3n total de dise\u00f1o ergon\u00f3mico, para protecci\u00f3n del rostro<\/li>\n<li>Evitar diferentes peligros a los que se encuentra expuestos trabajadores en labores de soldadura.<\/li>\n<li>Protecci\u00f3n contra impactos de part\u00edculas a alta y baja velocidad.<\/li>\n<li>Fabricada en material termopl\u00e1stico de alta resistencia al calor.<\/li>\n<li>Resistencia a esquirlas incandescentes.<\/li>\n<li>Resistencia arco el\u00e9ctrico.<\/li>\n<li>Sistema de protecci\u00f3n visual, con filtro adecuado para rayos ultravioleta.<\/li>\n<li>Visor alzable.<\/li>\n<li>Incluye vidrio claro y vidrio oscuro G-11.<\/li>\n<li>Tafilete con ajustes tipo ratchet.<\/li>\n<li>Resistencia al impacto.<\/li>\n<li>Con freno que protege el ment\u00f3n cuando se baje la careta por cabeceo.<\/li>\n<\/ul>\n<div id=\"caracteristicas\"><\/div>\n","protected":false},"excerpt":{"rendered":"<p>El modelo APOLLO con arn\u00e9s posee visor alzable lo que simplifica la verificaci\u00f3n de la soldadura. Este modelo esta equipado con una banda de sujeci\u00f3n de cabeza de rotaci\u00f3n especial. El mecanismo de la banda permite que el centro de gravedad del arn\u00e9s coincida con el centro de gravedad de la cabeza del soldador.<\/p>\n","protected":false},"featured_media":2920,"comment_status":"open","ping_status":"closed","template":"","meta":{"site-sidebar-layout":"default","site-content-layout":"default","ast-main-header-display":"","ast-hfb-above-header-display":"","ast-hfb-below-header-display":"","ast-hfb-mobile-header-display":"","site-post-title":"","ast-breadcrumbs-content":"","ast-featured-img":"","footer-sml-layout":"","theme-transparent-header-meta":"default","adv-header-id-meta":"","stick-header-meta":"","header-above-stick-meta":"","header-main-stick-meta":"","header-below-stick-meta":""},"product_brand":[],"product_cat":[32,23],"product_tag":[],"class_list":{"0":"post-1422","1":"product","2":"type-product","3":"status-publish","4":"has-post-thumbnail","6":"product_cat-proteccion-del-soldador","7":"product_cat-proteccion-visual-y-facial","9":"first","10":"instock","11":"shipping-taxable","12":"product-type-simple"},"_links":{"self":[{"href":"https:\/\/eyrsecurity.com\/index.php?rest_route=\/wp\/v2\/product\/1422","targetHints":{"allow":["GET"]}}],"collection":[{"href":"https:\/\/eyrsecurity.com\/index.php?rest_route=\/wp\/v2\/product"}],"about":[{"href":"https:\/\/eyrsecurity.com\/index.php?rest_route=\/wp\/v2\/types\/product"}],"replies":[{"embeddable":true,"href":"https:\/\/eyrsecurity.com\/index.php?rest_route=%2Fwp%2Fv2%2Fcomments&post=1422"}],"wp:featuredmedia":[{"embeddable":true,"href":"https:\/\/eyrsecurity.com\/index.php?rest_route=\/wp\/v2\/media\/2920"}],"wp:attachment":[{"href":"https:\/\/eyrsecurity.com\/index.php?rest_route=%2Fwp%2Fv2%2Fmedia&parent=1422"}],"wp:term":[{"taxonomy":"product_brand","embeddable":true,"href":"https:\/\/eyrsecurity.com\/index.php?rest_route=%2Fwp%2Fv2%2Fproduct_brand&post=1422"},{"taxonomy":"product_cat","embeddable":true,"href":"https:\/\/eyrsecurity.com\/index.php?rest_route=%2Fwp%2Fv2%2Fproduct_cat&post=1422"},{"taxonomy":"product_tag","embeddable":true,"href":"https:\/\/eyrsecurity.com\/index.php?rest_route=%2Fwp%2Fv2%2Fproduct_tag&post=1422"}],"curies":[{"name":"wp","href":"https:\/\/api.w.org\/{rel}","templated":true}]}}