{"id":1415,"date":"2021-10-18T05:41:56","date_gmt":"2021-10-18T05:41:56","guid":{"rendered":"https:\/\/eyrsecurity.com\/?post_type=product&#038;p=1415"},"modified":"2022-01-21T06:08:18","modified_gmt":"2022-01-21T06:08:18","slug":"escarpin-de-cuero-res","status":"publish","type":"product","link":"https:\/\/eyrsecurity.com\/?product=escarpin-de-cuero-res","title":{"rendered":"ESCARPIN DE CUERO RES"},"content":{"rendered":"<h4>Usos:<\/h4>\n<p>\u2022 Para trabajos con riesgos mec\u00e1nicos y t\u00e9rmicos de nivel medio.<br \/>\n\u2022 Soldadura.<br \/>\n\u2022 Boca de Horno<\/p>\n<h4>Aplicaci\u00f3n:<\/h4>\n<p>\u2022 Cemento y ladrillera.<br \/>\n\u2022 Metalmec\u00e1nica.<br \/>\n\u2022 Siderurgia y fundici\u00f3n.<\/p>\n","protected":false},"excerpt":{"rendered":"<p>Escarpines fabricados con cuero de res amarillo.<\/p>\n<p>Dise\u00f1o en ca\u00f1a alta con m\u00ednima cantidad de costuras para mayor protecci\u00f3n y rendimiento. Costuras de hilo de poli\u00e9ster. Hebilla met\u00e1lica que\u00a0 asegura una buena fijaci\u00f3n y un desprendimiento r\u00e1pido (f\u00e1cil retiro del equipo en caso de emergencia). Seguro en el taco con correa de cuero fijado con remaches. Hebilla de ajuste de acero. Buena barrera contra las chispas y salpicaduras de metal fundido en operaciones de soldadura pesada y boca de horno.<\/p>\n","protected":false},"featured_media":2932,"comment_status":"open","ping_status":"closed","template":"","meta":{"site-sidebar-layout":"default","site-content-layout":"default","ast-main-header-display":"","ast-hfb-above-header-display":"","ast-hfb-below-header-display":"","ast-hfb-mobile-header-display":"","site-post-title":"","ast-breadcrumbs-content":"","ast-featured-img":"","footer-sml-layout":"","theme-transparent-header-meta":"default","adv-header-id-meta":"","stick-header-meta":"","header-above-stick-meta":"","header-main-stick-meta":"","header-below-stick-meta":""},"product_brand":[],"product_cat":[27,32],"product_tag":[],"class_list":{"0":"post-1415","1":"product","2":"type-product","3":"status-publish","4":"has-post-thumbnail","6":"product_cat-proteccion-a-los-pies","7":"product_cat-proteccion-del-soldador","9":"first","10":"instock","11":"shipping-taxable","12":"product-type-simple"},"_links":{"self":[{"href":"https:\/\/eyrsecurity.com\/index.php?rest_route=\/wp\/v2\/product\/1415","targetHints":{"allow":["GET"]}}],"collection":[{"href":"https:\/\/eyrsecurity.com\/index.php?rest_route=\/wp\/v2\/product"}],"about":[{"href":"https:\/\/eyrsecurity.com\/index.php?rest_route=\/wp\/v2\/types\/product"}],"replies":[{"embeddable":true,"href":"https:\/\/eyrsecurity.com\/index.php?rest_route=%2Fwp%2Fv2%2Fcomments&post=1415"}],"wp:featuredmedia":[{"embeddable":true,"href":"https:\/\/eyrsecurity.com\/index.php?rest_route=\/wp\/v2\/media\/2932"}],"wp:attachment":[{"href":"https:\/\/eyrsecurity.com\/index.php?rest_route=%2Fwp%2Fv2%2Fmedia&parent=1415"}],"wp:term":[{"taxonomy":"product_brand","embeddable":true,"href":"https:\/\/eyrsecurity.com\/index.php?rest_route=%2Fwp%2Fv2%2Fproduct_brand&post=1415"},{"taxonomy":"product_cat","embeddable":true,"href":"https:\/\/eyrsecurity.com\/index.php?rest_route=%2Fwp%2Fv2%2Fproduct_cat&post=1415"},{"taxonomy":"product_tag","embeddable":true,"href":"https:\/\/eyrsecurity.com\/index.php?rest_route=%2Fwp%2Fv2%2Fproduct_tag&post=1415"}],"curies":[{"name":"wp","href":"https:\/\/api.w.org\/{rel}","templated":true}]}}