{"id":1414,"date":"2021-10-18T05:41:56","date_gmt":"2021-10-18T05:41:56","guid":{"rendered":"https:\/\/eyrsecurity.com\/?post_type=product&#038;p=1414"},"modified":"2022-01-21T06:08:52","modified_gmt":"2022-01-21T06:08:52","slug":"escarpin-de-cuero-cromo","status":"publish","type":"product","link":"https:\/\/eyrsecurity.com\/?product=escarpin-de-cuero-cromo","title":{"rendered":"ESCARPIN DE CUERO CROMO"},"content":{"rendered":"<h4>Beneficios:<\/h4>\n<ul>\n<li>Escarpines de amplia cobertura para trabajos exigentes.<\/li>\n<li>Velco de 2&#8243; permite un buen ajuste en pierna y facilita su retiro en caso de emergencia.<\/li>\n<li>Correa graduable de cuero laqueado con hebilla y remaches provee de buena fijaci\u00f3n en el taco.<\/li>\n<li>Protecci\u00f3n contra riesgos mec\u00e1nicos y termicos de nivel Medio. Optima protecci\u00f3n contra salpicaduras de metal fundido y chispas.<\/li>\n<\/ul>\n","protected":false},"excerpt":{"rendered":"<p>Escarpin de cuero cromo modelo clasico, protege el calzado de seguridad de chispas producidas por la soldadura.<\/p>\n","protected":false},"featured_media":2931,"comment_status":"open","ping_status":"closed","template":"","meta":{"site-sidebar-layout":"default","site-content-layout":"default","ast-main-header-display":"","ast-hfb-above-header-display":"","ast-hfb-below-header-display":"","ast-hfb-mobile-header-display":"","site-post-title":"","ast-breadcrumbs-content":"","ast-featured-img":"","footer-sml-layout":"","theme-transparent-header-meta":"default","adv-header-id-meta":"","stick-header-meta":"","header-above-stick-meta":"","header-main-stick-meta":"","header-below-stick-meta":""},"product_brand":[],"product_cat":[27,32],"product_tag":[],"class_list":{"0":"post-1414","1":"product","2":"type-product","3":"status-publish","4":"has-post-thumbnail","6":"product_cat-proteccion-a-los-pies","7":"product_cat-proteccion-del-soldador","9":"first","10":"instock","11":"shipping-taxable","12":"product-type-simple"},"_links":{"self":[{"href":"https:\/\/eyrsecurity.com\/index.php?rest_route=\/wp\/v2\/product\/1414","targetHints":{"allow":["GET"]}}],"collection":[{"href":"https:\/\/eyrsecurity.com\/index.php?rest_route=\/wp\/v2\/product"}],"about":[{"href":"https:\/\/eyrsecurity.com\/index.php?rest_route=\/wp\/v2\/types\/product"}],"replies":[{"embeddable":true,"href":"https:\/\/eyrsecurity.com\/index.php?rest_route=%2Fwp%2Fv2%2Fcomments&post=1414"}],"wp:featuredmedia":[{"embeddable":true,"href":"https:\/\/eyrsecurity.com\/index.php?rest_route=\/wp\/v2\/media\/2931"}],"wp:attachment":[{"href":"https:\/\/eyrsecurity.com\/index.php?rest_route=%2Fwp%2Fv2%2Fmedia&parent=1414"}],"wp:term":[{"taxonomy":"product_brand","embeddable":true,"href":"https:\/\/eyrsecurity.com\/index.php?rest_route=%2Fwp%2Fv2%2Fproduct_brand&post=1414"},{"taxonomy":"product_cat","embeddable":true,"href":"https:\/\/eyrsecurity.com\/index.php?rest_route=%2Fwp%2Fv2%2Fproduct_cat&post=1414"},{"taxonomy":"product_tag","embeddable":true,"href":"https:\/\/eyrsecurity.com\/index.php?rest_route=%2Fwp%2Fv2%2Fproduct_tag&post=1414"}],"curies":[{"name":"wp","href":"https:\/\/api.w.org\/{rel}","templated":true}]}}