{"id":1413,"date":"2021-10-18T05:41:56","date_gmt":"2021-10-18T05:41:56","guid":{"rendered":"https:\/\/eyrsecurity.com\/?post_type=product&#038;p=1413"},"modified":"2022-01-21T05:16:03","modified_gmt":"2022-01-21T05:16:03","slug":"lente-oxicorte","status":"publish","type":"product","link":"https:\/\/eyrsecurity.com\/?product=lente-oxicorte","title":{"rendered":"LENTE OXICORTE"},"content":{"rendered":"<div class=\"elementor-element elementor-element-1c3fae5 ob-harakiri-inherit elementor-widget elementor-widget-heading\" data-id=\"1c3fae5\" data-element_type=\"widget\" data-settings=\"{&quot;_ob_harakiri_writing_mode&quot;:&quot;inherit&quot;,&quot;_ob_perspektive_use&quot;:&quot;no&quot;,&quot;_ob_shadough_use&quot;:&quot;no&quot;,&quot;_ob_allow_hoveranimator&quot;:&quot;no&quot;,&quot;_ob_widget_stalker_use&quot;:&quot;no&quot;}\" data-widget_type=\"heading.default\">\n<div class=\"elementor-widget-container\">\n<h4 class=\"elementor-heading-title elementor-size-default\">Descripci\u00f3n del producto<\/h4>\n<\/div>\n<\/div>\n<div class=\"elementor-element elementor-element-6e8f5177 elementor-widget elementor-widget-woocommerce-product-short-description\" data-id=\"6e8f5177\" data-element_type=\"widget\" data-settings=\"{&quot;_ob_perspektive_use&quot;:&quot;no&quot;,&quot;_ob_shadough_use&quot;:&quot;no&quot;,&quot;_ob_allow_hoveranimator&quot;:&quot;no&quot;,&quot;_ob_widget_stalker_use&quot;:&quot;no&quot;}\" data-widget_type=\"woocommerce-product-short-description.default\">\n<div class=\"elementor-widget-container\">\n<div class=\"woocommerce-product-details__short-description\">\n<ul>\n<li>Gafas para soldar con lentes claros y obscuros sombra No. 6<\/li>\n<li>C\u00f3modas y ligeras que se ajustan a cualquier tipo de cara.<\/li>\n<li>Utilizada en proceso de soldar y corte de oxiacetileno para trabajos continuos<\/li>\n<li>M\u00e1xima ventilaci\u00f3n sin empa\u00f1amiento<\/li>\n<\/ul>\n<\/div>\n<\/div>\n<\/div>\n","protected":false},"excerpt":{"rendered":"<p>Descripci\u00f3n del producto Gafas para soldar con lentes claros y obscuros sombra No. 6 C\u00f3modas y ligeras que se ajustan a cualquier tipo de cara. Utilizada en proceso de soldar y corte de oxiacetileno para trabajos continuos M\u00e1xima ventilaci\u00f3n sin empa\u00f1amiento<\/p>\n","protected":false},"featured_media":2915,"comment_status":"open","ping_status":"closed","template":"","meta":{"site-sidebar-layout":"default","site-content-layout":"default","ast-main-header-display":"","ast-hfb-above-header-display":"","ast-hfb-below-header-display":"","ast-hfb-mobile-header-display":"","site-post-title":"","ast-breadcrumbs-content":"","ast-featured-img":"","footer-sml-layout":"","theme-transparent-header-meta":"default","adv-header-id-meta":"","stick-header-meta":"","header-above-stick-meta":"","header-main-stick-meta":"","header-below-stick-meta":""},"product_brand":[],"product_cat":[32,23],"product_tag":[],"class_list":{"0":"post-1413","1":"product","2":"type-product","3":"status-publish","4":"has-post-thumbnail","6":"product_cat-proteccion-del-soldador","7":"product_cat-proteccion-visual-y-facial","9":"first","10":"instock","11":"shipping-taxable","12":"product-type-simple"},"_links":{"self":[{"href":"https:\/\/eyrsecurity.com\/index.php?rest_route=\/wp\/v2\/product\/1413","targetHints":{"allow":["GET"]}}],"collection":[{"href":"https:\/\/eyrsecurity.com\/index.php?rest_route=\/wp\/v2\/product"}],"about":[{"href":"https:\/\/eyrsecurity.com\/index.php?rest_route=\/wp\/v2\/types\/product"}],"replies":[{"embeddable":true,"href":"https:\/\/eyrsecurity.com\/index.php?rest_route=%2Fwp%2Fv2%2Fcomments&post=1413"}],"wp:featuredmedia":[{"embeddable":true,"href":"https:\/\/eyrsecurity.com\/index.php?rest_route=\/wp\/v2\/media\/2915"}],"wp:attachment":[{"href":"https:\/\/eyrsecurity.com\/index.php?rest_route=%2Fwp%2Fv2%2Fmedia&parent=1413"}],"wp:term":[{"taxonomy":"product_brand","embeddable":true,"href":"https:\/\/eyrsecurity.com\/index.php?rest_route=%2Fwp%2Fv2%2Fproduct_brand&post=1413"},{"taxonomy":"product_cat","embeddable":true,"href":"https:\/\/eyrsecurity.com\/index.php?rest_route=%2Fwp%2Fv2%2Fproduct_cat&post=1413"},{"taxonomy":"product_tag","embeddable":true,"href":"https:\/\/eyrsecurity.com\/index.php?rest_route=%2Fwp%2Fv2%2Fproduct_tag&post=1413"}],"curies":[{"name":"wp","href":"https:\/\/api.w.org\/{rel}","templated":true}]}}