{"id":1409,"date":"2021-10-18T05:41:56","date_gmt":"2021-10-18T05:41:56","guid":{"rendered":"https:\/\/eyrsecurity.com\/?post_type=product&#038;p=1409"},"modified":"2022-01-21T06:07:17","modified_gmt":"2022-01-21T06:07:17","slug":"gorro-chavito-soldador-arabe","status":"publish","type":"product","link":"https:\/\/eyrsecurity.com\/?product=gorro-chavito-soldador-arabe","title":{"rendered":"GORRO CHAVITO SOLDADOR ARABE"},"content":{"rendered":"<p>Cuenta con pega ajustable que se adapta al ment\u00f3n. Hecho en jean algod\u00f3n. Sin desgaste y uso en construcciones en general.<\/p>\n","protected":false},"excerpt":{"rendered":"<p>Tipo arabe: tela jean demin, ideal para trabajos de soldadura sobrecabeza evitando quemaduras generadas por la soldadura en la cabeza del soldador.\u00a0Prot\u00e9gete ante el sol y el polvo con este protector tipo \u00e1rabe. Cuenta con pega ajustable que se adapta al ment\u00f3n. Ideal para todo tipo de construcciones<\/p>\n","protected":false},"featured_media":2934,"comment_status":"open","ping_status":"closed","template":"","meta":{"site-sidebar-layout":"default","site-content-layout":"default","ast-main-header-display":"","ast-hfb-above-header-display":"","ast-hfb-below-header-display":"","ast-hfb-mobile-header-display":"","site-post-title":"","ast-breadcrumbs-content":"","ast-featured-img":"","footer-sml-layout":"","theme-transparent-header-meta":"default","adv-header-id-meta":"","stick-header-meta":"","header-above-stick-meta":"","header-main-stick-meta":"","header-below-stick-meta":""},"product_brand":[],"product_cat":[20,32],"product_tag":[],"class_list":{"0":"post-1409","1":"product","2":"type-product","3":"status-publish","4":"has-post-thumbnail","6":"product_cat-proteccion-a-la-cabeza","7":"product_cat-proteccion-del-soldador","9":"first","10":"instock","11":"shipping-taxable","12":"product-type-simple"},"_links":{"self":[{"href":"https:\/\/eyrsecurity.com\/index.php?rest_route=\/wp\/v2\/product\/1409","targetHints":{"allow":["GET"]}}],"collection":[{"href":"https:\/\/eyrsecurity.com\/index.php?rest_route=\/wp\/v2\/product"}],"about":[{"href":"https:\/\/eyrsecurity.com\/index.php?rest_route=\/wp\/v2\/types\/product"}],"replies":[{"embeddable":true,"href":"https:\/\/eyrsecurity.com\/index.php?rest_route=%2Fwp%2Fv2%2Fcomments&post=1409"}],"wp:featuredmedia":[{"embeddable":true,"href":"https:\/\/eyrsecurity.com\/index.php?rest_route=\/wp\/v2\/media\/2934"}],"wp:attachment":[{"href":"https:\/\/eyrsecurity.com\/index.php?rest_route=%2Fwp%2Fv2%2Fmedia&parent=1409"}],"wp:term":[{"taxonomy":"product_brand","embeddable":true,"href":"https:\/\/eyrsecurity.com\/index.php?rest_route=%2Fwp%2Fv2%2Fproduct_brand&post=1409"},{"taxonomy":"product_cat","embeddable":true,"href":"https:\/\/eyrsecurity.com\/index.php?rest_route=%2Fwp%2Fv2%2Fproduct_cat&post=1409"},{"taxonomy":"product_tag","embeddable":true,"href":"https:\/\/eyrsecurity.com\/index.php?rest_route=%2Fwp%2Fv2%2Fproduct_tag&post=1409"}],"curies":[{"name":"wp","href":"https:\/\/api.w.org\/{rel}","templated":true}]}}