{"id":1405,"date":"2021-10-18T05:41:54","date_gmt":"2021-10-18T05:41:54","guid":{"rendered":"https:\/\/eyrsecurity.com\/?post_type=product&#038;p=1405"},"modified":"2021-10-22T02:34:42","modified_gmt":"2021-10-22T02:34:42","slug":"cinta-reflectiva-3m-rojo-y-blanco","status":"publish","type":"product","link":"https:\/\/eyrsecurity.com\/?product=cinta-reflectiva-3m-rojo-y-blanco","title":{"rendered":"CINTA REFLECTIVA 3M ROJO Y BLANCO"},"content":{"rendered":"<h4>Ventajas<\/h4>\n<p>\u2022 Revestimiento retrorreflectante, microprism\u00e1tico y duradero.<br \/>\n\u2022 Disponible en rollos de 50 mm de anchura, homologados seg\u00fan la norma UN\/ECE 104.<br \/>\n\u2022 Para aplicaci\u00f3n en veh\u00edculos r\u00edgidos.<br \/>\n\u2022 Excelente angularidad tanto en horizontal como en vertical.<br \/>\n\u2022 F\u00e1cil de aplicar.<br \/>\n\u2022 Durabilidad exterior de hasta 3 a\u00f1os.<br \/>\n\u2022 El revestimiento resiste a los vapores de combustible y los vertidos ocasionales.<br \/>\n\u2022 Serigrafiable.<\/p>\n","protected":false},"excerpt":{"rendered":"<p>La cinta de se\u00f1alizaci\u00f3n para veh\u00edculos laterales 3M\u2122 Diamond Grade\u2122 Serie 983 es una l\u00e1mina altamente retrorreflectante que consiste en\u00a0 lentes prism\u00e1ticas en una resina transparente y duradera, sellada en una pel\u00edcula sint\u00e9tica y consolidada con un adhesivo sensible a presi\u00f3n con un revestimiento protector.<\/p>\n","protected":false},"featured_media":2050,"comment_status":"open","ping_status":"closed","template":"","meta":{"site-sidebar-layout":"default","site-content-layout":"default","ast-main-header-display":"","ast-hfb-above-header-display":"","ast-hfb-below-header-display":"","ast-hfb-mobile-header-display":"","site-post-title":"","ast-breadcrumbs-content":"","ast-featured-img":"","footer-sml-layout":"","theme-transparent-header-meta":"default","adv-header-id-meta":"","stick-header-meta":"","header-above-stick-meta":"","header-main-stick-meta":"","header-below-stick-meta":""},"product_brand":[],"product_cat":[31],"product_tag":[],"class_list":{"0":"post-1405","1":"product","2":"type-product","3":"status-publish","4":"has-post-thumbnail","6":"product_cat-seguridad-vial","8":"first","9":"instock","10":"shipping-taxable","11":"product-type-simple"},"_links":{"self":[{"href":"https:\/\/eyrsecurity.com\/index.php?rest_route=\/wp\/v2\/product\/1405","targetHints":{"allow":["GET"]}}],"collection":[{"href":"https:\/\/eyrsecurity.com\/index.php?rest_route=\/wp\/v2\/product"}],"about":[{"href":"https:\/\/eyrsecurity.com\/index.php?rest_route=\/wp\/v2\/types\/product"}],"replies":[{"embeddable":true,"href":"https:\/\/eyrsecurity.com\/index.php?rest_route=%2Fwp%2Fv2%2Fcomments&post=1405"}],"wp:featuredmedia":[{"embeddable":true,"href":"https:\/\/eyrsecurity.com\/index.php?rest_route=\/wp\/v2\/media\/2050"}],"wp:attachment":[{"href":"https:\/\/eyrsecurity.com\/index.php?rest_route=%2Fwp%2Fv2%2Fmedia&parent=1405"}],"wp:term":[{"taxonomy":"product_brand","embeddable":true,"href":"https:\/\/eyrsecurity.com\/index.php?rest_route=%2Fwp%2Fv2%2Fproduct_brand&post=1405"},{"taxonomy":"product_cat","embeddable":true,"href":"https:\/\/eyrsecurity.com\/index.php?rest_route=%2Fwp%2Fv2%2Fproduct_cat&post=1405"},{"taxonomy":"product_tag","embeddable":true,"href":"https:\/\/eyrsecurity.com\/index.php?rest_route=%2Fwp%2Fv2%2Fproduct_tag&post=1405"}],"curies":[{"name":"wp","href":"https:\/\/api.w.org\/{rel}","templated":true}]}}